{"id":2374,"date":"2023-07-26T12:05:45","date_gmt":"2023-07-26T09:05:45","guid":{"rendered":"https:\/\/hydrogen-ukraine.com\/?page_id=2374"},"modified":"2024-02-15T13:30:21","modified_gmt":"2024-02-15T11:30:21","slug":"la-cooperation-internationale-de-lukraine-dans-le-domaine-de-lhydrogene","status":"publish","type":"page","link":"https:\/\/hydrogen-ukraine.com\/fr\/la-cooperation-internationale-de-lukraine-dans-le-domaine-de-lhydrogene\/","title":{"rendered":"La coop\u00e9ration internationale de l&rsquo;Ukraine dans le domaine de l&rsquo;hydrog\u00e8ne"},"content":{"rendered":"\t\t<div data-elementor-type=\"wp-page\" data-elementor-id=\"2374\" class=\"elementor elementor-2374 elementor-17\" data-elementor-post-type=\"page\">\n\t\t\t\t\t\t<section class=\"elementor-section elementor-top-section elementor-element elementor-element-3c54d85 elementor-section-boxed elementor-section-height-default elementor-section-height-default wpr-particle-no wpr-jarallax-no wpr-parallax-no wpr-sticky-section-no\" data-id=\"3c54d85\" data-element_type=\"section\">\n\t\t\t\t\t\t<div class=\"elementor-container elementor-column-gap-default\">\n\t\t\t\t\t<div class=\"elementor-column elementor-col-50 elementor-top-column elementor-element elementor-element-607f678 elementor-hidden-tablet elementor-hidden-mobile\" data-id=\"607f678\" data-element_type=\"column\">\n\t\t\t<div class=\"elementor-widget-wrap elementor-element-populated\">\n\t\t\t\t\t\t<div class=\"elementor-element elementor-element-c2d5273 elementor-nav-menu--dropdown-none elementor-widget__width-initial elementor-widget elementor-widget-nav-menu\" data-id=\"c2d5273\" data-element_type=\"widget\" data-settings=\"{&quot;layout&quot;:&quot;vertical&quot;,&quot;submenu_icon&quot;:{&quot;value&quot;:&quot;&lt;i class=\\&quot;fas fa-caret-down\\&quot;&gt;&lt;\\\/i&gt;&quot;,&quot;library&quot;:&quot;fa-solid&quot;}}\" data-widget_type=\"nav-menu.default\">\n\t\t\t\t<div class=\"elementor-widget-container\">\n\t\t\t<link rel=\"stylesheet\" href=\"https:\/\/hydrogen-ukraine.com\/wp-content\/plugins\/elementor-pro\/assets\/css\/widget-nav-menu.min.css\">\t\t\t<nav class=\"elementor-nav-menu--main elementor-nav-menu__container elementor-nav-menu--layout-vertical e--pointer-underline e--animation-fade\">\n\t\t\t\t<ul id=\"menu-1-c2d5273\" class=\"elementor-nav-menu sm-vertical\"><li class=\"menu-item menu-item-type-post_type menu-item-object-page menu-item-2403\"><a href=\"https:\/\/hydrogen-ukraine.com\/en\/conditions-for-connection-to-the-ukrainian-energy-system-obtaining-teo-tu\/\" class=\"elementor-item\">Conditions for connection to the Ukrainian energy system<\/a><\/li>\n<li class=\"menu-item menu-item-type-post_type menu-item-object-page menu-item-2404\"><a href=\"https:\/\/hydrogen-ukraine.com\/en\/integration-of-ukraine-into-the-european-energy-system\/\" class=\"elementor-item\">Integration of Ukraine into the European energy system<\/a><\/li>\n<li class=\"menu-item menu-item-type-post_type menu-item-object-page menu-item-2405\"><a href=\"https:\/\/hydrogen-ukraine.com\/en\/ukraines-hydrogen-strategy-and-government-guarantees-of-its-implementation\/\" class=\"elementor-item\">Ukraine\u2019s Hydrogen Strategy and Government Guarantees<\/a><\/li>\n<li class=\"menu-item menu-item-type-post_type menu-item-object-page menu-item-2406\"><a href=\"https:\/\/hydrogen-ukraine.com\/en\/protection-of-foreign-environmental-investments-in-ukraine\/\" class=\"elementor-item\">Protection of Foreign Environmental Investments in Ukraine<\/a><\/li>\n<li class=\"menu-item menu-item-type-post_type menu-item-object-page menu-item-2407\"><a href=\"https:\/\/hydrogen-ukraine.com\/en\/international-cooperation-of-ukraine-in-the-hydrogen-sector\/\" class=\"elementor-item\">International cooperation of Ukraine in the hydrogen sector<\/a><\/li>\n<li class=\"menu-item menu-item-type-post_type menu-item-object-page menu-item-2408\"><a href=\"https:\/\/hydrogen-ukraine.com\/en\/taxation-of-green-energy-and-dividend-taxation\/\" class=\"elementor-item\">Taxation of green energy and dividend taxation<\/a><\/li>\n<li class=\"menu-item menu-item-type-post_type menu-item-object-page menu-item-2409\"><a href=\"https:\/\/hydrogen-ukraine.com\/en\/legal-regulation-of-hydrogen-energy-in-ukraine\/\" class=\"elementor-item\">Legal Regulation of Hydrogen Energy in Ukraine<\/a><\/li>\n<li class=\"menu-item menu-item-type-post_type menu-item-object-page menu-item-2410\"><a href=\"https:\/\/hydrogen-ukraine.com\/en\/conditions-for-setting-up-a-business-in-ukraine\/\" class=\"elementor-item\">Conditions for Setting up a Business in Ukraine<\/a><\/li>\n<\/ul>\t\t\t<\/nav>\n\t\t\t\t\t\t<nav class=\"elementor-nav-menu--dropdown elementor-nav-menu__container\" aria-hidden=\"true\">\n\t\t\t\t<ul id=\"menu-2-c2d5273\" class=\"elementor-nav-menu sm-vertical\"><li class=\"menu-item menu-item-type-post_type menu-item-object-page menu-item-2403\"><a href=\"https:\/\/hydrogen-ukraine.com\/en\/conditions-for-connection-to-the-ukrainian-energy-system-obtaining-teo-tu\/\" class=\"elementor-item\" tabindex=\"-1\">Conditions for connection to the Ukrainian energy system<\/a><\/li>\n<li class=\"menu-item menu-item-type-post_type menu-item-object-page menu-item-2404\"><a href=\"https:\/\/hydrogen-ukraine.com\/en\/integration-of-ukraine-into-the-european-energy-system\/\" class=\"elementor-item\" tabindex=\"-1\">Integration of Ukraine into the European energy system<\/a><\/li>\n<li class=\"menu-item menu-item-type-post_type menu-item-object-page menu-item-2405\"><a href=\"https:\/\/hydrogen-ukraine.com\/en\/ukraines-hydrogen-strategy-and-government-guarantees-of-its-implementation\/\" class=\"elementor-item\" tabindex=\"-1\">Ukraine\u2019s Hydrogen Strategy and Government Guarantees<\/a><\/li>\n<li class=\"menu-item menu-item-type-post_type menu-item-object-page menu-item-2406\"><a href=\"https:\/\/hydrogen-ukraine.com\/en\/protection-of-foreign-environmental-investments-in-ukraine\/\" class=\"elementor-item\" tabindex=\"-1\">Protection of Foreign Environmental Investments in Ukraine<\/a><\/li>\n<li class=\"menu-item menu-item-type-post_type menu-item-object-page menu-item-2407\"><a href=\"https:\/\/hydrogen-ukraine.com\/en\/international-cooperation-of-ukraine-in-the-hydrogen-sector\/\" class=\"elementor-item\" tabindex=\"-1\">International cooperation of Ukraine in the hydrogen sector<\/a><\/li>\n<li class=\"menu-item menu-item-type-post_type menu-item-object-page menu-item-2408\"><a href=\"https:\/\/hydrogen-ukraine.com\/en\/taxation-of-green-energy-and-dividend-taxation\/\" class=\"elementor-item\" tabindex=\"-1\">Taxation of green energy and dividend taxation<\/a><\/li>\n<li class=\"menu-item menu-item-type-post_type menu-item-object-page menu-item-2409\"><a href=\"https:\/\/hydrogen-ukraine.com\/en\/legal-regulation-of-hydrogen-energy-in-ukraine\/\" class=\"elementor-item\" tabindex=\"-1\">Legal Regulation of Hydrogen Energy in Ukraine<\/a><\/li>\n<li class=\"menu-item menu-item-type-post_type menu-item-object-page menu-item-2410\"><a href=\"https:\/\/hydrogen-ukraine.com\/en\/conditions-for-setting-up-a-business-in-ukraine\/\" class=\"elementor-item\" tabindex=\"-1\">Conditions for Setting up a Business in Ukraine<\/a><\/li>\n<\/ul>\t\t\t<\/nav>\n\t\t\t\t<\/div>\n\t\t\t\t<\/div>\n\t\t\t\t\t<\/div>\n\t\t<\/div>\n\t\t\t\t<div class=\"elementor-column elementor-col-50 elementor-top-column elementor-element elementor-element-81f5364\" data-id=\"81f5364\" data-element_type=\"column\" data-settings=\"{&quot;background_background&quot;:&quot;classic&quot;}\">\n\t\t\t<div class=\"elementor-widget-wrap elementor-element-populated\">\n\t\t\t\t\t\t<div class=\"elementor-element elementor-element-69ba14a7 elementor-widget elementor-widget-text-editor\" data-id=\"69ba14a7\" data-element_type=\"widget\" data-widget_type=\"text-editor.default\">\n\t\t\t\t<div class=\"elementor-widget-container\">\n\t\t\t<style>\/*! elementor - v3.22.0 - 26-06-2024 *\/\n.elementor-widget-text-editor.elementor-drop-cap-view-stacked .elementor-drop-cap{background-color:#69727d;color:#fff}.elementor-widget-text-editor.elementor-drop-cap-view-framed .elementor-drop-cap{color:#69727d;border:3px solid;background-color:transparent}.elementor-widget-text-editor:not(.elementor-drop-cap-view-default) .elementor-drop-cap{margin-top:8px}.elementor-widget-text-editor:not(.elementor-drop-cap-view-default) .elementor-drop-cap-letter{width:1em;height:1em}.elementor-widget-text-editor .elementor-drop-cap{float:left;text-align:center;line-height:1;font-size:50px}.elementor-widget-text-editor .elementor-drop-cap-letter{display:inline-block}<\/style>\t\t\t\t<p><span style=\"font-weight: 400;\">L&rsquo;Ukraine est activement engag\u00e9e dans la coop\u00e9ration internationale dans le domaine de l&rsquo;hydrog\u00e8ne, ax\u00e9e sur le d\u00e9veloppement de l&rsquo;\u00e9nergie et des technologies de l&rsquo;hydrog\u00e8ne. <\/span><\/p><p><strong>Les principaux axes de la coop\u00e9ration internationale de l&rsquo;Ukraine dans ce domaine comprennent :<\/strong><\/p><ol><li style=\"font-weight: 400;\" aria-level=\"1\"><span style=\"font-weight: 400;\">Partenariat avec l&rsquo;Union europ\u00e9enne : L&rsquo;Ukraine collabore \u00e9troitement avec l&rsquo;Union europ\u00e9enne dans le domaine de l&rsquo;\u00e9nergie hydrog\u00e8ne. L&rsquo;Ukraine est devenue membre du Pacte europ\u00e9en pour le climat (European Green Deal) et de l&rsquo;initiative Clean Hydrogen Alliance, qui favorisent les projets communs, l&rsquo;\u00e9change d&rsquo;exp\u00e9riences et le d\u00e9veloppement de normes.<\/span><\/li><li style=\"font-weight: 400;\" aria-level=\"1\"><span style=\"font-weight: 400;\">Participation \u00e0 des initiatives internationales : L&rsquo;Ukraine participe \u00e0 diff\u00e9rentes initiatives internationales dans le domaine de l&rsquo;\u00e9nergie hydrog\u00e8ne. Par exemple, l&rsquo;Ukraine est l&rsquo;un des membres fondateurs du Conseil international de l&rsquo;hydrog\u00e8ne (International Hydrogen Council), qui rassemble des acteurs des secteurs des affaires, de la science et des gouvernements pour promouvoir la mise en \u0153uvre de l&rsquo;\u00e9nergie hydrog\u00e8ne.<\/span><\/li><li style=\"font-weight: 400;\" aria-level=\"1\"><span style=\"font-weight: 400;\">Projets internationaux et collaborations : L&rsquo;Ukraine m\u00e8ne activement des projets internationaux et collabore avec d&rsquo;autres pays dans le domaine de l&rsquo;\u00e9nergie hydrog\u00e8ne. Par exemple, l&rsquo;Ukraine coop\u00e8re avec l&rsquo;Allemagne dans le cadre d&rsquo;un projet de d\u00e9veloppement de l&rsquo;infrastructure hydrog\u00e8ne et de production d&rsquo;hydrog\u00e8ne vert.<\/span><\/li><li style=\"font-weight: 400;\" aria-level=\"1\"><span style=\"font-weight: 400;\">\u00c9change technologique et coop\u00e9ration scientifique : L&rsquo;Ukraine collabore \u00e9troitement avec des institutions scientifiques et des entreprises d&rsquo;autres pays dans le domaine de l&rsquo;\u00e9nergie hydrog\u00e8ne. Cela inclut l&rsquo;\u00e9change de technologies, des projets de recherche et des collaborations pour le d\u00e9veloppement de technologies hydrog\u00e8ne.<\/span><\/li><\/ol><p>\u00a0<\/p><p><span style=\"font-weight: 400;\">La coop\u00e9ration internationale permet \u00e0 l&rsquo;Ukraine d&rsquo;acc\u00e9der \u00e0 des technologies de pointe, un soutien financier et une expertise, ce qui favorise le d\u00e9veloppement de l&rsquo;\u00e9nergie hydrog\u00e8ne et la transition \u00e9nerg\u00e9tique verte dans le secteur de l&rsquo;\u00e9nergie.<\/span><\/p>\t\t\t\t\t\t<\/div>\n\t\t\t\t<\/div>\n\t\t\t\t\t<\/div>\n\t\t<\/div>\n\t\t\t\t\t<\/div>\n\t\t<\/section>\n\t\t\t\t<\/div>\n\t\t","protected":false},"excerpt":{"rendered":"<p>L&rsquo;Ukraine est activement engag\u00e9e dans la coop\u00e9ration internationale dans le domaine de l&rsquo;hydrog\u00e8ne, ax\u00e9e sur le d\u00e9veloppement de l&rsquo;\u00e9nergie et des technologies de l&rsquo;hydrog\u00e8ne. Les principaux axes de la coop\u00e9ration internationale de l&rsquo;Ukraine dans ce domaine comprennent : Partenariat avec l&rsquo;Union europ\u00e9enne : L&rsquo;Ukraine collabore \u00e9troitement avec l&rsquo;Union europ\u00e9enne dans le domaine de l&rsquo;\u00e9nergie hydrog\u00e8ne. L&rsquo;Ukraine est devenue membre du Pacte europ\u00e9en pour le climat (European Green Deal) et de l&rsquo;initiative Clean Hydrogen Alliance, qui favorisent les projets communs, l&rsquo;\u00e9change d&rsquo;exp\u00e9riences et le d\u00e9veloppement de normes. Participation \u00e0 des initiatives internationales : L&rsquo;Ukraine participe \u00e0 diff\u00e9rentes initiatives internationales dans le domaine de l&rsquo;\u00e9nergie hydrog\u00e8ne. Par exemple, l&rsquo;Ukraine est l&rsquo;un des membres fondateurs du Conseil international de l&rsquo;hydrog\u00e8ne (International Hydrogen Council), qui rassemble des acteurs des secteurs des affaires, de la science et des gouvernements pour promouvoir la mise en \u0153uvre de l&rsquo;\u00e9nergie hydrog\u00e8ne. Projets internationaux et collaborations : L&rsquo;Ukraine m\u00e8ne activement des projets internationaux et collabore avec d&rsquo;autres pays dans le domaine de l&rsquo;\u00e9nergie hydrog\u00e8ne. Par exemple, l&rsquo;Ukraine coop\u00e8re avec l&rsquo;Allemagne dans le cadre d&rsquo;un projet de d\u00e9veloppement de l&rsquo;infrastructure hydrog\u00e8ne et de production d&rsquo;hydrog\u00e8ne vert. \u00c9change technologique et coop\u00e9ration scientifique : L&rsquo;Ukraine collabore \u00e9troitement avec des institutions scientifiques et des entreprises d&rsquo;autres pays dans le domaine de l&rsquo;\u00e9nergie hydrog\u00e8ne. Cela inclut l&rsquo;\u00e9change de technologies, des projets de recherche et des collaborations pour le d\u00e9veloppement de technologies hydrog\u00e8ne. \u00a0 La coop\u00e9ration internationale permet \u00e0 l&rsquo;Ukraine d&rsquo;acc\u00e9der \u00e0 des technologies de pointe, un soutien financier et une expertise, ce qui favorise le d\u00e9veloppement de l&rsquo;\u00e9nergie hydrog\u00e8ne et la transition \u00e9nerg\u00e9tique verte dans le secteur de l&rsquo;\u00e9nergie.<\/p>\n","protected":false},"author":1,"featured_media":0,"parent":0,"menu_order":0,"comment_status":"closed","ping_status":"closed","template":"elementor_header_footer","meta":{"footnotes":""},"_links":{"self":[{"href":"https:\/\/hydrogen-ukraine.com\/fr\/wp-json\/wp\/v2\/pages\/2374"}],"collection":[{"href":"https:\/\/hydrogen-ukraine.com\/fr\/wp-json\/wp\/v2\/pages"}],"about":[{"href":"https:\/\/hydrogen-ukraine.com\/fr\/wp-json\/wp\/v2\/types\/page"}],"author":[{"embeddable":true,"href":"https:\/\/hydrogen-ukraine.com\/fr\/wp-json\/wp\/v2\/users\/1"}],"replies":[{"embeddable":true,"href":"https:\/\/hydrogen-ukraine.com\/fr\/wp-json\/wp\/v2\/comments?post=2374"}],"version-history":[{"count":4,"href":"https:\/\/hydrogen-ukraine.com\/fr\/wp-json\/wp\/v2\/pages\/2374\/revisions"}],"predecessor-version":[{"id":2379,"href":"https:\/\/hydrogen-ukraine.com\/fr\/wp-json\/wp\/v2\/pages\/2374\/revisions\/2379"}],"wp:attachment":[{"href":"https:\/\/hydrogen-ukraine.com\/fr\/wp-json\/wp\/v2\/media?parent=2374"}],"curies":[{"name":"wp","href":"https:\/\/api.w.org\/{rel}","templated":true}]}}