{"id":2330,"date":"2023-07-26T12:06:04","date_gmt":"2023-07-26T09:06:04","guid":{"rendered":"https:\/\/hydrogen-ukraine.com\/?page_id=2330"},"modified":"2024-02-14T19:35:43","modified_gmt":"2024-02-14T17:35:43","slug":"limposition-de-lenergie-verte-et-des-dividendes","status":"publish","type":"page","link":"https:\/\/hydrogen-ukraine.com\/fr\/limposition-de-lenergie-verte-et-des-dividendes\/","title":{"rendered":"L&rsquo;imposition de l&rsquo;\u00e9nergie verte et des dividendes"},"content":{"rendered":"\t\t<div data-elementor-type=\"wp-page\" data-elementor-id=\"2330\" class=\"elementor elementor-2330 elementor-19\" data-elementor-post-type=\"page\">\n\t\t\t\t\t\t<section class=\"elementor-section elementor-top-section elementor-element elementor-element-583cf11 elementor-section-boxed elementor-section-height-default elementor-section-height-default wpr-particle-no wpr-jarallax-no wpr-parallax-no wpr-sticky-section-no\" data-id=\"583cf11\" data-element_type=\"section\">\n\t\t\t\t\t\t<div class=\"elementor-container elementor-column-gap-default\">\n\t\t\t\t\t<div class=\"elementor-column elementor-col-50 elementor-top-column elementor-element elementor-element-f05fcb2 elementor-hidden-tablet elementor-hidden-mobile\" data-id=\"f05fcb2\" data-element_type=\"column\">\n\t\t\t<div class=\"elementor-widget-wrap elementor-element-populated\">\n\t\t\t\t\t\t<div class=\"elementor-element elementor-element-813c405 elementor-nav-menu--dropdown-none elementor-widget__width-initial elementor-widget elementor-widget-nav-menu\" data-id=\"813c405\" data-element_type=\"widget\" data-settings=\"{&quot;layout&quot;:&quot;vertical&quot;,&quot;submenu_icon&quot;:{&quot;value&quot;:&quot;&lt;i class=\\&quot;fas fa-caret-down\\&quot;&gt;&lt;\\\/i&gt;&quot;,&quot;library&quot;:&quot;fa-solid&quot;}}\" data-widget_type=\"nav-menu.default\">\n\t\t\t\t<div class=\"elementor-widget-container\">\n\t\t\t<link rel=\"stylesheet\" href=\"https:\/\/hydrogen-ukraine.com\/wp-content\/plugins\/elementor-pro\/assets\/css\/widget-nav-menu.min.css\">\t\t\t<nav class=\"elementor-nav-menu--main elementor-nav-menu__container elementor-nav-menu--layout-vertical e--pointer-underline e--animation-fade\">\n\t\t\t\t<ul id=\"menu-1-813c405\" class=\"elementor-nav-menu sm-vertical\"><li class=\"menu-item menu-item-type-post_type menu-item-object-page menu-item-2403\"><a href=\"https:\/\/hydrogen-ukraine.com\/en\/conditions-for-connection-to-the-ukrainian-energy-system-obtaining-teo-tu\/\" class=\"elementor-item\">Conditions for connection to the Ukrainian energy system<\/a><\/li>\n<li class=\"menu-item menu-item-type-post_type menu-item-object-page menu-item-2404\"><a href=\"https:\/\/hydrogen-ukraine.com\/en\/integration-of-ukraine-into-the-european-energy-system\/\" class=\"elementor-item\">Integration of Ukraine into the European energy system<\/a><\/li>\n<li class=\"menu-item menu-item-type-post_type menu-item-object-page menu-item-2405\"><a href=\"https:\/\/hydrogen-ukraine.com\/en\/ukraines-hydrogen-strategy-and-government-guarantees-of-its-implementation\/\" class=\"elementor-item\">Ukraine\u2019s Hydrogen Strategy and Government Guarantees<\/a><\/li>\n<li class=\"menu-item menu-item-type-post_type menu-item-object-page menu-item-2406\"><a href=\"https:\/\/hydrogen-ukraine.com\/en\/protection-of-foreign-environmental-investments-in-ukraine\/\" class=\"elementor-item\">Protection of Foreign Environmental Investments in Ukraine<\/a><\/li>\n<li class=\"menu-item menu-item-type-post_type menu-item-object-page menu-item-2407\"><a href=\"https:\/\/hydrogen-ukraine.com\/en\/international-cooperation-of-ukraine-in-the-hydrogen-sector\/\" class=\"elementor-item\">International cooperation of Ukraine in the hydrogen sector<\/a><\/li>\n<li class=\"menu-item menu-item-type-post_type menu-item-object-page menu-item-2408\"><a href=\"https:\/\/hydrogen-ukraine.com\/en\/taxation-of-green-energy-and-dividend-taxation\/\" class=\"elementor-item\">Taxation of green energy and dividend taxation<\/a><\/li>\n<li class=\"menu-item menu-item-type-post_type menu-item-object-page menu-item-2409\"><a href=\"https:\/\/hydrogen-ukraine.com\/en\/legal-regulation-of-hydrogen-energy-in-ukraine\/\" class=\"elementor-item\">Legal Regulation of Hydrogen Energy in Ukraine<\/a><\/li>\n<li class=\"menu-item menu-item-type-post_type menu-item-object-page menu-item-2410\"><a href=\"https:\/\/hydrogen-ukraine.com\/en\/conditions-for-setting-up-a-business-in-ukraine\/\" class=\"elementor-item\">Conditions for Setting up a Business in Ukraine<\/a><\/li>\n<\/ul>\t\t\t<\/nav>\n\t\t\t\t\t\t<nav class=\"elementor-nav-menu--dropdown elementor-nav-menu__container\" aria-hidden=\"true\">\n\t\t\t\t<ul id=\"menu-2-813c405\" class=\"elementor-nav-menu sm-vertical\"><li class=\"menu-item menu-item-type-post_type menu-item-object-page menu-item-2403\"><a href=\"https:\/\/hydrogen-ukraine.com\/en\/conditions-for-connection-to-the-ukrainian-energy-system-obtaining-teo-tu\/\" class=\"elementor-item\" tabindex=\"-1\">Conditions for connection to the Ukrainian energy system<\/a><\/li>\n<li class=\"menu-item menu-item-type-post_type menu-item-object-page menu-item-2404\"><a href=\"https:\/\/hydrogen-ukraine.com\/en\/integration-of-ukraine-into-the-european-energy-system\/\" class=\"elementor-item\" tabindex=\"-1\">Integration of Ukraine into the European energy system<\/a><\/li>\n<li class=\"menu-item menu-item-type-post_type menu-item-object-page menu-item-2405\"><a href=\"https:\/\/hydrogen-ukraine.com\/en\/ukraines-hydrogen-strategy-and-government-guarantees-of-its-implementation\/\" class=\"elementor-item\" tabindex=\"-1\">Ukraine\u2019s Hydrogen Strategy and Government Guarantees<\/a><\/li>\n<li class=\"menu-item menu-item-type-post_type menu-item-object-page menu-item-2406\"><a href=\"https:\/\/hydrogen-ukraine.com\/en\/protection-of-foreign-environmental-investments-in-ukraine\/\" class=\"elementor-item\" tabindex=\"-1\">Protection of Foreign Environmental Investments in Ukraine<\/a><\/li>\n<li class=\"menu-item menu-item-type-post_type menu-item-object-page menu-item-2407\"><a href=\"https:\/\/hydrogen-ukraine.com\/en\/international-cooperation-of-ukraine-in-the-hydrogen-sector\/\" class=\"elementor-item\" tabindex=\"-1\">International cooperation of Ukraine in the hydrogen sector<\/a><\/li>\n<li class=\"menu-item menu-item-type-post_type menu-item-object-page menu-item-2408\"><a href=\"https:\/\/hydrogen-ukraine.com\/en\/taxation-of-green-energy-and-dividend-taxation\/\" class=\"elementor-item\" tabindex=\"-1\">Taxation of green energy and dividend taxation<\/a><\/li>\n<li class=\"menu-item menu-item-type-post_type menu-item-object-page menu-item-2409\"><a href=\"https:\/\/hydrogen-ukraine.com\/en\/legal-regulation-of-hydrogen-energy-in-ukraine\/\" class=\"elementor-item\" tabindex=\"-1\">Legal Regulation of Hydrogen Energy in Ukraine<\/a><\/li>\n<li class=\"menu-item menu-item-type-post_type menu-item-object-page menu-item-2410\"><a href=\"https:\/\/hydrogen-ukraine.com\/en\/conditions-for-setting-up-a-business-in-ukraine\/\" class=\"elementor-item\" tabindex=\"-1\">Conditions for Setting up a Business in Ukraine<\/a><\/li>\n<\/ul>\t\t\t<\/nav>\n\t\t\t\t<\/div>\n\t\t\t\t<\/div>\n\t\t\t\t\t<\/div>\n\t\t<\/div>\n\t\t\t\t<div class=\"elementor-column elementor-col-50 elementor-top-column elementor-element elementor-element-5335da4\" data-id=\"5335da4\" data-element_type=\"column\" data-settings=\"{&quot;background_background&quot;:&quot;classic&quot;}\">\n\t\t\t<div class=\"elementor-widget-wrap elementor-element-populated\">\n\t\t\t\t\t\t<div class=\"elementor-element elementor-element-32890c60 elementor-widget elementor-widget-text-editor\" data-id=\"32890c60\" data-element_type=\"widget\" data-widget_type=\"text-editor.default\">\n\t\t\t\t<div class=\"elementor-widget-container\">\n\t\t\t<style>\/*! elementor - v3.22.0 - 26-06-2024 *\/\n.elementor-widget-text-editor.elementor-drop-cap-view-stacked .elementor-drop-cap{background-color:#69727d;color:#fff}.elementor-widget-text-editor.elementor-drop-cap-view-framed .elementor-drop-cap{color:#69727d;border:3px solid;background-color:transparent}.elementor-widget-text-editor:not(.elementor-drop-cap-view-default) .elementor-drop-cap{margin-top:8px}.elementor-widget-text-editor:not(.elementor-drop-cap-view-default) .elementor-drop-cap-letter{width:1em;height:1em}.elementor-widget-text-editor .elementor-drop-cap{float:left;text-align:center;line-height:1;font-size:50px}.elementor-widget-text-editor .elementor-drop-cap-letter{display:inline-block}<\/style>\t\t\t\t<p>L&rsquo;imposition de l&rsquo;\u00e9nergie verte et des dividendes peut varier en fonction de la l\u00e9gislation et de la politique de chaque pays, y compris l&rsquo;Ukraine.<\/p><p><strong>Voici des informations g\u00e9n\u00e9rales sur la fiscalit\u00e9 dans ces deux domaines :<\/strong><\/p><ol><li aria-level=\"1\">Imposition de l&rsquo;\u00e9nergie verte : Dans de nombreux pays, y compris l&rsquo;Ukraine, il existe des incitations et des avantages fiscaux pour le d\u00e9veloppement de l&rsquo;\u00e9nergie verte. Il peut s&rsquo;agir de cr\u00e9dits d&rsquo;imp\u00f4t, de r\u00e9ductions fiscales, de priorit\u00e9s de vente d&rsquo;\u00e9lectricit\u00e9, etc. En g\u00e9n\u00e9ral, l&rsquo;\u00e9nergie verte b\u00e9n\u00e9ficie d&rsquo;avantages fiscaux car elle favorise le d\u00e9veloppement durable et l&rsquo;\u00e9cologie. Cependant, les r\u00e8gles et les taux d&rsquo;imposition sp\u00e9cifiques peuvent varier d&rsquo;un pays \u00e0 l&rsquo;autre.<\/li><li aria-level=\"1\">Imposition des dividendes : L&rsquo;imposition des dividendes d\u00e9pend de la l\u00e9gislation nationale du pays o\u00f9 se trouve l&rsquo;entreprise. Dans de nombreux pays, il existe des imp\u00f4ts sur les dividendes pay\u00e9s par les entreprises et per\u00e7us par les b\u00e9n\u00e9ficiaires des dividendes. Ces taux peuvent varier en fonction du niveau de revenu, du statut du contributeur et d&rsquo;autres facteurs. Cependant, de nombreux pays ont \u00e9galement des conventions fiscales et des m\u00e9canismes pour \u00e9viter la double imposition des dividendes. Il est important d&rsquo;\u00e9tudier en d\u00e9tail la l\u00e9gislation fiscale sp\u00e9cifique du pays pour comprendre son impact sur l&rsquo;imposition des dividendes.<\/li><\/ol><p>\u00a0<\/p><p>Il convient de noter que les informations ci-dessus sont g\u00e9n\u00e9rales et il est recommand\u00e9 de se r\u00e9f\u00e9rer aux textes l\u00e9gislatifs sp\u00e9cifiques et de consulter des experts en droit fiscal pour obtenir des informations pr\u00e9cises sur l&rsquo;imposition de l&rsquo;\u00e9nergie verte et des dividendes dans un pays donn\u00e9.<\/p>\t\t\t\t\t\t<\/div>\n\t\t\t\t<\/div>\n\t\t\t\t\t<\/div>\n\t\t<\/div>\n\t\t\t\t\t<\/div>\n\t\t<\/section>\n\t\t\t\t<\/div>\n\t\t","protected":false},"excerpt":{"rendered":"<p>L&rsquo;imposition de l&rsquo;\u00e9nergie verte et des dividendes peut varier en fonction de la l\u00e9gislation et de la politique de chaque pays, y compris l&rsquo;Ukraine. Voici des informations g\u00e9n\u00e9rales sur la fiscalit\u00e9 dans ces deux domaines : Imposition de l&rsquo;\u00e9nergie verte : Dans de nombreux pays, y compris l&rsquo;Ukraine, il existe des incitations et des avantages fiscaux pour le d\u00e9veloppement de l&rsquo;\u00e9nergie verte. Il peut s&rsquo;agir de cr\u00e9dits d&rsquo;imp\u00f4t, de r\u00e9ductions fiscales, de priorit\u00e9s de vente d&rsquo;\u00e9lectricit\u00e9, etc. En g\u00e9n\u00e9ral, l&rsquo;\u00e9nergie verte b\u00e9n\u00e9ficie d&rsquo;avantages fiscaux car elle favorise le d\u00e9veloppement durable et l&rsquo;\u00e9cologie. Cependant, les r\u00e8gles et les taux d&rsquo;imposition sp\u00e9cifiques peuvent varier d&rsquo;un pays \u00e0 l&rsquo;autre. Imposition des dividendes : L&rsquo;imposition des dividendes d\u00e9pend de la l\u00e9gislation nationale du pays o\u00f9 se trouve l&rsquo;entreprise. Dans de nombreux pays, il existe des imp\u00f4ts sur les dividendes pay\u00e9s par les entreprises et per\u00e7us par les b\u00e9n\u00e9ficiaires des dividendes. Ces taux peuvent varier en fonction du niveau de revenu, du statut du contributeur et d&rsquo;autres facteurs. Cependant, de nombreux pays ont \u00e9galement des conventions fiscales et des m\u00e9canismes pour \u00e9viter la double imposition des dividendes. Il est important d&rsquo;\u00e9tudier en d\u00e9tail la l\u00e9gislation fiscale sp\u00e9cifique du pays pour comprendre son impact sur l&rsquo;imposition des dividendes. \u00a0 Il convient de noter que les informations ci-dessus sont g\u00e9n\u00e9rales et il est recommand\u00e9 de se r\u00e9f\u00e9rer aux textes l\u00e9gislatifs sp\u00e9cifiques et de consulter des experts en droit fiscal pour obtenir des informations pr\u00e9cises sur l&rsquo;imposition de l&rsquo;\u00e9nergie verte et des dividendes dans un pays donn\u00e9.<\/p>\n","protected":false},"author":1,"featured_media":0,"parent":0,"menu_order":0,"comment_status":"closed","ping_status":"closed","template":"elementor_header_footer","meta":{"footnotes":""},"_links":{"self":[{"href":"https:\/\/hydrogen-ukraine.com\/fr\/wp-json\/wp\/v2\/pages\/2330"}],"collection":[{"href":"https:\/\/hydrogen-ukraine.com\/fr\/wp-json\/wp\/v2\/pages"}],"about":[{"href":"https:\/\/hydrogen-ukraine.com\/fr\/wp-json\/wp\/v2\/types\/page"}],"author":[{"embeddable":true,"href":"https:\/\/hydrogen-ukraine.com\/fr\/wp-json\/wp\/v2\/users\/1"}],"replies":[{"embeddable":true,"href":"https:\/\/hydrogen-ukraine.com\/fr\/wp-json\/wp\/v2\/comments?post=2330"}],"version-history":[{"count":4,"href":"https:\/\/hydrogen-ukraine.com\/fr\/wp-json\/wp\/v2\/pages\/2330\/revisions"}],"predecessor-version":[{"id":2334,"href":"https:\/\/hydrogen-ukraine.com\/fr\/wp-json\/wp\/v2\/pages\/2330\/revisions\/2334"}],"wp:attachment":[{"href":"https:\/\/hydrogen-ukraine.com\/fr\/wp-json\/wp\/v2\/media?parent=2330"}],"curies":[{"name":"wp","href":"https:\/\/api.w.org\/{rel}","templated":true}]}}