{"id":2267,"date":"2023-07-26T12:07:01","date_gmt":"2023-07-26T09:07:01","guid":{"rendered":"https:\/\/hydrogen-ukraine.com\/?page_id=2267"},"modified":"2024-02-14T16:57:42","modified_gmt":"2024-02-14T14:57:42","slug":"conditions-de-raccordement-au-reseau-electrique-de-lukraine","status":"publish","type":"page","link":"https:\/\/hydrogen-ukraine.com\/fr\/conditions-de-raccordement-au-reseau-electrique-de-lukraine\/","title":{"rendered":"Conditions de raccordement au r\u00e9seau \u00e9lectrique de l&rsquo;Ukraine"},"content":{"rendered":"\t\t<div data-elementor-type=\"wp-page\" data-elementor-id=\"2267\" class=\"elementor elementor-2267 elementor-25\" data-elementor-post-type=\"page\">\n\t\t\t\t\t\t<section class=\"elementor-section elementor-top-section elementor-element elementor-element-99fd7f4 elementor-section-boxed elementor-section-height-default elementor-section-height-default wpr-particle-no wpr-jarallax-no wpr-parallax-no wpr-sticky-section-no\" data-id=\"99fd7f4\" data-element_type=\"section\">\n\t\t\t\t\t\t<div class=\"elementor-container elementor-column-gap-default\">\n\t\t\t\t\t<div class=\"elementor-column elementor-col-50 elementor-top-column elementor-element elementor-element-4e0e74f elementor-hidden-tablet elementor-hidden-mobile\" data-id=\"4e0e74f\" data-element_type=\"column\">\n\t\t\t<div class=\"elementor-widget-wrap elementor-element-populated\">\n\t\t\t\t\t\t<div class=\"elementor-element elementor-element-54c0730 elementor-nav-menu--dropdown-none elementor-widget__width-initial elementor-widget elementor-widget-nav-menu\" data-id=\"54c0730\" data-element_type=\"widget\" data-settings=\"{&quot;layout&quot;:&quot;vertical&quot;,&quot;submenu_icon&quot;:{&quot;value&quot;:&quot;&lt;i class=\\&quot;fas fa-caret-down\\&quot;&gt;&lt;\\\/i&gt;&quot;,&quot;library&quot;:&quot;fa-solid&quot;}}\" data-widget_type=\"nav-menu.default\">\n\t\t\t\t<div class=\"elementor-widget-container\">\n\t\t\t<link rel=\"stylesheet\" href=\"https:\/\/hydrogen-ukraine.com\/wp-content\/plugins\/elementor-pro\/assets\/css\/widget-nav-menu.min.css\">\t\t\t<nav class=\"elementor-nav-menu--main elementor-nav-menu__container elementor-nav-menu--layout-vertical e--pointer-underline e--animation-fade\">\n\t\t\t\t<ul id=\"menu-1-54c0730\" class=\"elementor-nav-menu sm-vertical\"><li class=\"menu-item menu-item-type-post_type menu-item-object-page menu-item-2403\"><a href=\"https:\/\/hydrogen-ukraine.com\/en\/conditions-for-connection-to-the-ukrainian-energy-system-obtaining-teo-tu\/\" class=\"elementor-item\">Conditions for connection to the Ukrainian energy system<\/a><\/li>\n<li class=\"menu-item menu-item-type-post_type menu-item-object-page menu-item-2404\"><a href=\"https:\/\/hydrogen-ukraine.com\/en\/integration-of-ukraine-into-the-european-energy-system\/\" class=\"elementor-item\">Integration of Ukraine into the European energy system<\/a><\/li>\n<li class=\"menu-item menu-item-type-post_type menu-item-object-page menu-item-2405\"><a href=\"https:\/\/hydrogen-ukraine.com\/en\/ukraines-hydrogen-strategy-and-government-guarantees-of-its-implementation\/\" class=\"elementor-item\">Ukraine\u2019s Hydrogen Strategy and Government Guarantees<\/a><\/li>\n<li class=\"menu-item menu-item-type-post_type menu-item-object-page menu-item-2406\"><a href=\"https:\/\/hydrogen-ukraine.com\/en\/protection-of-foreign-environmental-investments-in-ukraine\/\" class=\"elementor-item\">Protection of Foreign Environmental Investments in Ukraine<\/a><\/li>\n<li class=\"menu-item menu-item-type-post_type menu-item-object-page menu-item-2407\"><a href=\"https:\/\/hydrogen-ukraine.com\/en\/international-cooperation-of-ukraine-in-the-hydrogen-sector\/\" class=\"elementor-item\">International cooperation of Ukraine in the hydrogen sector<\/a><\/li>\n<li class=\"menu-item menu-item-type-post_type menu-item-object-page menu-item-2408\"><a href=\"https:\/\/hydrogen-ukraine.com\/en\/taxation-of-green-energy-and-dividend-taxation\/\" class=\"elementor-item\">Taxation of green energy and dividend taxation<\/a><\/li>\n<li class=\"menu-item menu-item-type-post_type menu-item-object-page menu-item-2409\"><a href=\"https:\/\/hydrogen-ukraine.com\/en\/legal-regulation-of-hydrogen-energy-in-ukraine\/\" class=\"elementor-item\">Legal Regulation of Hydrogen Energy in Ukraine<\/a><\/li>\n<li class=\"menu-item menu-item-type-post_type menu-item-object-page menu-item-2410\"><a href=\"https:\/\/hydrogen-ukraine.com\/en\/conditions-for-setting-up-a-business-in-ukraine\/\" class=\"elementor-item\">Conditions for Setting up a Business in Ukraine<\/a><\/li>\n<\/ul>\t\t\t<\/nav>\n\t\t\t\t\t\t<nav class=\"elementor-nav-menu--dropdown elementor-nav-menu__container\" aria-hidden=\"true\">\n\t\t\t\t<ul id=\"menu-2-54c0730\" class=\"elementor-nav-menu sm-vertical\"><li class=\"menu-item menu-item-type-post_type menu-item-object-page menu-item-2403\"><a href=\"https:\/\/hydrogen-ukraine.com\/en\/conditions-for-connection-to-the-ukrainian-energy-system-obtaining-teo-tu\/\" class=\"elementor-item\" tabindex=\"-1\">Conditions for connection to the Ukrainian energy system<\/a><\/li>\n<li class=\"menu-item menu-item-type-post_type menu-item-object-page menu-item-2404\"><a href=\"https:\/\/hydrogen-ukraine.com\/en\/integration-of-ukraine-into-the-european-energy-system\/\" class=\"elementor-item\" tabindex=\"-1\">Integration of Ukraine into the European energy system<\/a><\/li>\n<li class=\"menu-item menu-item-type-post_type menu-item-object-page menu-item-2405\"><a href=\"https:\/\/hydrogen-ukraine.com\/en\/ukraines-hydrogen-strategy-and-government-guarantees-of-its-implementation\/\" class=\"elementor-item\" tabindex=\"-1\">Ukraine\u2019s Hydrogen Strategy and Government Guarantees<\/a><\/li>\n<li class=\"menu-item menu-item-type-post_type menu-item-object-page menu-item-2406\"><a href=\"https:\/\/hydrogen-ukraine.com\/en\/protection-of-foreign-environmental-investments-in-ukraine\/\" class=\"elementor-item\" tabindex=\"-1\">Protection of Foreign Environmental Investments in Ukraine<\/a><\/li>\n<li class=\"menu-item menu-item-type-post_type menu-item-object-page menu-item-2407\"><a href=\"https:\/\/hydrogen-ukraine.com\/en\/international-cooperation-of-ukraine-in-the-hydrogen-sector\/\" class=\"elementor-item\" tabindex=\"-1\">International cooperation of Ukraine in the hydrogen sector<\/a><\/li>\n<li class=\"menu-item menu-item-type-post_type menu-item-object-page menu-item-2408\"><a href=\"https:\/\/hydrogen-ukraine.com\/en\/taxation-of-green-energy-and-dividend-taxation\/\" class=\"elementor-item\" tabindex=\"-1\">Taxation of green energy and dividend taxation<\/a><\/li>\n<li class=\"menu-item menu-item-type-post_type menu-item-object-page menu-item-2409\"><a href=\"https:\/\/hydrogen-ukraine.com\/en\/legal-regulation-of-hydrogen-energy-in-ukraine\/\" class=\"elementor-item\" tabindex=\"-1\">Legal Regulation of Hydrogen Energy in Ukraine<\/a><\/li>\n<li class=\"menu-item menu-item-type-post_type menu-item-object-page menu-item-2410\"><a href=\"https:\/\/hydrogen-ukraine.com\/en\/conditions-for-setting-up-a-business-in-ukraine\/\" class=\"elementor-item\" tabindex=\"-1\">Conditions for Setting up a Business in Ukraine<\/a><\/li>\n<\/ul>\t\t\t<\/nav>\n\t\t\t\t<\/div>\n\t\t\t\t<\/div>\n\t\t\t\t\t<\/div>\n\t\t<\/div>\n\t\t\t\t<div class=\"elementor-column elementor-col-50 elementor-top-column elementor-element elementor-element-0b0b442\" data-id=\"0b0b442\" data-element_type=\"column\" data-settings=\"{&quot;background_background&quot;:&quot;classic&quot;}\">\n\t\t\t<div class=\"elementor-widget-wrap elementor-element-populated\">\n\t\t\t\t\t\t<div class=\"elementor-element elementor-element-4bf8662 elementor-widget elementor-widget-text-editor\" data-id=\"4bf8662\" data-element_type=\"widget\" data-widget_type=\"text-editor.default\">\n\t\t\t\t<div class=\"elementor-widget-container\">\n\t\t\t<style>\/*! elementor - v3.22.0 - 26-06-2024 *\/\n.elementor-widget-text-editor.elementor-drop-cap-view-stacked .elementor-drop-cap{background-color:#69727d;color:#fff}.elementor-widget-text-editor.elementor-drop-cap-view-framed .elementor-drop-cap{color:#69727d;border:3px solid;background-color:transparent}.elementor-widget-text-editor:not(.elementor-drop-cap-view-default) .elementor-drop-cap{margin-top:8px}.elementor-widget-text-editor:not(.elementor-drop-cap-view-default) .elementor-drop-cap-letter{width:1em;height:1em}.elementor-widget-text-editor .elementor-drop-cap{float:left;text-align:center;line-height:1;font-size:50px}.elementor-widget-text-editor .elementor-drop-cap-letter{display:inline-block}<\/style>\t\t\t\t<p>Le raccordement au r\u00e9seau \u00e9lectrique de l&rsquo;Ukraine n\u00e9cessite le respect de certaines conditions et proc\u00e9dures, notamment l&rsquo;obtention d&rsquo;une \u00e9tude technique (ET) et de sp\u00e9cifications techniques (ST).<\/p><p><strong>Voici une description g\u00e9n\u00e9rale de ces conditions :<\/strong><\/p><ol><li aria-level=\"1\">Obtention d&rsquo;une \u00e9tude technique (ET) : La premi\u00e8re \u00e9tape pour se raccorder au r\u00e9seau \u00e9lectrique de l&rsquo;Ukraine consiste \u00e0 obtenir une \u00e9tude technique. Ce processus implique de contacter l&rsquo;op\u00e9rateur du r\u00e9seau de transport (ou l&rsquo;op\u00e9rateur du r\u00e9seau de distribution en cas de raccordement au r\u00e9seau de distribution) et de soumettre une demande d&rsquo;\u00e9tude technique. Il est n\u00e9cessaire de fournir des informations d\u00e9taill\u00e9es sur le projet de raccordement envisag\u00e9, notamment la puissance, le mode de fonctionnement, les exigences techniques, etc.<\/li><li aria-level=\"1\">\u00c9laboration des sp\u00e9cifications techniques (ST) : Apr\u00e8s avoir obtenu l&rsquo;\u00e9tude technique, il est n\u00e9cessaire d&rsquo;\u00e9laborer un projet de sp\u00e9cifications techniques pour le raccordement de l&rsquo;installation au r\u00e9seau \u00e9lectrique. Le projet de sp\u00e9cifications techniques est soumis \u00e0 l&rsquo;op\u00e9rateur du r\u00e9seau de transport (ou l&rsquo;op\u00e9rateur du r\u00e9seau de distribution), qui en v\u00e9rifie la conformit\u00e9 aux exigences techniques et aux normes.<\/li><li aria-level=\"1\">Conclusion d&rsquo;un contrat de raccordement : Apr\u00e8s avoir obtenu l&rsquo;accord sur le projet de sp\u00e9cifications techniques avec l&rsquo;op\u00e9rateur du r\u00e9seau de transport (ou l&rsquo;op\u00e9rateur du r\u00e9seau de distribution), un contrat de raccordement au r\u00e9seau \u00e9lectrique est conclu. Ce contrat comprend les exigences et les conditions r\u00e9gissant le processus de raccordement, les param\u00e8tres techniques, les paiements et autres aspects.<\/li><li aria-level=\"1\">R\u00e9alisation des travaux techniques : Apr\u00e8s la conclusion du contrat de raccordement, il est n\u00e9cessaire d&rsquo;effectuer des travaux techniques de construction ou de modernisation des installations \u00e9lectriques.<\/li><\/ol>\t\t\t\t\t\t<\/div>\n\t\t\t\t<\/div>\n\t\t\t\t\t<\/div>\n\t\t<\/div>\n\t\t\t\t\t<\/div>\n\t\t<\/section>\n\t\t\t\t<\/div>\n\t\t","protected":false},"excerpt":{"rendered":"<p>Le raccordement au r\u00e9seau \u00e9lectrique de l&rsquo;Ukraine n\u00e9cessite le respect de certaines conditions et proc\u00e9dures, notamment l&rsquo;obtention d&rsquo;une \u00e9tude technique (ET) et de sp\u00e9cifications techniques (ST). Voici une description g\u00e9n\u00e9rale de ces conditions : Obtention d&rsquo;une \u00e9tude technique (ET) : La premi\u00e8re \u00e9tape pour se raccorder au r\u00e9seau \u00e9lectrique de l&rsquo;Ukraine consiste \u00e0 obtenir une \u00e9tude technique. Ce processus implique de contacter l&rsquo;op\u00e9rateur du r\u00e9seau de transport (ou l&rsquo;op\u00e9rateur du r\u00e9seau de distribution en cas de raccordement au r\u00e9seau de distribution) et de soumettre une demande d&rsquo;\u00e9tude technique. Il est n\u00e9cessaire de fournir des informations d\u00e9taill\u00e9es sur le projet de raccordement envisag\u00e9, notamment la puissance, le mode de fonctionnement, les exigences techniques, etc. \u00c9laboration des sp\u00e9cifications techniques (ST) : Apr\u00e8s avoir obtenu l&rsquo;\u00e9tude technique, il est n\u00e9cessaire d&rsquo;\u00e9laborer un projet de sp\u00e9cifications techniques pour le raccordement de l&rsquo;installation au r\u00e9seau \u00e9lectrique. Le projet de sp\u00e9cifications techniques est soumis \u00e0 l&rsquo;op\u00e9rateur du r\u00e9seau de transport (ou l&rsquo;op\u00e9rateur du r\u00e9seau de distribution), qui en v\u00e9rifie la conformit\u00e9 aux exigences techniques et aux normes. Conclusion d&rsquo;un contrat de raccordement : Apr\u00e8s avoir obtenu l&rsquo;accord sur le projet de sp\u00e9cifications techniques avec l&rsquo;op\u00e9rateur du r\u00e9seau de transport (ou l&rsquo;op\u00e9rateur du r\u00e9seau de distribution), un contrat de raccordement au r\u00e9seau \u00e9lectrique est conclu. Ce contrat comprend les exigences et les conditions r\u00e9gissant le processus de raccordement, les param\u00e8tres techniques, les paiements et autres aspects. R\u00e9alisation des travaux techniques : Apr\u00e8s la conclusion du contrat de raccordement, il est n\u00e9cessaire d&rsquo;effectuer des travaux techniques de construction ou de modernisation des installations \u00e9lectriques.<\/p>\n","protected":false},"author":1,"featured_media":0,"parent":0,"menu_order":0,"comment_status":"closed","ping_status":"closed","template":"elementor_header_footer","meta":{"footnotes":""},"_links":{"self":[{"href":"https:\/\/hydrogen-ukraine.com\/fr\/wp-json\/wp\/v2\/pages\/2267"}],"collection":[{"href":"https:\/\/hydrogen-ukraine.com\/fr\/wp-json\/wp\/v2\/pages"}],"about":[{"href":"https:\/\/hydrogen-ukraine.com\/fr\/wp-json\/wp\/v2\/types\/page"}],"author":[{"embeddable":true,"href":"https:\/\/hydrogen-ukraine.com\/fr\/wp-json\/wp\/v2\/users\/1"}],"replies":[{"embeddable":true,"href":"https:\/\/hydrogen-ukraine.com\/fr\/wp-json\/wp\/v2\/comments?post=2267"}],"version-history":[{"count":4,"href":"https:\/\/hydrogen-ukraine.com\/fr\/wp-json\/wp\/v2\/pages\/2267\/revisions"}],"predecessor-version":[{"id":2271,"href":"https:\/\/hydrogen-ukraine.com\/fr\/wp-json\/wp\/v2\/pages\/2267\/revisions\/2271"}],"wp:attachment":[{"href":"https:\/\/hydrogen-ukraine.com\/fr\/wp-json\/wp\/v2\/media?parent=2267"}],"curies":[{"name":"wp","href":"https:\/\/api.w.org\/{rel}","templated":true}]}}