{"id":2228,"date":"2023-07-26T12:04:34","date_gmt":"2023-07-26T09:04:34","guid":{"rendered":"https:\/\/hydrogen-ukraine.com\/?page_id=2228"},"modified":"2024-02-14T15:54:30","modified_gmt":"2024-02-14T13:54:30","slug":"la-strategie-hydrogene-de-lukraine-et-les-garanties-gouvernementales-pour-sa-mise-en-oeuvre","status":"publish","type":"page","link":"https:\/\/hydrogen-ukraine.com\/fr\/la-strategie-hydrogene-de-lukraine-et-les-garanties-gouvernementales-pour-sa-mise-en-oeuvre\/","title":{"rendered":"La strat\u00e9gie hydrog\u00e8ne de l&rsquo;Ukraine et les garanties gouvernementales pour sa mise en \u0153uvre"},"content":{"rendered":"\t\t<div data-elementor-type=\"wp-page\" data-elementor-id=\"2228\" class=\"elementor elementor-2228 elementor-11\" data-elementor-post-type=\"page\">\n\t\t\t\t\t\t<section class=\"elementor-section elementor-top-section elementor-element elementor-element-eaf8db1 elementor-section-boxed elementor-section-height-default elementor-section-height-default wpr-particle-no wpr-jarallax-no wpr-parallax-no wpr-sticky-section-no\" data-id=\"eaf8db1\" data-element_type=\"section\">\n\t\t\t\t\t\t<div class=\"elementor-container elementor-column-gap-default\">\n\t\t\t\t\t<div class=\"elementor-column elementor-col-50 elementor-top-column elementor-element elementor-element-35e0518 elementor-hidden-tablet elementor-hidden-mobile\" data-id=\"35e0518\" data-element_type=\"column\">\n\t\t\t<div class=\"elementor-widget-wrap elementor-element-populated\">\n\t\t\t\t\t\t<div class=\"elementor-element elementor-element-64520d7 elementor-nav-menu--dropdown-none elementor-widget__width-initial elementor-widget elementor-widget-nav-menu\" data-id=\"64520d7\" data-element_type=\"widget\" data-settings=\"{&quot;layout&quot;:&quot;vertical&quot;,&quot;submenu_icon&quot;:{&quot;value&quot;:&quot;&lt;i class=\\&quot;fas fa-caret-down\\&quot;&gt;&lt;\\\/i&gt;&quot;,&quot;library&quot;:&quot;fa-solid&quot;}}\" data-widget_type=\"nav-menu.default\">\n\t\t\t\t<div class=\"elementor-widget-container\">\n\t\t\t<link rel=\"stylesheet\" href=\"https:\/\/hydrogen-ukraine.com\/wp-content\/plugins\/elementor-pro\/assets\/css\/widget-nav-menu.min.css\">\t\t\t<nav class=\"elementor-nav-menu--main elementor-nav-menu__container elementor-nav-menu--layout-vertical e--pointer-underline e--animation-fade\">\n\t\t\t\t<ul id=\"menu-1-64520d7\" class=\"elementor-nav-menu sm-vertical\"><li class=\"menu-item menu-item-type-post_type menu-item-object-page menu-item-2403\"><a href=\"https:\/\/hydrogen-ukraine.com\/en\/conditions-for-connection-to-the-ukrainian-energy-system-obtaining-teo-tu\/\" class=\"elementor-item\">Conditions for connection to the Ukrainian energy system<\/a><\/li>\n<li class=\"menu-item menu-item-type-post_type menu-item-object-page menu-item-2404\"><a href=\"https:\/\/hydrogen-ukraine.com\/en\/integration-of-ukraine-into-the-european-energy-system\/\" class=\"elementor-item\">Integration of Ukraine into the European energy system<\/a><\/li>\n<li class=\"menu-item menu-item-type-post_type menu-item-object-page menu-item-2405\"><a href=\"https:\/\/hydrogen-ukraine.com\/en\/ukraines-hydrogen-strategy-and-government-guarantees-of-its-implementation\/\" class=\"elementor-item\">Ukraine\u2019s Hydrogen Strategy and Government Guarantees<\/a><\/li>\n<li class=\"menu-item menu-item-type-post_type menu-item-object-page menu-item-2406\"><a href=\"https:\/\/hydrogen-ukraine.com\/en\/protection-of-foreign-environmental-investments-in-ukraine\/\" class=\"elementor-item\">Protection of Foreign Environmental Investments in Ukraine<\/a><\/li>\n<li class=\"menu-item menu-item-type-post_type menu-item-object-page menu-item-2407\"><a href=\"https:\/\/hydrogen-ukraine.com\/en\/international-cooperation-of-ukraine-in-the-hydrogen-sector\/\" class=\"elementor-item\">International cooperation of Ukraine in the hydrogen sector<\/a><\/li>\n<li class=\"menu-item menu-item-type-post_type menu-item-object-page menu-item-2408\"><a href=\"https:\/\/hydrogen-ukraine.com\/en\/taxation-of-green-energy-and-dividend-taxation\/\" class=\"elementor-item\">Taxation of green energy and dividend taxation<\/a><\/li>\n<li class=\"menu-item menu-item-type-post_type menu-item-object-page menu-item-2409\"><a href=\"https:\/\/hydrogen-ukraine.com\/en\/legal-regulation-of-hydrogen-energy-in-ukraine\/\" class=\"elementor-item\">Legal Regulation of Hydrogen Energy in Ukraine<\/a><\/li>\n<li class=\"menu-item menu-item-type-post_type menu-item-object-page menu-item-2410\"><a href=\"https:\/\/hydrogen-ukraine.com\/en\/conditions-for-setting-up-a-business-in-ukraine\/\" class=\"elementor-item\">Conditions for Setting up a Business in Ukraine<\/a><\/li>\n<\/ul>\t\t\t<\/nav>\n\t\t\t\t\t\t<nav class=\"elementor-nav-menu--dropdown elementor-nav-menu__container\" aria-hidden=\"true\">\n\t\t\t\t<ul id=\"menu-2-64520d7\" class=\"elementor-nav-menu sm-vertical\"><li class=\"menu-item menu-item-type-post_type menu-item-object-page menu-item-2403\"><a href=\"https:\/\/hydrogen-ukraine.com\/en\/conditions-for-connection-to-the-ukrainian-energy-system-obtaining-teo-tu\/\" class=\"elementor-item\" tabindex=\"-1\">Conditions for connection to the Ukrainian energy system<\/a><\/li>\n<li class=\"menu-item menu-item-type-post_type menu-item-object-page menu-item-2404\"><a href=\"https:\/\/hydrogen-ukraine.com\/en\/integration-of-ukraine-into-the-european-energy-system\/\" class=\"elementor-item\" tabindex=\"-1\">Integration of Ukraine into the European energy system<\/a><\/li>\n<li class=\"menu-item menu-item-type-post_type menu-item-object-page menu-item-2405\"><a href=\"https:\/\/hydrogen-ukraine.com\/en\/ukraines-hydrogen-strategy-and-government-guarantees-of-its-implementation\/\" class=\"elementor-item\" tabindex=\"-1\">Ukraine\u2019s Hydrogen Strategy and Government Guarantees<\/a><\/li>\n<li class=\"menu-item menu-item-type-post_type menu-item-object-page menu-item-2406\"><a href=\"https:\/\/hydrogen-ukraine.com\/en\/protection-of-foreign-environmental-investments-in-ukraine\/\" class=\"elementor-item\" tabindex=\"-1\">Protection of Foreign Environmental Investments in Ukraine<\/a><\/li>\n<li class=\"menu-item menu-item-type-post_type menu-item-object-page menu-item-2407\"><a href=\"https:\/\/hydrogen-ukraine.com\/en\/international-cooperation-of-ukraine-in-the-hydrogen-sector\/\" class=\"elementor-item\" tabindex=\"-1\">International cooperation of Ukraine in the hydrogen sector<\/a><\/li>\n<li class=\"menu-item menu-item-type-post_type menu-item-object-page menu-item-2408\"><a href=\"https:\/\/hydrogen-ukraine.com\/en\/taxation-of-green-energy-and-dividend-taxation\/\" class=\"elementor-item\" tabindex=\"-1\">Taxation of green energy and dividend taxation<\/a><\/li>\n<li class=\"menu-item menu-item-type-post_type menu-item-object-page menu-item-2409\"><a href=\"https:\/\/hydrogen-ukraine.com\/en\/legal-regulation-of-hydrogen-energy-in-ukraine\/\" class=\"elementor-item\" tabindex=\"-1\">Legal Regulation of Hydrogen Energy in Ukraine<\/a><\/li>\n<li class=\"menu-item menu-item-type-post_type menu-item-object-page menu-item-2410\"><a href=\"https:\/\/hydrogen-ukraine.com\/en\/conditions-for-setting-up-a-business-in-ukraine\/\" class=\"elementor-item\" tabindex=\"-1\">Conditions for Setting up a Business in Ukraine<\/a><\/li>\n<\/ul>\t\t\t<\/nav>\n\t\t\t\t<\/div>\n\t\t\t\t<\/div>\n\t\t\t\t\t<\/div>\n\t\t<\/div>\n\t\t\t\t<div class=\"elementor-column elementor-col-50 elementor-top-column elementor-element elementor-element-2e8036f\" data-id=\"2e8036f\" data-element_type=\"column\" data-settings=\"{&quot;background_background&quot;:&quot;classic&quot;}\">\n\t\t\t<div class=\"elementor-widget-wrap elementor-element-populated\">\n\t\t\t\t\t\t<div class=\"elementor-element elementor-element-d2fb9c9 elementor-widget elementor-widget-text-editor\" data-id=\"d2fb9c9\" data-element_type=\"widget\" data-widget_type=\"text-editor.default\">\n\t\t\t\t<div class=\"elementor-widget-container\">\n\t\t\t<style>\/*! elementor - v3.22.0 - 26-06-2024 *\/\n.elementor-widget-text-editor.elementor-drop-cap-view-stacked .elementor-drop-cap{background-color:#69727d;color:#fff}.elementor-widget-text-editor.elementor-drop-cap-view-framed .elementor-drop-cap{color:#69727d;border:3px solid;background-color:transparent}.elementor-widget-text-editor:not(.elementor-drop-cap-view-default) .elementor-drop-cap{margin-top:8px}.elementor-widget-text-editor:not(.elementor-drop-cap-view-default) .elementor-drop-cap-letter{width:1em;height:1em}.elementor-widget-text-editor .elementor-drop-cap{float:left;text-align:center;line-height:1;font-size:50px}.elementor-widget-text-editor .elementor-drop-cap-letter{display:inline-block}<\/style>\t\t\t\t<p>La strat\u00e9gie hydrog\u00e8ne de l&rsquo;Ukraine constitue une \u00e9tape importante dans le d\u00e9veloppement de l&rsquo;\u00e9nergie hydrog\u00e8ne et la mise en place de technologies vertes dans le pays. Cette strat\u00e9gie vise \u00e0 construire un secteur de l&rsquo;hydrog\u00e8ne, \u00e0 r\u00e9duire la d\u00e9pendance aux hydrocarbures et \u00e0 r\u00e9duire les \u00e9missions de gaz \u00e0 effet de serre.<\/p><p>En ce qui concerne les garanties gouvernementales pour la mise en \u0153uvre de la strat\u00e9gie hydrog\u00e8ne, l&rsquo;Ukraine a pris plusieurs mesures pour stimuler le d\u00e9veloppement du secteur de l&rsquo;hydrog\u00e8ne et assurer la fiabilit\u00e9 des investissements :<\/p><ol><li aria-checked=\"false\" aria-level=\"1\">Cadre l\u00e9gislatif : Le gouvernement ukrainien travaille activement \u00e0 la cr\u00e9ation d&rsquo;un environnement l\u00e9gislatif favorable au d\u00e9veloppement de l&rsquo;\u00e9nergie hydrog\u00e8ne. Des lois et des actes normatifs ont \u00e9t\u00e9 adopt\u00e9s pour r\u00e9glementer la production, le stockage, le transport et l&rsquo;utilisation de l&rsquo;hydrog\u00e8ne.<\/li><li aria-checked=\"false\" aria-level=\"1\">Financement et soutien : L&rsquo;Ukraine a b\u00e9n\u00e9fici\u00e9 d&rsquo;un soutien financier de la part d&rsquo;organisations financi\u00e8res internationales telles que la Banque europ\u00e9enne pour la reconstruction et le d\u00e9veloppement, pour la r\u00e9alisation de projets d&rsquo;\u00e9nergie hydrog\u00e8ne. Le gouvernement offre \u00e9galement diff\u00e9rentes formes de soutien, notamment des incitations financi\u00e8res et des avantages pour les investisseurs dans le secteur de l&rsquo;hydrog\u00e8ne.<\/li><li aria-checked=\"false\" aria-level=\"1\">Coop\u00e9ration internationale : Le gouvernement ukrainien collabore activement avec des partenaires internationaux et des organisations dans le domaine de l&rsquo;\u00e9nergie hydrog\u00e8ne. L&rsquo;Ukraine est devenue membre de l&rsquo;Agence internationale pour les \u00e9nergies renouvelables et \u00e9tablit des partenariats avec diff\u00e9rents pays pour le d\u00e9veloppement conjoint de projets dans le domaine de l&rsquo;\u00e9nergie hydrog\u00e8ne.<\/li><li aria-checked=\"false\" aria-level=\"1\">D\u00e9veloppement technologique : L&rsquo;Ukraine travaille activement sur le d\u00e9veloppement de ses propres technologies dans le domaine de l&rsquo;\u00e9nergie hydrog\u00e8ne, notamment la production d&rsquo;hydrog\u00e8ne \u00e0 partir de sources d&rsquo;\u00e9nergie renouvelable. Cela contribue \u00e0 assurer l&rsquo;ind\u00e9pendance et la stabilit\u00e9 du secteur de l&rsquo;hydrog\u00e8ne.<\/li><li aria-checked=\"false\" aria-level=\"1\">Suivi et transparence : Le gouvernement ukrainien a mis en place des m\u00e9canismes de suivi et de reporting pour la mise en \u0153uvre de la strat\u00e9gie hydrog\u00e8ne. Cela inclut la cr\u00e9ation d&rsquo;un syst\u00e8me de collecte de donn\u00e9es et d&rsquo;\u00e9valuation des r\u00e9sultats de la mise en \u0153uvre de la strat\u00e9gie, permettant d&rsquo;assurer la transparence et la responsabilit\u00e9 envers les investisseurs et la soci\u00e9t\u00e9.<\/li><\/ol><p>\u00a0<\/p><p>Le gouvernement ukrainien fait tout son possible pour garantir le respect de la strat\u00e9gie hydrog\u00e8ne et assure la protection des investissements \u00e9trangers dans ce secteur. L&rsquo;\u00e9tablissement d&rsquo;un cadre l\u00e9gislatif stable, la fourniture d&rsquo;un soutien financier, la promotion de la coop\u00e9ration internationale et le d\u00e9veloppement de technologies propres t\u00e9moignent de l&rsquo;engagement s\u00e9rieux du gouvernement en faveur du d\u00e9veloppement de l&rsquo;\u00e9nergie hydrog\u00e8ne en Ukraine.<\/p>\t\t\t\t\t\t<\/div>\n\t\t\t\t<\/div>\n\t\t\t\t\t<\/div>\n\t\t<\/div>\n\t\t\t\t\t<\/div>\n\t\t<\/section>\n\t\t\t\t<\/div>\n\t\t","protected":false},"excerpt":{"rendered":"<p>La strat\u00e9gie hydrog\u00e8ne de l&rsquo;Ukraine constitue une \u00e9tape importante dans le d\u00e9veloppement de l&rsquo;\u00e9nergie hydrog\u00e8ne et la mise en place de technologies vertes dans le pays. Cette strat\u00e9gie vise \u00e0 construire un secteur de l&rsquo;hydrog\u00e8ne, \u00e0 r\u00e9duire la d\u00e9pendance aux hydrocarbures et \u00e0 r\u00e9duire les \u00e9missions de gaz \u00e0 effet de serre. En ce qui concerne les garanties gouvernementales pour la mise en \u0153uvre de la strat\u00e9gie hydrog\u00e8ne, l&rsquo;Ukraine a pris plusieurs mesures pour stimuler le d\u00e9veloppement du secteur de l&rsquo;hydrog\u00e8ne et assurer la fiabilit\u00e9 des investissements : Cadre l\u00e9gislatif : Le gouvernement ukrainien travaille activement \u00e0 la cr\u00e9ation d&rsquo;un environnement l\u00e9gislatif favorable au d\u00e9veloppement de l&rsquo;\u00e9nergie hydrog\u00e8ne. Des lois et des actes normatifs ont \u00e9t\u00e9 adopt\u00e9s pour r\u00e9glementer la production, le stockage, le transport et l&rsquo;utilisation de l&rsquo;hydrog\u00e8ne. Financement et soutien : L&rsquo;Ukraine a b\u00e9n\u00e9fici\u00e9 d&rsquo;un soutien financier de la part d&rsquo;organisations financi\u00e8res internationales telles que la Banque europ\u00e9enne pour la reconstruction et le d\u00e9veloppement, pour la r\u00e9alisation de projets d&rsquo;\u00e9nergie hydrog\u00e8ne. Le gouvernement offre \u00e9galement diff\u00e9rentes formes de soutien, notamment des incitations financi\u00e8res et des avantages pour les investisseurs dans le secteur de l&rsquo;hydrog\u00e8ne. Coop\u00e9ration internationale : Le gouvernement ukrainien collabore activement avec des partenaires internationaux et des organisations dans le domaine de l&rsquo;\u00e9nergie hydrog\u00e8ne. L&rsquo;Ukraine est devenue membre de l&rsquo;Agence internationale pour les \u00e9nergies renouvelables et \u00e9tablit des partenariats avec diff\u00e9rents pays pour le d\u00e9veloppement conjoint de projets dans le domaine de l&rsquo;\u00e9nergie hydrog\u00e8ne. D\u00e9veloppement technologique : L&rsquo;Ukraine travaille activement sur le d\u00e9veloppement de ses propres technologies dans le domaine de l&rsquo;\u00e9nergie hydrog\u00e8ne, notamment la production d&rsquo;hydrog\u00e8ne \u00e0 partir de sources d&rsquo;\u00e9nergie renouvelable. Cela contribue \u00e0 assurer l&rsquo;ind\u00e9pendance et la stabilit\u00e9 du secteur de l&rsquo;hydrog\u00e8ne. Suivi et transparence : Le gouvernement ukrainien a mis en place des m\u00e9canismes de suivi et de reporting pour la mise en \u0153uvre de la strat\u00e9gie hydrog\u00e8ne. Cela inclut la cr\u00e9ation d&rsquo;un syst\u00e8me de collecte de donn\u00e9es et d&rsquo;\u00e9valuation des r\u00e9sultats de la mise en \u0153uvre de la strat\u00e9gie, permettant d&rsquo;assurer la transparence et la responsabilit\u00e9 envers les investisseurs et la soci\u00e9t\u00e9. \u00a0 Le gouvernement ukrainien fait tout son possible pour garantir le respect de la strat\u00e9gie hydrog\u00e8ne et assure la protection des investissements \u00e9trangers dans ce secteur. L&rsquo;\u00e9tablissement d&rsquo;un cadre l\u00e9gislatif stable, la fourniture d&rsquo;un soutien financier, la promotion de la coop\u00e9ration internationale et le d\u00e9veloppement de technologies propres t\u00e9moignent de l&rsquo;engagement s\u00e9rieux du gouvernement en faveur du d\u00e9veloppement de l&rsquo;\u00e9nergie hydrog\u00e8ne en Ukraine.<\/p>\n","protected":false},"author":1,"featured_media":0,"parent":0,"menu_order":0,"comment_status":"closed","ping_status":"closed","template":"elementor_header_footer","meta":{"footnotes":""},"_links":{"self":[{"href":"https:\/\/hydrogen-ukraine.com\/fr\/wp-json\/wp\/v2\/pages\/2228"}],"collection":[{"href":"https:\/\/hydrogen-ukraine.com\/fr\/wp-json\/wp\/v2\/pages"}],"about":[{"href":"https:\/\/hydrogen-ukraine.com\/fr\/wp-json\/wp\/v2\/types\/page"}],"author":[{"embeddable":true,"href":"https:\/\/hydrogen-ukraine.com\/fr\/wp-json\/wp\/v2\/users\/1"}],"replies":[{"embeddable":true,"href":"https:\/\/hydrogen-ukraine.com\/fr\/wp-json\/wp\/v2\/comments?post=2228"}],"version-history":[{"count":4,"href":"https:\/\/hydrogen-ukraine.com\/fr\/wp-json\/wp\/v2\/pages\/2228\/revisions"}],"predecessor-version":[{"id":2232,"href":"https:\/\/hydrogen-ukraine.com\/fr\/wp-json\/wp\/v2\/pages\/2228\/revisions\/2232"}],"wp:attachment":[{"href":"https:\/\/hydrogen-ukraine.com\/fr\/wp-json\/wp\/v2\/media?parent=2228"}],"curies":[{"name":"wp","href":"https:\/\/api.w.org\/{rel}","templated":true}]}}