{"id":2192,"date":"2023-07-26T12:05:27","date_gmt":"2023-07-26T09:05:27","guid":{"rendered":"https:\/\/hydrogen-ukraine.com\/?page_id=2192"},"modified":"2024-02-14T14:47:09","modified_gmt":"2024-02-14T12:47:09","slug":"integration-de-lukraine-dans-le-systeme-energetique-europeen","status":"publish","type":"page","link":"https:\/\/hydrogen-ukraine.com\/fr\/integration-de-lukraine-dans-le-systeme-energetique-europeen\/","title":{"rendered":"Int\u00e9gration de l&rsquo;Ukraine dans le syst\u00e8me \u00e9nerg\u00e9tique europ\u00e9en"},"content":{"rendered":"\t\t<div data-elementor-type=\"wp-page\" data-elementor-id=\"2192\" class=\"elementor elementor-2192 elementor-15\" data-elementor-post-type=\"page\">\n\t\t\t\t\t\t<section class=\"elementor-section elementor-top-section elementor-element elementor-element-2227099 elementor-section-boxed elementor-section-height-default elementor-section-height-default wpr-particle-no wpr-jarallax-no wpr-parallax-no wpr-sticky-section-no\" data-id=\"2227099\" data-element_type=\"section\">\n\t\t\t\t\t\t<div class=\"elementor-container elementor-column-gap-default\">\n\t\t\t\t\t<div class=\"elementor-column elementor-col-50 elementor-top-column elementor-element elementor-element-7a5ec3f elementor-hidden-tablet elementor-hidden-mobile\" data-id=\"7a5ec3f\" data-element_type=\"column\">\n\t\t\t<div class=\"elementor-widget-wrap elementor-element-populated\">\n\t\t\t\t\t\t<div class=\"elementor-element elementor-element-24dc52f elementor-nav-menu--dropdown-none elementor-widget__width-initial elementor-widget elementor-widget-nav-menu\" data-id=\"24dc52f\" data-element_type=\"widget\" data-settings=\"{&quot;layout&quot;:&quot;vertical&quot;,&quot;submenu_icon&quot;:{&quot;value&quot;:&quot;&lt;i class=\\&quot;fas fa-caret-down\\&quot;&gt;&lt;\\\/i&gt;&quot;,&quot;library&quot;:&quot;fa-solid&quot;}}\" data-widget_type=\"nav-menu.default\">\n\t\t\t\t<div class=\"elementor-widget-container\">\n\t\t\t<link rel=\"stylesheet\" href=\"https:\/\/hydrogen-ukraine.com\/wp-content\/plugins\/elementor-pro\/assets\/css\/widget-nav-menu.min.css\">\t\t\t<nav class=\"elementor-nav-menu--main elementor-nav-menu__container elementor-nav-menu--layout-vertical e--pointer-underline e--animation-fade\">\n\t\t\t\t<ul id=\"menu-1-24dc52f\" class=\"elementor-nav-menu sm-vertical\"><li class=\"menu-item menu-item-type-post_type menu-item-object-page menu-item-2403\"><a href=\"https:\/\/hydrogen-ukraine.com\/en\/conditions-for-connection-to-the-ukrainian-energy-system-obtaining-teo-tu\/\" class=\"elementor-item\">Conditions for connection to the Ukrainian energy system<\/a><\/li>\n<li class=\"menu-item menu-item-type-post_type menu-item-object-page menu-item-2404\"><a href=\"https:\/\/hydrogen-ukraine.com\/en\/integration-of-ukraine-into-the-european-energy-system\/\" class=\"elementor-item\">Integration of Ukraine into the European energy system<\/a><\/li>\n<li class=\"menu-item menu-item-type-post_type menu-item-object-page menu-item-2405\"><a href=\"https:\/\/hydrogen-ukraine.com\/en\/ukraines-hydrogen-strategy-and-government-guarantees-of-its-implementation\/\" class=\"elementor-item\">Ukraine\u2019s Hydrogen Strategy and Government Guarantees<\/a><\/li>\n<li class=\"menu-item menu-item-type-post_type menu-item-object-page menu-item-2406\"><a href=\"https:\/\/hydrogen-ukraine.com\/en\/protection-of-foreign-environmental-investments-in-ukraine\/\" class=\"elementor-item\">Protection of Foreign Environmental Investments in Ukraine<\/a><\/li>\n<li class=\"menu-item menu-item-type-post_type menu-item-object-page menu-item-2407\"><a href=\"https:\/\/hydrogen-ukraine.com\/en\/international-cooperation-of-ukraine-in-the-hydrogen-sector\/\" class=\"elementor-item\">International cooperation of Ukraine in the hydrogen sector<\/a><\/li>\n<li class=\"menu-item menu-item-type-post_type menu-item-object-page menu-item-2408\"><a href=\"https:\/\/hydrogen-ukraine.com\/en\/taxation-of-green-energy-and-dividend-taxation\/\" class=\"elementor-item\">Taxation of green energy and dividend taxation<\/a><\/li>\n<li class=\"menu-item menu-item-type-post_type menu-item-object-page menu-item-2409\"><a href=\"https:\/\/hydrogen-ukraine.com\/en\/legal-regulation-of-hydrogen-energy-in-ukraine\/\" class=\"elementor-item\">Legal Regulation of Hydrogen Energy in Ukraine<\/a><\/li>\n<li class=\"menu-item menu-item-type-post_type menu-item-object-page menu-item-2410\"><a href=\"https:\/\/hydrogen-ukraine.com\/en\/conditions-for-setting-up-a-business-in-ukraine\/\" class=\"elementor-item\">Conditions for Setting up a Business in Ukraine<\/a><\/li>\n<\/ul>\t\t\t<\/nav>\n\t\t\t\t\t\t<nav class=\"elementor-nav-menu--dropdown elementor-nav-menu__container\" aria-hidden=\"true\">\n\t\t\t\t<ul id=\"menu-2-24dc52f\" class=\"elementor-nav-menu sm-vertical\"><li class=\"menu-item menu-item-type-post_type menu-item-object-page menu-item-2403\"><a href=\"https:\/\/hydrogen-ukraine.com\/en\/conditions-for-connection-to-the-ukrainian-energy-system-obtaining-teo-tu\/\" class=\"elementor-item\" tabindex=\"-1\">Conditions for connection to the Ukrainian energy system<\/a><\/li>\n<li class=\"menu-item menu-item-type-post_type menu-item-object-page menu-item-2404\"><a href=\"https:\/\/hydrogen-ukraine.com\/en\/integration-of-ukraine-into-the-european-energy-system\/\" class=\"elementor-item\" tabindex=\"-1\">Integration of Ukraine into the European energy system<\/a><\/li>\n<li class=\"menu-item menu-item-type-post_type menu-item-object-page menu-item-2405\"><a href=\"https:\/\/hydrogen-ukraine.com\/en\/ukraines-hydrogen-strategy-and-government-guarantees-of-its-implementation\/\" class=\"elementor-item\" tabindex=\"-1\">Ukraine\u2019s Hydrogen Strategy and Government Guarantees<\/a><\/li>\n<li class=\"menu-item menu-item-type-post_type menu-item-object-page menu-item-2406\"><a href=\"https:\/\/hydrogen-ukraine.com\/en\/protection-of-foreign-environmental-investments-in-ukraine\/\" class=\"elementor-item\" tabindex=\"-1\">Protection of Foreign Environmental Investments in Ukraine<\/a><\/li>\n<li class=\"menu-item menu-item-type-post_type menu-item-object-page menu-item-2407\"><a href=\"https:\/\/hydrogen-ukraine.com\/en\/international-cooperation-of-ukraine-in-the-hydrogen-sector\/\" class=\"elementor-item\" tabindex=\"-1\">International cooperation of Ukraine in the hydrogen sector<\/a><\/li>\n<li class=\"menu-item menu-item-type-post_type menu-item-object-page menu-item-2408\"><a href=\"https:\/\/hydrogen-ukraine.com\/en\/taxation-of-green-energy-and-dividend-taxation\/\" class=\"elementor-item\" tabindex=\"-1\">Taxation of green energy and dividend taxation<\/a><\/li>\n<li class=\"menu-item menu-item-type-post_type menu-item-object-page menu-item-2409\"><a href=\"https:\/\/hydrogen-ukraine.com\/en\/legal-regulation-of-hydrogen-energy-in-ukraine\/\" class=\"elementor-item\" tabindex=\"-1\">Legal Regulation of Hydrogen Energy in Ukraine<\/a><\/li>\n<li class=\"menu-item menu-item-type-post_type menu-item-object-page menu-item-2410\"><a href=\"https:\/\/hydrogen-ukraine.com\/en\/conditions-for-setting-up-a-business-in-ukraine\/\" class=\"elementor-item\" tabindex=\"-1\">Conditions for Setting up a Business in Ukraine<\/a><\/li>\n<\/ul>\t\t\t<\/nav>\n\t\t\t\t<\/div>\n\t\t\t\t<\/div>\n\t\t\t\t\t<\/div>\n\t\t<\/div>\n\t\t\t\t<div class=\"elementor-column elementor-col-50 elementor-top-column elementor-element elementor-element-1939fa8\" data-id=\"1939fa8\" data-element_type=\"column\" data-settings=\"{&quot;background_background&quot;:&quot;classic&quot;}\">\n\t\t\t<div class=\"elementor-widget-wrap elementor-element-populated\">\n\t\t\t\t\t\t<div class=\"elementor-element elementor-element-20699ac9 elementor-widget elementor-widget-text-editor\" data-id=\"20699ac9\" data-element_type=\"widget\" data-widget_type=\"text-editor.default\">\n\t\t\t\t<div class=\"elementor-widget-container\">\n\t\t\t<style>\/*! elementor - v3.22.0 - 26-06-2024 *\/\n.elementor-widget-text-editor.elementor-drop-cap-view-stacked .elementor-drop-cap{background-color:#69727d;color:#fff}.elementor-widget-text-editor.elementor-drop-cap-view-framed .elementor-drop-cap{color:#69727d;border:3px solid;background-color:transparent}.elementor-widget-text-editor:not(.elementor-drop-cap-view-default) .elementor-drop-cap{margin-top:8px}.elementor-widget-text-editor:not(.elementor-drop-cap-view-default) .elementor-drop-cap-letter{width:1em;height:1em}.elementor-widget-text-editor .elementor-drop-cap{float:left;text-align:center;line-height:1;font-size:50px}.elementor-widget-text-editor .elementor-drop-cap-letter{display:inline-block}<\/style>\t\t\t\t<p>Cette int\u00e9gration contribue \u00e0 am\u00e9liorer la s\u00e9curit\u00e9 \u00e9nerg\u00e9tique, le d\u00e9veloppement des \u00e9nergies renouvelables et de l&rsquo;efficacit\u00e9 \u00e9nerg\u00e9tique, ainsi qu&rsquo;\u00e0 approfondir la coop\u00e9ration \u00e9nerg\u00e9tique avec les pays europ\u00e9ens.<\/p><p><strong>Les principaux aspects de l&rsquo;int\u00e9gration de l&rsquo;Ukraine dans le syst\u00e8me \u00e9nerg\u00e9tique europ\u00e9en comprennent :<\/strong><\/p><ol><li aria-level=\"1\">Union de l&rsquo;\u00e9nergie europ\u00e9enne : L&rsquo;Ukraine est un participant actif \u00e0 l&rsquo;Union de l&rsquo;\u00e9nergie europ\u00e9enne, une initiative visant \u00e0 garantir la s\u00e9curit\u00e9 d&rsquo;approvisionnement, l&rsquo;utilisation intelligente de l&rsquo;\u00e9nergie, la stimulation de la concurrence et le d\u00e9veloppement des \u00e9nergies renouvelables. Cela favorise l&rsquo;harmonisation de la l\u00e9gislation \u00e9nerg\u00e9tique de l&rsquo;Ukraine aux normes et aux r\u00e9glementations europ\u00e9ennes.<\/li><li aria-level=\"1\">Communaut\u00e9 \u00e9nerg\u00e9tique : L&rsquo;Ukraine est membre de la Communaut\u00e9 de l&rsquo;\u00e9nergie, un pacte de stabilit\u00e9 et de communaut\u00e9 \u00e9nerg\u00e9tique en Europe de l&rsquo;Est, qui vise \u00e0 harmoniser le cadre r\u00e9glementaire et \u00e0 d\u00e9velopper le secteur de l&rsquo;\u00e9nergie selon les normes europ\u00e9ennes. Cela permet de remplir les engagements en mati\u00e8re de r\u00e9forme \u00e9nerg\u00e9tique, d&rsquo;am\u00e9lioration de l&rsquo;efficacit\u00e9 \u00e9nerg\u00e9tique et de garantie de la transparence du march\u00e9.<\/li><li aria-level=\"1\">Infrastructure et connectivit\u00e9 : L&rsquo;Ukraine travaille activement au d\u00e9veloppement de l&rsquo;infrastructure de transit permettant le transport de l&rsquo;\u00e9nergie vers les pays europ\u00e9ens.<\/li><\/ol>\t\t\t\t\t\t<\/div>\n\t\t\t\t<\/div>\n\t\t\t\t\t<\/div>\n\t\t<\/div>\n\t\t\t\t\t<\/div>\n\t\t<\/section>\n\t\t\t\t<\/div>\n\t\t","protected":false},"excerpt":{"rendered":"<p>Cette int\u00e9gration contribue \u00e0 am\u00e9liorer la s\u00e9curit\u00e9 \u00e9nerg\u00e9tique, le d\u00e9veloppement des \u00e9nergies renouvelables et de l&rsquo;efficacit\u00e9 \u00e9nerg\u00e9tique, ainsi qu&rsquo;\u00e0 approfondir la coop\u00e9ration \u00e9nerg\u00e9tique avec les pays europ\u00e9ens. Les principaux aspects de l&rsquo;int\u00e9gration de l&rsquo;Ukraine dans le syst\u00e8me \u00e9nerg\u00e9tique europ\u00e9en comprennent : Union de l&rsquo;\u00e9nergie europ\u00e9enne : L&rsquo;Ukraine est un participant actif \u00e0 l&rsquo;Union de l&rsquo;\u00e9nergie europ\u00e9enne, une initiative visant \u00e0 garantir la s\u00e9curit\u00e9 d&rsquo;approvisionnement, l&rsquo;utilisation intelligente de l&rsquo;\u00e9nergie, la stimulation de la concurrence et le d\u00e9veloppement des \u00e9nergies renouvelables. Cela favorise l&rsquo;harmonisation de la l\u00e9gislation \u00e9nerg\u00e9tique de l&rsquo;Ukraine aux normes et aux r\u00e9glementations europ\u00e9ennes. Communaut\u00e9 \u00e9nerg\u00e9tique : L&rsquo;Ukraine est membre de la Communaut\u00e9 de l&rsquo;\u00e9nergie, un pacte de stabilit\u00e9 et de communaut\u00e9 \u00e9nerg\u00e9tique en Europe de l&rsquo;Est, qui vise \u00e0 harmoniser le cadre r\u00e9glementaire et \u00e0 d\u00e9velopper le secteur de l&rsquo;\u00e9nergie selon les normes europ\u00e9ennes. Cela permet de remplir les engagements en mati\u00e8re de r\u00e9forme \u00e9nerg\u00e9tique, d&rsquo;am\u00e9lioration de l&rsquo;efficacit\u00e9 \u00e9nerg\u00e9tique et de garantie de la transparence du march\u00e9. Infrastructure et connectivit\u00e9 : L&rsquo;Ukraine travaille activement au d\u00e9veloppement de l&rsquo;infrastructure de transit permettant le transport de l&rsquo;\u00e9nergie vers les pays europ\u00e9ens.<\/p>\n","protected":false},"author":1,"featured_media":0,"parent":0,"menu_order":0,"comment_status":"closed","ping_status":"closed","template":"elementor_header_footer","meta":{"footnotes":""},"_links":{"self":[{"href":"https:\/\/hydrogen-ukraine.com\/fr\/wp-json\/wp\/v2\/pages\/2192"}],"collection":[{"href":"https:\/\/hydrogen-ukraine.com\/fr\/wp-json\/wp\/v2\/pages"}],"about":[{"href":"https:\/\/hydrogen-ukraine.com\/fr\/wp-json\/wp\/v2\/types\/page"}],"author":[{"embeddable":true,"href":"https:\/\/hydrogen-ukraine.com\/fr\/wp-json\/wp\/v2\/users\/1"}],"replies":[{"embeddable":true,"href":"https:\/\/hydrogen-ukraine.com\/fr\/wp-json\/wp\/v2\/comments?post=2192"}],"version-history":[{"count":4,"href":"https:\/\/hydrogen-ukraine.com\/fr\/wp-json\/wp\/v2\/pages\/2192\/revisions"}],"predecessor-version":[{"id":2196,"href":"https:\/\/hydrogen-ukraine.com\/fr\/wp-json\/wp\/v2\/pages\/2192\/revisions\/2196"}],"wp:attachment":[{"href":"https:\/\/hydrogen-ukraine.com\/fr\/wp-json\/wp\/v2\/media?parent=2192"}],"curies":[{"name":"wp","href":"https:\/\/api.w.org\/{rel}","templated":true}]}}