{"id":2153,"date":"2023-07-26T12:05:02","date_gmt":"2023-07-26T09:05:02","guid":{"rendered":"https:\/\/hydrogen-ukraine.com\/?page_id=2153"},"modified":"2024-02-14T12:23:50","modified_gmt":"2024-02-14T10:23:50","slug":"la-protection-des-investissements-etrangers-dans-le-domaine-de-lenvironnement-en-ukraine","status":"publish","type":"page","link":"https:\/\/hydrogen-ukraine.com\/fr\/la-protection-des-investissements-etrangers-dans-le-domaine-de-lenvironnement-en-ukraine\/","title":{"rendered":"La protection des investissements \u00e9trangers dans le domaine de l&rsquo;environnement en Ukraine"},"content":{"rendered":"\t\t<div data-elementor-type=\"wp-page\" data-elementor-id=\"2153\" class=\"elementor elementor-2153 elementor-13\" data-elementor-post-type=\"page\">\n\t\t\t\t\t\t<section class=\"elementor-section elementor-top-section elementor-element elementor-element-cd2cb83 elementor-section-boxed elementor-section-height-default elementor-section-height-default wpr-particle-no wpr-jarallax-no wpr-parallax-no wpr-sticky-section-no\" data-id=\"cd2cb83\" data-element_type=\"section\">\n\t\t\t\t\t\t<div class=\"elementor-container elementor-column-gap-default\">\n\t\t\t\t\t<div class=\"elementor-column elementor-col-50 elementor-top-column elementor-element elementor-element-940f184 elementor-hidden-tablet elementor-hidden-mobile\" data-id=\"940f184\" data-element_type=\"column\">\n\t\t\t<div class=\"elementor-widget-wrap elementor-element-populated\">\n\t\t\t\t\t\t<div class=\"elementor-element elementor-element-8eb61fa elementor-nav-menu--dropdown-none elementor-widget__width-initial elementor-widget elementor-widget-nav-menu\" data-id=\"8eb61fa\" data-element_type=\"widget\" data-settings=\"{&quot;layout&quot;:&quot;vertical&quot;,&quot;submenu_icon&quot;:{&quot;value&quot;:&quot;&lt;i class=\\&quot;fas fa-caret-down\\&quot;&gt;&lt;\\\/i&gt;&quot;,&quot;library&quot;:&quot;fa-solid&quot;}}\" data-widget_type=\"nav-menu.default\">\n\t\t\t\t<div class=\"elementor-widget-container\">\n\t\t\t<link rel=\"stylesheet\" href=\"https:\/\/hydrogen-ukraine.com\/wp-content\/plugins\/elementor-pro\/assets\/css\/widget-nav-menu.min.css\">\t\t\t<nav class=\"elementor-nav-menu--main elementor-nav-menu__container elementor-nav-menu--layout-vertical e--pointer-underline e--animation-fade\">\n\t\t\t\t<ul id=\"menu-1-8eb61fa\" class=\"elementor-nav-menu sm-vertical\"><li class=\"menu-item menu-item-type-post_type menu-item-object-page menu-item-2403\"><a href=\"https:\/\/hydrogen-ukraine.com\/en\/conditions-for-connection-to-the-ukrainian-energy-system-obtaining-teo-tu\/\" class=\"elementor-item\">Conditions for connection to the Ukrainian energy system<\/a><\/li>\n<li class=\"menu-item menu-item-type-post_type menu-item-object-page menu-item-2404\"><a href=\"https:\/\/hydrogen-ukraine.com\/en\/integration-of-ukraine-into-the-european-energy-system\/\" class=\"elementor-item\">Integration of Ukraine into the European energy system<\/a><\/li>\n<li class=\"menu-item menu-item-type-post_type menu-item-object-page menu-item-2405\"><a href=\"https:\/\/hydrogen-ukraine.com\/en\/ukraines-hydrogen-strategy-and-government-guarantees-of-its-implementation\/\" class=\"elementor-item\">Ukraine\u2019s Hydrogen Strategy and Government Guarantees<\/a><\/li>\n<li class=\"menu-item menu-item-type-post_type menu-item-object-page menu-item-2406\"><a href=\"https:\/\/hydrogen-ukraine.com\/en\/protection-of-foreign-environmental-investments-in-ukraine\/\" class=\"elementor-item\">Protection of Foreign Environmental Investments in Ukraine<\/a><\/li>\n<li class=\"menu-item menu-item-type-post_type menu-item-object-page menu-item-2407\"><a href=\"https:\/\/hydrogen-ukraine.com\/en\/international-cooperation-of-ukraine-in-the-hydrogen-sector\/\" class=\"elementor-item\">International cooperation of Ukraine in the hydrogen sector<\/a><\/li>\n<li class=\"menu-item menu-item-type-post_type menu-item-object-page menu-item-2408\"><a href=\"https:\/\/hydrogen-ukraine.com\/en\/taxation-of-green-energy-and-dividend-taxation\/\" class=\"elementor-item\">Taxation of green energy and dividend taxation<\/a><\/li>\n<li class=\"menu-item menu-item-type-post_type menu-item-object-page menu-item-2409\"><a href=\"https:\/\/hydrogen-ukraine.com\/en\/legal-regulation-of-hydrogen-energy-in-ukraine\/\" class=\"elementor-item\">Legal Regulation of Hydrogen Energy in Ukraine<\/a><\/li>\n<li class=\"menu-item menu-item-type-post_type menu-item-object-page menu-item-2410\"><a href=\"https:\/\/hydrogen-ukraine.com\/en\/conditions-for-setting-up-a-business-in-ukraine\/\" class=\"elementor-item\">Conditions for Setting up a Business in Ukraine<\/a><\/li>\n<\/ul>\t\t\t<\/nav>\n\t\t\t\t\t\t<nav class=\"elementor-nav-menu--dropdown elementor-nav-menu__container\" aria-hidden=\"true\">\n\t\t\t\t<ul id=\"menu-2-8eb61fa\" class=\"elementor-nav-menu sm-vertical\"><li class=\"menu-item menu-item-type-post_type menu-item-object-page menu-item-2403\"><a href=\"https:\/\/hydrogen-ukraine.com\/en\/conditions-for-connection-to-the-ukrainian-energy-system-obtaining-teo-tu\/\" class=\"elementor-item\" tabindex=\"-1\">Conditions for connection to the Ukrainian energy system<\/a><\/li>\n<li class=\"menu-item menu-item-type-post_type menu-item-object-page menu-item-2404\"><a href=\"https:\/\/hydrogen-ukraine.com\/en\/integration-of-ukraine-into-the-european-energy-system\/\" class=\"elementor-item\" tabindex=\"-1\">Integration of Ukraine into the European energy system<\/a><\/li>\n<li class=\"menu-item menu-item-type-post_type menu-item-object-page menu-item-2405\"><a href=\"https:\/\/hydrogen-ukraine.com\/en\/ukraines-hydrogen-strategy-and-government-guarantees-of-its-implementation\/\" class=\"elementor-item\" tabindex=\"-1\">Ukraine\u2019s Hydrogen Strategy and Government Guarantees<\/a><\/li>\n<li class=\"menu-item menu-item-type-post_type menu-item-object-page menu-item-2406\"><a href=\"https:\/\/hydrogen-ukraine.com\/en\/protection-of-foreign-environmental-investments-in-ukraine\/\" class=\"elementor-item\" tabindex=\"-1\">Protection of Foreign Environmental Investments in Ukraine<\/a><\/li>\n<li class=\"menu-item menu-item-type-post_type menu-item-object-page menu-item-2407\"><a href=\"https:\/\/hydrogen-ukraine.com\/en\/international-cooperation-of-ukraine-in-the-hydrogen-sector\/\" class=\"elementor-item\" tabindex=\"-1\">International cooperation of Ukraine in the hydrogen sector<\/a><\/li>\n<li class=\"menu-item menu-item-type-post_type menu-item-object-page menu-item-2408\"><a href=\"https:\/\/hydrogen-ukraine.com\/en\/taxation-of-green-energy-and-dividend-taxation\/\" class=\"elementor-item\" tabindex=\"-1\">Taxation of green energy and dividend taxation<\/a><\/li>\n<li class=\"menu-item menu-item-type-post_type menu-item-object-page menu-item-2409\"><a href=\"https:\/\/hydrogen-ukraine.com\/en\/legal-regulation-of-hydrogen-energy-in-ukraine\/\" class=\"elementor-item\" tabindex=\"-1\">Legal Regulation of Hydrogen Energy in Ukraine<\/a><\/li>\n<li class=\"menu-item menu-item-type-post_type menu-item-object-page menu-item-2410\"><a href=\"https:\/\/hydrogen-ukraine.com\/en\/conditions-for-setting-up-a-business-in-ukraine\/\" class=\"elementor-item\" tabindex=\"-1\">Conditions for Setting up a Business in Ukraine<\/a><\/li>\n<\/ul>\t\t\t<\/nav>\n\t\t\t\t<\/div>\n\t\t\t\t<\/div>\n\t\t\t\t\t<\/div>\n\t\t<\/div>\n\t\t\t\t<div class=\"elementor-column elementor-col-50 elementor-top-column elementor-element elementor-element-09e61c2\" data-id=\"09e61c2\" data-element_type=\"column\" data-settings=\"{&quot;background_background&quot;:&quot;classic&quot;}\">\n\t\t\t<div class=\"elementor-widget-wrap elementor-element-populated\">\n\t\t\t\t\t\t<div class=\"elementor-element elementor-element-eecbea4 elementor-widget elementor-widget-text-editor\" data-id=\"eecbea4\" data-element_type=\"widget\" data-widget_type=\"text-editor.default\">\n\t\t\t\t<div class=\"elementor-widget-container\">\n\t\t\t<style>\/*! elementor - v3.22.0 - 26-06-2024 *\/\n.elementor-widget-text-editor.elementor-drop-cap-view-stacked .elementor-drop-cap{background-color:#69727d;color:#fff}.elementor-widget-text-editor.elementor-drop-cap-view-framed .elementor-drop-cap{color:#69727d;border:3px solid;background-color:transparent}.elementor-widget-text-editor:not(.elementor-drop-cap-view-default) .elementor-drop-cap{margin-top:8px}.elementor-widget-text-editor:not(.elementor-drop-cap-view-default) .elementor-drop-cap-letter{width:1em;height:1em}.elementor-widget-text-editor .elementor-drop-cap{float:left;text-align:center;line-height:1;font-size:50px}.elementor-widget-text-editor .elementor-drop-cap-letter{display:inline-block}<\/style>\t\t\t\t<p><span style=\"font-weight: 400;\">L&rsquo;Ukraine poss\u00e8de un grand potentiel dans les domaines des \u00e9nergies renouvelables, de l&rsquo;efficacit\u00e9 \u00e9nerg\u00e9tique, du traitement de l&rsquo;eau et d&rsquo;autres projets ax\u00e9s sur l&rsquo;environnement. Les investissements \u00e9trangers peuvent contribuer au d\u00e9veloppement de ces secteurs en fournissant le capital, les technologies et l&rsquo;expertise n\u00e9cessaires.<\/span><\/p><p><span style=\"font-weight: 400;\">Pour prot\u00e9ger les investissements \u00e9trangers dans le domaine de l&rsquo;environnement en Ukraine, il est important d&rsquo;\u00e9tablir une base l\u00e9gislative stable et transparente. Cela signifie qu&rsquo;il est n\u00e9cessaire d&rsquo;\u00e9laborer des r\u00e8gles et des proc\u00e9dures claires pour l&rsquo;investissement dans des projets environnementaux, en veillant \u00e0 leur conformit\u00e9 aux normes et conditions internationales.<\/span><\/p><p><span style=\"font-weight: 400;\">De plus, il est important de garantir la protection juridique des investisseurs \u00e9trangers en cas de litiges ou de conflits. Le gouvernement ukrainien peut conclure des accords de protection des investissements \u00e9trangers avec d&rsquo;autres pays, cr\u00e9ant ainsi un cadre juridique pour le r\u00e8glement des diff\u00e9rends par le biais de l&rsquo;arbitrage ou d&rsquo;autres m\u00e9canismes.<\/span><\/p><p><span style=\"font-weight: 400;\">Il est \u00e9galement essentiel d&rsquo;assurer la transparence et l&rsquo;efficacit\u00e9 des proc\u00e9dures gouvernementales li\u00e9es aux investissements environnementaux. Cela implique de r\u00e9duire les obstacles bureaucratiques, d&rsquo;acc\u00e9l\u00e9rer l&rsquo;examen des documents et des d\u00e9cisions, ainsi que d&rsquo;utiliser des syst\u00e8mes \u00e9lectroniques pour simplifier les interactions avec les autorit\u00e9s gouvernementales. <\/span><\/p><p><span style=\"font-weight: 400;\">L&rsquo;Ukraine peut \u00e9galement solliciter la participation d&rsquo;institutions financi\u00e8res internationales et de programmes de soutien aux investissements environnementaux. Par exemple, une collaboration avec la Banque internationale pour la reconstruction et le d\u00e9veloppement (BIRD), la Banque europ\u00e9enne pour la reconstruction et le d\u00e9veloppement (BERD) ainsi que des programmes et fonds des Nations Unies sp\u00e9cialis\u00e9s dans les projets environnementaux. <\/span><\/p><p><span style=\"font-weight: 400;\">L&rsquo;Ukraine peut \u00e9galement mettre en place des incitations et des avantages sp\u00e9ciaux pour les investisseurs \u00e9trangers dans le domaine de l&rsquo;environnement, tels que des avantages fiscaux, des r\u00e9ductions des droits de douane ou l&rsquo;acc\u00e8s aux ressources locales. Enfin, il est important de d\u00e9velopper des relations de partenariat avec les investisseurs \u00e9trangers et de cr\u00e9er un environnement commercial favorable. <\/span><\/p><p><span style=\"font-weight: 400;\">Cela peut inclure l&rsquo;organisation de forums d&rsquo;investissement, de missions commerciales et d&rsquo;autres \u00e9v\u00e9nements visant \u00e0 attirer des investisseurs \u00e9trangers et \u00e0 favoriser leur interaction avec les entreprises locales et les autorit\u00e9s gouvernementales. Toutes ces mesures visent \u00e0 cr\u00e9er des conditions favorables aux investissements \u00e9trangers dans le domaine de l&rsquo;environnement en Ukraine et \u00e0 garantir leur protection. <\/span><\/p><p><span style=\"font-weight: 400;\">Une base l\u00e9gislative solide, une protection juridique, la transparence des proc\u00e9dures et le soutien de l&rsquo;\u00c9tat aideront \u00e0 attirer des capitaux \u00e9trangers et \u00e0 d\u00e9velopper des projets environnementaux dans le pays.<\/span><\/p>\t\t\t\t\t\t<\/div>\n\t\t\t\t<\/div>\n\t\t\t\t\t<\/div>\n\t\t<\/div>\n\t\t\t\t\t<\/div>\n\t\t<\/section>\n\t\t\t\t<\/div>\n\t\t","protected":false},"excerpt":{"rendered":"<p>L&rsquo;Ukraine poss\u00e8de un grand potentiel dans les domaines des \u00e9nergies renouvelables, de l&rsquo;efficacit\u00e9 \u00e9nerg\u00e9tique, du traitement de l&rsquo;eau et d&rsquo;autres projets ax\u00e9s sur l&rsquo;environnement. Les investissements \u00e9trangers peuvent contribuer au d\u00e9veloppement de ces secteurs en fournissant le capital, les technologies et l&rsquo;expertise n\u00e9cessaires. Pour prot\u00e9ger les investissements \u00e9trangers dans le domaine de l&rsquo;environnement en Ukraine, il est important d&rsquo;\u00e9tablir une base l\u00e9gislative stable et transparente. Cela signifie qu&rsquo;il est n\u00e9cessaire d&rsquo;\u00e9laborer des r\u00e8gles et des proc\u00e9dures claires pour l&rsquo;investissement dans des projets environnementaux, en veillant \u00e0 leur conformit\u00e9 aux normes et conditions internationales. De plus, il est important de garantir la protection juridique des investisseurs \u00e9trangers en cas de litiges ou de conflits. Le gouvernement ukrainien peut conclure des accords de protection des investissements \u00e9trangers avec d&rsquo;autres pays, cr\u00e9ant ainsi un cadre juridique pour le r\u00e8glement des diff\u00e9rends par le biais de l&rsquo;arbitrage ou d&rsquo;autres m\u00e9canismes. Il est \u00e9galement essentiel d&rsquo;assurer la transparence et l&rsquo;efficacit\u00e9 des proc\u00e9dures gouvernementales li\u00e9es aux investissements environnementaux. Cela implique de r\u00e9duire les obstacles bureaucratiques, d&rsquo;acc\u00e9l\u00e9rer l&rsquo;examen des documents et des d\u00e9cisions, ainsi que d&rsquo;utiliser des syst\u00e8mes \u00e9lectroniques pour simplifier les interactions avec les autorit\u00e9s gouvernementales. L&rsquo;Ukraine peut \u00e9galement solliciter la participation d&rsquo;institutions financi\u00e8res internationales et de programmes de soutien aux investissements environnementaux. Par exemple, une collaboration avec la Banque internationale pour la reconstruction et le d\u00e9veloppement (BIRD), la Banque europ\u00e9enne pour la reconstruction et le d\u00e9veloppement (BERD) ainsi que des programmes et fonds des Nations Unies sp\u00e9cialis\u00e9s dans les projets environnementaux. L&rsquo;Ukraine peut \u00e9galement mettre en place des incitations et des avantages sp\u00e9ciaux pour les investisseurs \u00e9trangers dans le domaine de l&rsquo;environnement, tels que des avantages fiscaux, des r\u00e9ductions des droits de douane ou l&rsquo;acc\u00e8s aux ressources locales. Enfin, il est important de d\u00e9velopper des relations de partenariat avec les investisseurs \u00e9trangers et de cr\u00e9er un environnement commercial favorable. Cela peut inclure l&rsquo;organisation de forums d&rsquo;investissement, de missions commerciales et d&rsquo;autres \u00e9v\u00e9nements visant \u00e0 attirer des investisseurs \u00e9trangers et \u00e0 favoriser leur interaction avec les entreprises locales et les autorit\u00e9s gouvernementales. Toutes ces mesures visent \u00e0 cr\u00e9er des conditions favorables aux investissements \u00e9trangers dans le domaine de l&rsquo;environnement en Ukraine et \u00e0 garantir leur protection. Une base l\u00e9gislative solide, une protection juridique, la transparence des proc\u00e9dures et le soutien de l&rsquo;\u00c9tat aideront \u00e0 attirer des capitaux \u00e9trangers et \u00e0 d\u00e9velopper des projets environnementaux dans le pays.<\/p>\n","protected":false},"author":1,"featured_media":0,"parent":0,"menu_order":0,"comment_status":"closed","ping_status":"closed","template":"elementor_header_footer","meta":{"footnotes":""},"_links":{"self":[{"href":"https:\/\/hydrogen-ukraine.com\/fr\/wp-json\/wp\/v2\/pages\/2153"}],"collection":[{"href":"https:\/\/hydrogen-ukraine.com\/fr\/wp-json\/wp\/v2\/pages"}],"about":[{"href":"https:\/\/hydrogen-ukraine.com\/fr\/wp-json\/wp\/v2\/types\/page"}],"author":[{"embeddable":true,"href":"https:\/\/hydrogen-ukraine.com\/fr\/wp-json\/wp\/v2\/users\/1"}],"replies":[{"embeddable":true,"href":"https:\/\/hydrogen-ukraine.com\/fr\/wp-json\/wp\/v2\/comments?post=2153"}],"version-history":[{"count":4,"href":"https:\/\/hydrogen-ukraine.com\/fr\/wp-json\/wp\/v2\/pages\/2153\/revisions"}],"predecessor-version":[{"id":2157,"href":"https:\/\/hydrogen-ukraine.com\/fr\/wp-json\/wp\/v2\/pages\/2153\/revisions\/2157"}],"wp:attachment":[{"href":"https:\/\/hydrogen-ukraine.com\/fr\/wp-json\/wp\/v2\/media?parent=2153"}],"curies":[{"name":"wp","href":"https:\/\/api.w.org\/{rel}","templated":true}]}}