{"id":2380,"date":"2023-07-26T12:05:45","date_gmt":"2023-07-26T09:05:45","guid":{"rendered":"https:\/\/hydrogen-ukraine.com\/?page_id=2380"},"modified":"2024-02-15T13:45:23","modified_gmt":"2024-02-15T11:45:23","slug":"la-cooperacion-internacional-de-ucrania-en-el-ambito-del-hidrogeno","status":"publish","type":"page","link":"https:\/\/hydrogen-ukraine.com\/es\/la-cooperacion-internacional-de-ucrania-en-el-ambito-del-hidrogeno\/","title":{"rendered":"La cooperaci\u00f3n internacional de Ucrania en el \u00e1mbito del hidr\u00f3geno"},"content":{"rendered":"\t\t<div data-elementor-type=\"wp-page\" data-elementor-id=\"2380\" class=\"elementor elementor-2380 elementor-17\" data-elementor-post-type=\"page\">\n\t\t\t\t\t\t<section class=\"elementor-section elementor-top-section elementor-element elementor-element-3c54d85 elementor-section-boxed elementor-section-height-default elementor-section-height-default wpr-particle-no wpr-jarallax-no wpr-parallax-no wpr-sticky-section-no\" data-id=\"3c54d85\" data-element_type=\"section\">\n\t\t\t\t\t\t<div class=\"elementor-container elementor-column-gap-default\">\n\t\t\t\t\t<div class=\"elementor-column elementor-col-50 elementor-top-column elementor-element elementor-element-607f678 elementor-hidden-tablet elementor-hidden-mobile\" data-id=\"607f678\" data-element_type=\"column\">\n\t\t\t<div class=\"elementor-widget-wrap elementor-element-populated\">\n\t\t\t\t\t\t<div class=\"elementor-element elementor-element-c2d5273 elementor-nav-menu--dropdown-none elementor-widget__width-initial elementor-widget elementor-widget-nav-menu\" data-id=\"c2d5273\" data-element_type=\"widget\" data-settings=\"{&quot;layout&quot;:&quot;vertical&quot;,&quot;submenu_icon&quot;:{&quot;value&quot;:&quot;&lt;i class=\\&quot;fas fa-caret-down\\&quot;&gt;&lt;\\\/i&gt;&quot;,&quot;library&quot;:&quot;fa-solid&quot;}}\" data-widget_type=\"nav-menu.default\">\n\t\t\t\t<div class=\"elementor-widget-container\">\n\t\t\t<link rel=\"stylesheet\" href=\"https:\/\/hydrogen-ukraine.com\/wp-content\/plugins\/elementor-pro\/assets\/css\/widget-nav-menu.min.css\">\t\t\t<nav class=\"elementor-nav-menu--main elementor-nav-menu__container elementor-nav-menu--layout-vertical e--pointer-underline e--animation-fade\">\n\t\t\t\t<ul id=\"menu-1-c2d5273\" class=\"elementor-nav-menu sm-vertical\"><li class=\"menu-item menu-item-type-post_type menu-item-object-page menu-item-2403\"><a href=\"https:\/\/hydrogen-ukraine.com\/en\/conditions-for-connection-to-the-ukrainian-energy-system-obtaining-teo-tu\/\" class=\"elementor-item\">Conditions for connection to the Ukrainian energy system<\/a><\/li>\n<li class=\"menu-item menu-item-type-post_type menu-item-object-page menu-item-2404\"><a href=\"https:\/\/hydrogen-ukraine.com\/en\/integration-of-ukraine-into-the-european-energy-system\/\" class=\"elementor-item\">Integration of Ukraine into the European energy system<\/a><\/li>\n<li class=\"menu-item menu-item-type-post_type menu-item-object-page menu-item-2405\"><a href=\"https:\/\/hydrogen-ukraine.com\/en\/ukraines-hydrogen-strategy-and-government-guarantees-of-its-implementation\/\" class=\"elementor-item\">Ukraine\u2019s Hydrogen Strategy and Government Guarantees<\/a><\/li>\n<li class=\"menu-item menu-item-type-post_type menu-item-object-page menu-item-2406\"><a href=\"https:\/\/hydrogen-ukraine.com\/en\/protection-of-foreign-environmental-investments-in-ukraine\/\" class=\"elementor-item\">Protection of Foreign Environmental Investments in Ukraine<\/a><\/li>\n<li class=\"menu-item menu-item-type-post_type menu-item-object-page menu-item-2407\"><a href=\"https:\/\/hydrogen-ukraine.com\/en\/international-cooperation-of-ukraine-in-the-hydrogen-sector\/\" class=\"elementor-item\">International cooperation of Ukraine in the hydrogen sector<\/a><\/li>\n<li class=\"menu-item menu-item-type-post_type menu-item-object-page menu-item-2408\"><a href=\"https:\/\/hydrogen-ukraine.com\/en\/taxation-of-green-energy-and-dividend-taxation\/\" class=\"elementor-item\">Taxation of green energy and dividend taxation<\/a><\/li>\n<li class=\"menu-item menu-item-type-post_type menu-item-object-page menu-item-2409\"><a href=\"https:\/\/hydrogen-ukraine.com\/en\/legal-regulation-of-hydrogen-energy-in-ukraine\/\" class=\"elementor-item\">Legal Regulation of Hydrogen Energy in Ukraine<\/a><\/li>\n<li class=\"menu-item menu-item-type-post_type menu-item-object-page menu-item-2410\"><a href=\"https:\/\/hydrogen-ukraine.com\/en\/conditions-for-setting-up-a-business-in-ukraine\/\" class=\"elementor-item\">Conditions for Setting up a Business in Ukraine<\/a><\/li>\n<\/ul>\t\t\t<\/nav>\n\t\t\t\t\t\t<nav class=\"elementor-nav-menu--dropdown elementor-nav-menu__container\" aria-hidden=\"true\">\n\t\t\t\t<ul id=\"menu-2-c2d5273\" class=\"elementor-nav-menu sm-vertical\"><li class=\"menu-item menu-item-type-post_type menu-item-object-page menu-item-2403\"><a href=\"https:\/\/hydrogen-ukraine.com\/en\/conditions-for-connection-to-the-ukrainian-energy-system-obtaining-teo-tu\/\" class=\"elementor-item\" tabindex=\"-1\">Conditions for connection to the Ukrainian energy system<\/a><\/li>\n<li class=\"menu-item menu-item-type-post_type menu-item-object-page menu-item-2404\"><a href=\"https:\/\/hydrogen-ukraine.com\/en\/integration-of-ukraine-into-the-european-energy-system\/\" class=\"elementor-item\" tabindex=\"-1\">Integration of Ukraine into the European energy system<\/a><\/li>\n<li class=\"menu-item menu-item-type-post_type menu-item-object-page menu-item-2405\"><a href=\"https:\/\/hydrogen-ukraine.com\/en\/ukraines-hydrogen-strategy-and-government-guarantees-of-its-implementation\/\" class=\"elementor-item\" tabindex=\"-1\">Ukraine\u2019s Hydrogen Strategy and Government Guarantees<\/a><\/li>\n<li class=\"menu-item menu-item-type-post_type menu-item-object-page menu-item-2406\"><a href=\"https:\/\/hydrogen-ukraine.com\/en\/protection-of-foreign-environmental-investments-in-ukraine\/\" class=\"elementor-item\" tabindex=\"-1\">Protection of Foreign Environmental Investments in Ukraine<\/a><\/li>\n<li class=\"menu-item menu-item-type-post_type menu-item-object-page menu-item-2407\"><a href=\"https:\/\/hydrogen-ukraine.com\/en\/international-cooperation-of-ukraine-in-the-hydrogen-sector\/\" class=\"elementor-item\" tabindex=\"-1\">International cooperation of Ukraine in the hydrogen sector<\/a><\/li>\n<li class=\"menu-item menu-item-type-post_type menu-item-object-page menu-item-2408\"><a href=\"https:\/\/hydrogen-ukraine.com\/en\/taxation-of-green-energy-and-dividend-taxation\/\" class=\"elementor-item\" tabindex=\"-1\">Taxation of green energy and dividend taxation<\/a><\/li>\n<li class=\"menu-item menu-item-type-post_type menu-item-object-page menu-item-2409\"><a href=\"https:\/\/hydrogen-ukraine.com\/en\/legal-regulation-of-hydrogen-energy-in-ukraine\/\" class=\"elementor-item\" tabindex=\"-1\">Legal Regulation of Hydrogen Energy in Ukraine<\/a><\/li>\n<li class=\"menu-item menu-item-type-post_type menu-item-object-page menu-item-2410\"><a href=\"https:\/\/hydrogen-ukraine.com\/en\/conditions-for-setting-up-a-business-in-ukraine\/\" class=\"elementor-item\" tabindex=\"-1\">Conditions for Setting up a Business in Ukraine<\/a><\/li>\n<\/ul>\t\t\t<\/nav>\n\t\t\t\t<\/div>\n\t\t\t\t<\/div>\n\t\t\t\t\t<\/div>\n\t\t<\/div>\n\t\t\t\t<div class=\"elementor-column elementor-col-50 elementor-top-column elementor-element elementor-element-81f5364\" data-id=\"81f5364\" data-element_type=\"column\" data-settings=\"{&quot;background_background&quot;:&quot;classic&quot;}\">\n\t\t\t<div class=\"elementor-widget-wrap elementor-element-populated\">\n\t\t\t\t\t\t<div class=\"elementor-element elementor-element-69ba14a7 elementor-widget elementor-widget-text-editor\" data-id=\"69ba14a7\" data-element_type=\"widget\" data-widget_type=\"text-editor.default\">\n\t\t\t\t<div class=\"elementor-widget-container\">\n\t\t\t<style>\/*! elementor - v3.22.0 - 26-06-2024 *\/\n.elementor-widget-text-editor.elementor-drop-cap-view-stacked .elementor-drop-cap{background-color:#69727d;color:#fff}.elementor-widget-text-editor.elementor-drop-cap-view-framed .elementor-drop-cap{color:#69727d;border:3px solid;background-color:transparent}.elementor-widget-text-editor:not(.elementor-drop-cap-view-default) .elementor-drop-cap{margin-top:8px}.elementor-widget-text-editor:not(.elementor-drop-cap-view-default) .elementor-drop-cap-letter{width:1em;height:1em}.elementor-widget-text-editor .elementor-drop-cap{float:left;text-align:center;line-height:1;font-size:50px}.elementor-widget-text-editor .elementor-drop-cap-letter{display:inline-block}<\/style>\t\t\t\t<p>Ucrania se encuentra activamente involucrada en la cooperaci\u00f3n internacional en el \u00e1mbito del hidr\u00f3geno, enfocada en el desarrollo de la energ\u00eda y tecnolog\u00edas relacionadas con el hidr\u00f3geno.<\/p><p><strong>Las principales \u00e1reas de cooperaci\u00f3n internacional de Ucrania en este campo incluyen:<\/strong><\/p><ol><li aria-level=\"1\">Asociaci\u00f3n con la Uni\u00f3n Europea: Ucrania colabora estrechamente con la Uni\u00f3n Europea en el \u00e1mbito de la energ\u00eda del hidr\u00f3geno. Ucrania se ha convertido en miembro del Pacto Verde Europeo (European Green Deal) y de la iniciativa Clean Hydrogen Alliance, las cuales fomentan proyectos conjuntos, intercambio de experiencias y desarrollo de est\u00e1ndares.<\/li><li aria-level=\"1\">Participaci\u00f3n en iniciativas internacionales: Ucrania participa en diversas iniciativas internacionales en el campo de la energ\u00eda del hidr\u00f3geno. Por ejemplo, Ucrania es uno de los miembros fundadores del Consejo Internacional del Hidr\u00f3geno (International Hydrogen Council), el cual re\u00fane a actores de los sectores empresariales, cient\u00edficos y gubernamentales para promover la implementaci\u00f3n de la energ\u00eda del hidr\u00f3geno.<\/li><li aria-level=\"1\">Proyectos internacionales y colaboraci\u00f3n: Ucrania lleva a cabo activamente proyectos internacionales y colabora con otros pa\u00edses en el \u00e1mbito de la energ\u00eda del hidr\u00f3geno. Por ejemplo, Ucrania colabora con Alemania en un proyecto de desarrollo de infraestructura de hidr\u00f3geno y producci\u00f3n de hidr\u00f3geno verde.<\/li><li aria-level=\"1\">Intercambio tecnol\u00f3gico y cooperaci\u00f3n cient\u00edfica: Ucrania colabora estrechamente con instituciones cient\u00edficas y empresas de otros pa\u00edses en el campo de la energ\u00eda del hidr\u00f3geno. Esto incluye el intercambio de tecnolog\u00edas, proyectos de investigaci\u00f3n y colaboraciones para el desarrollo de tecnolog\u00edas relacionadas con el hidr\u00f3geno.<\/li><\/ol><p>\u00a0<\/p><p>La cooperaci\u00f3n internacional permite a Ucrania acceder a tecnolog\u00edas avanzadas, apoyo financiero y experiencia, lo cual contribuye al desarrollo de la energ\u00eda del hidr\u00f3geno y a la transformaci\u00f3n energ\u00e9tica hacia una econom\u00eda m\u00e1s verde.<\/p>\t\t\t\t\t\t<\/div>\n\t\t\t\t<\/div>\n\t\t\t\t\t<\/div>\n\t\t<\/div>\n\t\t\t\t\t<\/div>\n\t\t<\/section>\n\t\t\t\t<\/div>\n\t\t","protected":false},"excerpt":{"rendered":"<p>Ucrania se encuentra activamente involucrada en la cooperaci\u00f3n internacional en el \u00e1mbito del hidr\u00f3geno, enfocada en el desarrollo de la energ\u00eda y tecnolog\u00edas relacionadas con el hidr\u00f3geno. Las principales \u00e1reas de cooperaci\u00f3n internacional de Ucrania en este campo incluyen: Asociaci\u00f3n con la Uni\u00f3n Europea: Ucrania colabora estrechamente con la Uni\u00f3n Europea en el \u00e1mbito de la energ\u00eda del hidr\u00f3geno. Ucrania se ha convertido en miembro del Pacto Verde Europeo (European Green Deal) y de la iniciativa Clean Hydrogen Alliance, las cuales fomentan proyectos conjuntos, intercambio de experiencias y desarrollo de est\u00e1ndares. Participaci\u00f3n en iniciativas internacionales: Ucrania participa en diversas iniciativas internacionales en el campo de la energ\u00eda del hidr\u00f3geno. Por ejemplo, Ucrania es uno de los miembros fundadores del Consejo Internacional del Hidr\u00f3geno (International Hydrogen Council), el cual re\u00fane a actores de los sectores empresariales, cient\u00edficos y gubernamentales para promover la implementaci\u00f3n de la energ\u00eda del hidr\u00f3geno. Proyectos internacionales y colaboraci\u00f3n: Ucrania lleva a cabo activamente proyectos internacionales y colabora con otros pa\u00edses en el \u00e1mbito de la energ\u00eda del hidr\u00f3geno. Por ejemplo, Ucrania colabora con Alemania en un proyecto de desarrollo de infraestructura de hidr\u00f3geno y producci\u00f3n de hidr\u00f3geno verde. Intercambio tecnol\u00f3gico y cooperaci\u00f3n cient\u00edfica: Ucrania colabora estrechamente con instituciones cient\u00edficas y empresas de otros pa\u00edses en el campo de la energ\u00eda del hidr\u00f3geno. Esto incluye el intercambio de tecnolog\u00edas, proyectos de investigaci\u00f3n y colaboraciones para el desarrollo de tecnolog\u00edas relacionadas con el hidr\u00f3geno. \u00a0 La cooperaci\u00f3n internacional permite a Ucrania acceder a tecnolog\u00edas avanzadas, apoyo financiero y experiencia, lo cual contribuye al desarrollo de la energ\u00eda del hidr\u00f3geno y a la transformaci\u00f3n energ\u00e9tica hacia una econom\u00eda m\u00e1s verde.<\/p>\n","protected":false},"author":1,"featured_media":0,"parent":0,"menu_order":0,"comment_status":"closed","ping_status":"closed","template":"elementor_header_footer","meta":{"footnotes":""},"_links":{"self":[{"href":"https:\/\/hydrogen-ukraine.com\/es\/wp-json\/wp\/v2\/pages\/2380"}],"collection":[{"href":"https:\/\/hydrogen-ukraine.com\/es\/wp-json\/wp\/v2\/pages"}],"about":[{"href":"https:\/\/hydrogen-ukraine.com\/es\/wp-json\/wp\/v2\/types\/page"}],"author":[{"embeddable":true,"href":"https:\/\/hydrogen-ukraine.com\/es\/wp-json\/wp\/v2\/users\/1"}],"replies":[{"embeddable":true,"href":"https:\/\/hydrogen-ukraine.com\/es\/wp-json\/wp\/v2\/comments?post=2380"}],"version-history":[{"count":4,"href":"https:\/\/hydrogen-ukraine.com\/es\/wp-json\/wp\/v2\/pages\/2380\/revisions"}],"predecessor-version":[{"id":2384,"href":"https:\/\/hydrogen-ukraine.com\/es\/wp-json\/wp\/v2\/pages\/2380\/revisions\/2384"}],"wp:attachment":[{"href":"https:\/\/hydrogen-ukraine.com\/es\/wp-json\/wp\/v2\/media?parent=2380"}],"curies":[{"name":"wp","href":"https:\/\/api.w.org\/{rel}","templated":true}]}}