{"id":2335,"date":"2023-07-26T12:06:04","date_gmt":"2023-07-26T09:06:04","guid":{"rendered":"https:\/\/hydrogen-ukraine.com\/?page_id=2335"},"modified":"2024-02-14T19:37:26","modified_gmt":"2024-02-14T17:37:26","slug":"la-tributacion-de-la-energia-verde-y-los-dividendos","status":"publish","type":"page","link":"https:\/\/hydrogen-ukraine.com\/es\/la-tributacion-de-la-energia-verde-y-los-dividendos\/","title":{"rendered":"La tributaci\u00f3n de la energ\u00eda verde y los dividendos"},"content":{"rendered":"\t\t<div data-elementor-type=\"wp-page\" data-elementor-id=\"2335\" class=\"elementor elementor-2335 elementor-19\" data-elementor-post-type=\"page\">\n\t\t\t\t\t\t<section class=\"elementor-section elementor-top-section elementor-element elementor-element-583cf11 elementor-section-boxed elementor-section-height-default elementor-section-height-default wpr-particle-no wpr-jarallax-no wpr-parallax-no wpr-sticky-section-no\" data-id=\"583cf11\" data-element_type=\"section\">\n\t\t\t\t\t\t<div class=\"elementor-container elementor-column-gap-default\">\n\t\t\t\t\t<div class=\"elementor-column elementor-col-50 elementor-top-column elementor-element elementor-element-f05fcb2 elementor-hidden-tablet elementor-hidden-mobile\" data-id=\"f05fcb2\" data-element_type=\"column\">\n\t\t\t<div class=\"elementor-widget-wrap elementor-element-populated\">\n\t\t\t\t\t\t<div class=\"elementor-element elementor-element-813c405 elementor-nav-menu--dropdown-none elementor-widget__width-initial elementor-widget elementor-widget-nav-menu\" data-id=\"813c405\" data-element_type=\"widget\" data-settings=\"{&quot;layout&quot;:&quot;vertical&quot;,&quot;submenu_icon&quot;:{&quot;value&quot;:&quot;&lt;i class=\\&quot;fas fa-caret-down\\&quot;&gt;&lt;\\\/i&gt;&quot;,&quot;library&quot;:&quot;fa-solid&quot;}}\" data-widget_type=\"nav-menu.default\">\n\t\t\t\t<div class=\"elementor-widget-container\">\n\t\t\t<link rel=\"stylesheet\" href=\"https:\/\/hydrogen-ukraine.com\/wp-content\/plugins\/elementor-pro\/assets\/css\/widget-nav-menu.min.css\">\t\t\t<nav class=\"elementor-nav-menu--main elementor-nav-menu__container elementor-nav-menu--layout-vertical e--pointer-underline e--animation-fade\">\n\t\t\t\t<ul id=\"menu-1-813c405\" class=\"elementor-nav-menu sm-vertical\"><li class=\"menu-item menu-item-type-post_type menu-item-object-page menu-item-2403\"><a href=\"https:\/\/hydrogen-ukraine.com\/en\/conditions-for-connection-to-the-ukrainian-energy-system-obtaining-teo-tu\/\" class=\"elementor-item\">Conditions for connection to the Ukrainian energy system<\/a><\/li>\n<li class=\"menu-item menu-item-type-post_type menu-item-object-page menu-item-2404\"><a href=\"https:\/\/hydrogen-ukraine.com\/en\/integration-of-ukraine-into-the-european-energy-system\/\" class=\"elementor-item\">Integration of Ukraine into the European energy system<\/a><\/li>\n<li class=\"menu-item menu-item-type-post_type menu-item-object-page menu-item-2405\"><a href=\"https:\/\/hydrogen-ukraine.com\/en\/ukraines-hydrogen-strategy-and-government-guarantees-of-its-implementation\/\" class=\"elementor-item\">Ukraine\u2019s Hydrogen Strategy and Government Guarantees<\/a><\/li>\n<li class=\"menu-item menu-item-type-post_type menu-item-object-page menu-item-2406\"><a href=\"https:\/\/hydrogen-ukraine.com\/en\/protection-of-foreign-environmental-investments-in-ukraine\/\" class=\"elementor-item\">Protection of Foreign Environmental Investments in Ukraine<\/a><\/li>\n<li class=\"menu-item menu-item-type-post_type menu-item-object-page menu-item-2407\"><a href=\"https:\/\/hydrogen-ukraine.com\/en\/international-cooperation-of-ukraine-in-the-hydrogen-sector\/\" class=\"elementor-item\">International cooperation of Ukraine in the hydrogen sector<\/a><\/li>\n<li class=\"menu-item menu-item-type-post_type menu-item-object-page menu-item-2408\"><a href=\"https:\/\/hydrogen-ukraine.com\/en\/taxation-of-green-energy-and-dividend-taxation\/\" class=\"elementor-item\">Taxation of green energy and dividend taxation<\/a><\/li>\n<li class=\"menu-item menu-item-type-post_type menu-item-object-page menu-item-2409\"><a href=\"https:\/\/hydrogen-ukraine.com\/en\/legal-regulation-of-hydrogen-energy-in-ukraine\/\" class=\"elementor-item\">Legal Regulation of Hydrogen Energy in Ukraine<\/a><\/li>\n<li class=\"menu-item menu-item-type-post_type menu-item-object-page menu-item-2410\"><a href=\"https:\/\/hydrogen-ukraine.com\/en\/conditions-for-setting-up-a-business-in-ukraine\/\" class=\"elementor-item\">Conditions for Setting up a Business in Ukraine<\/a><\/li>\n<\/ul>\t\t\t<\/nav>\n\t\t\t\t\t\t<nav class=\"elementor-nav-menu--dropdown elementor-nav-menu__container\" aria-hidden=\"true\">\n\t\t\t\t<ul id=\"menu-2-813c405\" class=\"elementor-nav-menu sm-vertical\"><li class=\"menu-item menu-item-type-post_type menu-item-object-page menu-item-2403\"><a href=\"https:\/\/hydrogen-ukraine.com\/en\/conditions-for-connection-to-the-ukrainian-energy-system-obtaining-teo-tu\/\" class=\"elementor-item\" tabindex=\"-1\">Conditions for connection to the Ukrainian energy system<\/a><\/li>\n<li class=\"menu-item menu-item-type-post_type menu-item-object-page menu-item-2404\"><a href=\"https:\/\/hydrogen-ukraine.com\/en\/integration-of-ukraine-into-the-european-energy-system\/\" class=\"elementor-item\" tabindex=\"-1\">Integration of Ukraine into the European energy system<\/a><\/li>\n<li class=\"menu-item menu-item-type-post_type menu-item-object-page menu-item-2405\"><a href=\"https:\/\/hydrogen-ukraine.com\/en\/ukraines-hydrogen-strategy-and-government-guarantees-of-its-implementation\/\" class=\"elementor-item\" tabindex=\"-1\">Ukraine\u2019s Hydrogen Strategy and Government Guarantees<\/a><\/li>\n<li class=\"menu-item menu-item-type-post_type menu-item-object-page menu-item-2406\"><a href=\"https:\/\/hydrogen-ukraine.com\/en\/protection-of-foreign-environmental-investments-in-ukraine\/\" class=\"elementor-item\" tabindex=\"-1\">Protection of Foreign Environmental Investments in Ukraine<\/a><\/li>\n<li class=\"menu-item menu-item-type-post_type menu-item-object-page menu-item-2407\"><a href=\"https:\/\/hydrogen-ukraine.com\/en\/international-cooperation-of-ukraine-in-the-hydrogen-sector\/\" class=\"elementor-item\" tabindex=\"-1\">International cooperation of Ukraine in the hydrogen sector<\/a><\/li>\n<li class=\"menu-item menu-item-type-post_type menu-item-object-page menu-item-2408\"><a href=\"https:\/\/hydrogen-ukraine.com\/en\/taxation-of-green-energy-and-dividend-taxation\/\" class=\"elementor-item\" tabindex=\"-1\">Taxation of green energy and dividend taxation<\/a><\/li>\n<li class=\"menu-item menu-item-type-post_type menu-item-object-page menu-item-2409\"><a href=\"https:\/\/hydrogen-ukraine.com\/en\/legal-regulation-of-hydrogen-energy-in-ukraine\/\" class=\"elementor-item\" tabindex=\"-1\">Legal Regulation of Hydrogen Energy in Ukraine<\/a><\/li>\n<li class=\"menu-item menu-item-type-post_type menu-item-object-page menu-item-2410\"><a href=\"https:\/\/hydrogen-ukraine.com\/en\/conditions-for-setting-up-a-business-in-ukraine\/\" class=\"elementor-item\" tabindex=\"-1\">Conditions for Setting up a Business in Ukraine<\/a><\/li>\n<\/ul>\t\t\t<\/nav>\n\t\t\t\t<\/div>\n\t\t\t\t<\/div>\n\t\t\t\t\t<\/div>\n\t\t<\/div>\n\t\t\t\t<div class=\"elementor-column elementor-col-50 elementor-top-column elementor-element elementor-element-5335da4\" data-id=\"5335da4\" data-element_type=\"column\" data-settings=\"{&quot;background_background&quot;:&quot;classic&quot;}\">\n\t\t\t<div class=\"elementor-widget-wrap elementor-element-populated\">\n\t\t\t\t\t\t<div class=\"elementor-element elementor-element-32890c60 elementor-widget elementor-widget-text-editor\" data-id=\"32890c60\" data-element_type=\"widget\" data-widget_type=\"text-editor.default\">\n\t\t\t\t<div class=\"elementor-widget-container\">\n\t\t\t<style>\/*! elementor - v3.22.0 - 26-06-2024 *\/\n.elementor-widget-text-editor.elementor-drop-cap-view-stacked .elementor-drop-cap{background-color:#69727d;color:#fff}.elementor-widget-text-editor.elementor-drop-cap-view-framed .elementor-drop-cap{color:#69727d;border:3px solid;background-color:transparent}.elementor-widget-text-editor:not(.elementor-drop-cap-view-default) .elementor-drop-cap{margin-top:8px}.elementor-widget-text-editor:not(.elementor-drop-cap-view-default) .elementor-drop-cap-letter{width:1em;height:1em}.elementor-widget-text-editor .elementor-drop-cap{float:left;text-align:center;line-height:1;font-size:50px}.elementor-widget-text-editor .elementor-drop-cap-letter{display:inline-block}<\/style>\t\t\t\t<p><span style=\"font-weight: 400;\">La tributaci\u00f3n de la energ\u00eda verde y los dividendos puede variar seg\u00fan la legislaci\u00f3n y la pol\u00edtica de cada pa\u00eds, incluyendo Ucrania. <\/span><\/p><p><strong>A continuaci\u00f3n se presenta informaci\u00f3n general sobre la tributaci\u00f3n en estos dos \u00e1mbitos:<\/strong><\/p><ol><li style=\"font-weight: 400;\" aria-level=\"1\"><span style=\"font-weight: 400;\">Tributaci\u00f3n de la energ\u00eda verde: En muchos pa\u00edses, incluyendo Ucrania, existen diferentes incentivos y beneficios fiscales para el desarrollo de la energ\u00eda verde. Estos pueden incluir cr\u00e9ditos fiscales, reducciones de impuestos, prioridades en la venta de electricidad, entre otros. En general, la energ\u00eda verde tiene ventajas fiscales, ya que promueve el desarrollo sostenible y la ecolog\u00eda. Sin embargo, las reglas y las tasas impositivas espec\u00edficas pueden variar de un pa\u00eds a otro.<\/span><\/li><li style=\"font-weight: 400;\" aria-level=\"1\"><span style=\"font-weight: 400;\">Tributaci\u00f3n de los dividendos: La tributaci\u00f3n de los dividendos depende de la legislaci\u00f3n nacional del pa\u00eds en el que se encuentra la empresa. En muchos pa\u00edses, existen impuestos sobre los dividendos que son pagados por las empresas y recibidos por los beneficiarios de los dividendos. Estas tasas pueden variar seg\u00fan el nivel de ingresos, el estatus del contribuyente y otros factores. Sin embargo, en muchos pa\u00edses tambi\u00e9n existen convenios fiscales y mecanismos para evitar la doble imposici\u00f3n de los dividendos. Es importante estudiar detenidamente la legislaci\u00f3n fiscal espec\u00edfica del pa\u00eds para comprender su impacto en la tributaci\u00f3n de los dividendos.<\/span><\/li><\/ol><p>\u00a0<\/p><p><span style=\"font-weight: 400;\">Cabe destacar que la informaci\u00f3n anterior es general y se recomienda consultar las leyes espec\u00edficas y buscar asesoramiento de expertos en derecho tributario para obtener informaci\u00f3n precisa sobre la tributaci\u00f3n de la energ\u00eda verde y los dividendos en un pa\u00eds determinado.<\/span><\/p>\t\t\t\t\t\t<\/div>\n\t\t\t\t<\/div>\n\t\t\t\t\t<\/div>\n\t\t<\/div>\n\t\t\t\t\t<\/div>\n\t\t<\/section>\n\t\t\t\t<\/div>\n\t\t","protected":false},"excerpt":{"rendered":"<p>La tributaci\u00f3n de la energ\u00eda verde y los dividendos puede variar seg\u00fan la legislaci\u00f3n y la pol\u00edtica de cada pa\u00eds, incluyendo Ucrania. A continuaci\u00f3n se presenta informaci\u00f3n general sobre la tributaci\u00f3n en estos dos \u00e1mbitos: Tributaci\u00f3n de la energ\u00eda verde: En muchos pa\u00edses, incluyendo Ucrania, existen diferentes incentivos y beneficios fiscales para el desarrollo de la energ\u00eda verde. Estos pueden incluir cr\u00e9ditos fiscales, reducciones de impuestos, prioridades en la venta de electricidad, entre otros. En general, la energ\u00eda verde tiene ventajas fiscales, ya que promueve el desarrollo sostenible y la ecolog\u00eda. Sin embargo, las reglas y las tasas impositivas espec\u00edficas pueden variar de un pa\u00eds a otro. Tributaci\u00f3n de los dividendos: La tributaci\u00f3n de los dividendos depende de la legislaci\u00f3n nacional del pa\u00eds en el que se encuentra la empresa. En muchos pa\u00edses, existen impuestos sobre los dividendos que son pagados por las empresas y recibidos por los beneficiarios de los dividendos. Estas tasas pueden variar seg\u00fan el nivel de ingresos, el estatus del contribuyente y otros factores. Sin embargo, en muchos pa\u00edses tambi\u00e9n existen convenios fiscales y mecanismos para evitar la doble imposici\u00f3n de los dividendos. Es importante estudiar detenidamente la legislaci\u00f3n fiscal espec\u00edfica del pa\u00eds para comprender su impacto en la tributaci\u00f3n de los dividendos. \u00a0 Cabe destacar que la informaci\u00f3n anterior es general y se recomienda consultar las leyes espec\u00edficas y buscar asesoramiento de expertos en derecho tributario para obtener informaci\u00f3n precisa sobre la tributaci\u00f3n de la energ\u00eda verde y los dividendos en un pa\u00eds determinado.<\/p>\n","protected":false},"author":1,"featured_media":0,"parent":0,"menu_order":0,"comment_status":"closed","ping_status":"closed","template":"elementor_header_footer","meta":{"footnotes":""},"_links":{"self":[{"href":"https:\/\/hydrogen-ukraine.com\/es\/wp-json\/wp\/v2\/pages\/2335"}],"collection":[{"href":"https:\/\/hydrogen-ukraine.com\/es\/wp-json\/wp\/v2\/pages"}],"about":[{"href":"https:\/\/hydrogen-ukraine.com\/es\/wp-json\/wp\/v2\/types\/page"}],"author":[{"embeddable":true,"href":"https:\/\/hydrogen-ukraine.com\/es\/wp-json\/wp\/v2\/users\/1"}],"replies":[{"embeddable":true,"href":"https:\/\/hydrogen-ukraine.com\/es\/wp-json\/wp\/v2\/comments?post=2335"}],"version-history":[{"count":4,"href":"https:\/\/hydrogen-ukraine.com\/es\/wp-json\/wp\/v2\/pages\/2335\/revisions"}],"predecessor-version":[{"id":2339,"href":"https:\/\/hydrogen-ukraine.com\/es\/wp-json\/wp\/v2\/pages\/2335\/revisions\/2339"}],"wp:attachment":[{"href":"https:\/\/hydrogen-ukraine.com\/es\/wp-json\/wp\/v2\/media?parent=2335"}],"curies":[{"name":"wp","href":"https:\/\/api.w.org\/{rel}","templated":true}]}}