{"id":2272,"date":"2023-07-26T12:07:01","date_gmt":"2023-07-26T09:07:01","guid":{"rendered":"https:\/\/hydrogen-ukraine.com\/?page_id=2272"},"modified":"2024-02-14T16:58:49","modified_gmt":"2024-02-14T14:58:49","slug":"condiciones-de-conexion-al-sistema-electrico-de-ucrania","status":"publish","type":"page","link":"https:\/\/hydrogen-ukraine.com\/es\/condiciones-de-conexion-al-sistema-electrico-de-ucrania\/","title":{"rendered":"Condiciones de conexi\u00f3n al sistema el\u00e9ctrico de Ucrania"},"content":{"rendered":"\t\t<div data-elementor-type=\"wp-page\" data-elementor-id=\"2272\" class=\"elementor elementor-2272 elementor-25\" data-elementor-post-type=\"page\">\n\t\t\t\t\t\t<section class=\"elementor-section elementor-top-section elementor-element elementor-element-99fd7f4 elementor-section-boxed elementor-section-height-default elementor-section-height-default wpr-particle-no wpr-jarallax-no wpr-parallax-no wpr-sticky-section-no\" data-id=\"99fd7f4\" data-element_type=\"section\">\n\t\t\t\t\t\t<div class=\"elementor-container elementor-column-gap-default\">\n\t\t\t\t\t<div class=\"elementor-column elementor-col-50 elementor-top-column elementor-element elementor-element-4e0e74f elementor-hidden-tablet elementor-hidden-mobile\" data-id=\"4e0e74f\" data-element_type=\"column\">\n\t\t\t<div class=\"elementor-widget-wrap elementor-element-populated\">\n\t\t\t\t\t\t<div class=\"elementor-element elementor-element-54c0730 elementor-nav-menu--dropdown-none elementor-widget__width-initial elementor-widget elementor-widget-nav-menu\" data-id=\"54c0730\" data-element_type=\"widget\" data-settings=\"{&quot;layout&quot;:&quot;vertical&quot;,&quot;submenu_icon&quot;:{&quot;value&quot;:&quot;&lt;i class=\\&quot;fas fa-caret-down\\&quot;&gt;&lt;\\\/i&gt;&quot;,&quot;library&quot;:&quot;fa-solid&quot;}}\" data-widget_type=\"nav-menu.default\">\n\t\t\t\t<div class=\"elementor-widget-container\">\n\t\t\t<link rel=\"stylesheet\" href=\"https:\/\/hydrogen-ukraine.com\/wp-content\/plugins\/elementor-pro\/assets\/css\/widget-nav-menu.min.css\">\t\t\t<nav class=\"elementor-nav-menu--main elementor-nav-menu__container elementor-nav-menu--layout-vertical e--pointer-underline e--animation-fade\">\n\t\t\t\t<ul id=\"menu-1-54c0730\" class=\"elementor-nav-menu sm-vertical\"><li class=\"menu-item menu-item-type-post_type menu-item-object-page menu-item-2403\"><a href=\"https:\/\/hydrogen-ukraine.com\/en\/conditions-for-connection-to-the-ukrainian-energy-system-obtaining-teo-tu\/\" class=\"elementor-item\">Conditions for connection to the Ukrainian energy system<\/a><\/li>\n<li class=\"menu-item menu-item-type-post_type menu-item-object-page menu-item-2404\"><a href=\"https:\/\/hydrogen-ukraine.com\/en\/integration-of-ukraine-into-the-european-energy-system\/\" class=\"elementor-item\">Integration of Ukraine into the European energy system<\/a><\/li>\n<li class=\"menu-item menu-item-type-post_type menu-item-object-page menu-item-2405\"><a href=\"https:\/\/hydrogen-ukraine.com\/en\/ukraines-hydrogen-strategy-and-government-guarantees-of-its-implementation\/\" class=\"elementor-item\">Ukraine\u2019s Hydrogen Strategy and Government Guarantees<\/a><\/li>\n<li class=\"menu-item menu-item-type-post_type menu-item-object-page menu-item-2406\"><a href=\"https:\/\/hydrogen-ukraine.com\/en\/protection-of-foreign-environmental-investments-in-ukraine\/\" class=\"elementor-item\">Protection of Foreign Environmental Investments in Ukraine<\/a><\/li>\n<li class=\"menu-item menu-item-type-post_type menu-item-object-page menu-item-2407\"><a href=\"https:\/\/hydrogen-ukraine.com\/en\/international-cooperation-of-ukraine-in-the-hydrogen-sector\/\" class=\"elementor-item\">International cooperation of Ukraine in the hydrogen sector<\/a><\/li>\n<li class=\"menu-item menu-item-type-post_type menu-item-object-page menu-item-2408\"><a href=\"https:\/\/hydrogen-ukraine.com\/en\/taxation-of-green-energy-and-dividend-taxation\/\" class=\"elementor-item\">Taxation of green energy and dividend taxation<\/a><\/li>\n<li class=\"menu-item menu-item-type-post_type menu-item-object-page menu-item-2409\"><a href=\"https:\/\/hydrogen-ukraine.com\/en\/legal-regulation-of-hydrogen-energy-in-ukraine\/\" class=\"elementor-item\">Legal Regulation of Hydrogen Energy in Ukraine<\/a><\/li>\n<li class=\"menu-item menu-item-type-post_type menu-item-object-page menu-item-2410\"><a href=\"https:\/\/hydrogen-ukraine.com\/en\/conditions-for-setting-up-a-business-in-ukraine\/\" class=\"elementor-item\">Conditions for Setting up a Business in Ukraine<\/a><\/li>\n<\/ul>\t\t\t<\/nav>\n\t\t\t\t\t\t<nav class=\"elementor-nav-menu--dropdown elementor-nav-menu__container\" aria-hidden=\"true\">\n\t\t\t\t<ul id=\"menu-2-54c0730\" class=\"elementor-nav-menu sm-vertical\"><li class=\"menu-item menu-item-type-post_type menu-item-object-page menu-item-2403\"><a href=\"https:\/\/hydrogen-ukraine.com\/en\/conditions-for-connection-to-the-ukrainian-energy-system-obtaining-teo-tu\/\" class=\"elementor-item\" tabindex=\"-1\">Conditions for connection to the Ukrainian energy system<\/a><\/li>\n<li class=\"menu-item menu-item-type-post_type menu-item-object-page menu-item-2404\"><a href=\"https:\/\/hydrogen-ukraine.com\/en\/integration-of-ukraine-into-the-european-energy-system\/\" class=\"elementor-item\" tabindex=\"-1\">Integration of Ukraine into the European energy system<\/a><\/li>\n<li class=\"menu-item menu-item-type-post_type menu-item-object-page menu-item-2405\"><a href=\"https:\/\/hydrogen-ukraine.com\/en\/ukraines-hydrogen-strategy-and-government-guarantees-of-its-implementation\/\" class=\"elementor-item\" tabindex=\"-1\">Ukraine\u2019s Hydrogen Strategy and Government Guarantees<\/a><\/li>\n<li class=\"menu-item menu-item-type-post_type menu-item-object-page menu-item-2406\"><a href=\"https:\/\/hydrogen-ukraine.com\/en\/protection-of-foreign-environmental-investments-in-ukraine\/\" class=\"elementor-item\" tabindex=\"-1\">Protection of Foreign Environmental Investments in Ukraine<\/a><\/li>\n<li class=\"menu-item menu-item-type-post_type menu-item-object-page menu-item-2407\"><a href=\"https:\/\/hydrogen-ukraine.com\/en\/international-cooperation-of-ukraine-in-the-hydrogen-sector\/\" class=\"elementor-item\" tabindex=\"-1\">International cooperation of Ukraine in the hydrogen sector<\/a><\/li>\n<li class=\"menu-item menu-item-type-post_type menu-item-object-page menu-item-2408\"><a href=\"https:\/\/hydrogen-ukraine.com\/en\/taxation-of-green-energy-and-dividend-taxation\/\" class=\"elementor-item\" tabindex=\"-1\">Taxation of green energy and dividend taxation<\/a><\/li>\n<li class=\"menu-item menu-item-type-post_type menu-item-object-page menu-item-2409\"><a href=\"https:\/\/hydrogen-ukraine.com\/en\/legal-regulation-of-hydrogen-energy-in-ukraine\/\" class=\"elementor-item\" tabindex=\"-1\">Legal Regulation of Hydrogen Energy in Ukraine<\/a><\/li>\n<li class=\"menu-item menu-item-type-post_type menu-item-object-page menu-item-2410\"><a href=\"https:\/\/hydrogen-ukraine.com\/en\/conditions-for-setting-up-a-business-in-ukraine\/\" class=\"elementor-item\" tabindex=\"-1\">Conditions for Setting up a Business in Ukraine<\/a><\/li>\n<\/ul>\t\t\t<\/nav>\n\t\t\t\t<\/div>\n\t\t\t\t<\/div>\n\t\t\t\t\t<\/div>\n\t\t<\/div>\n\t\t\t\t<div class=\"elementor-column elementor-col-50 elementor-top-column elementor-element elementor-element-0b0b442\" data-id=\"0b0b442\" data-element_type=\"column\" data-settings=\"{&quot;background_background&quot;:&quot;classic&quot;}\">\n\t\t\t<div class=\"elementor-widget-wrap elementor-element-populated\">\n\t\t\t\t\t\t<div class=\"elementor-element elementor-element-4bf8662 elementor-widget elementor-widget-text-editor\" data-id=\"4bf8662\" data-element_type=\"widget\" data-widget_type=\"text-editor.default\">\n\t\t\t\t<div class=\"elementor-widget-container\">\n\t\t\t<style>\/*! elementor - v3.22.0 - 26-06-2024 *\/\n.elementor-widget-text-editor.elementor-drop-cap-view-stacked .elementor-drop-cap{background-color:#69727d;color:#fff}.elementor-widget-text-editor.elementor-drop-cap-view-framed .elementor-drop-cap{color:#69727d;border:3px solid;background-color:transparent}.elementor-widget-text-editor:not(.elementor-drop-cap-view-default) .elementor-drop-cap{margin-top:8px}.elementor-widget-text-editor:not(.elementor-drop-cap-view-default) .elementor-drop-cap-letter{width:1em;height:1em}.elementor-widget-text-editor .elementor-drop-cap{float:left;text-align:center;line-height:1;font-size:50px}.elementor-widget-text-editor .elementor-drop-cap-letter{display:inline-block}<\/style>\t\t\t\t<p>La conexi\u00f3n al sistema el\u00e9ctrico de Ucrania requiere el cumplimiento de ciertas condiciones y procedimientos, incluyendo la obtenci\u00f3n de un estudio t\u00e9cnico (ET) y especificaciones t\u00e9cnicas (ST).<\/p><p><strong>A continuaci\u00f3n se presenta una descripci\u00f3n general de estas condiciones:<\/strong><\/p><ol><li aria-level=\"1\">Obtenci\u00f3n de un estudio t\u00e9cnico (ET): El primer paso para conectarse al sistema el\u00e9ctrico de Ucrania es obtener un estudio t\u00e9cnico. Este proceso implica ponerse en contacto con el operador del sistema de transmisi\u00f3n (o el operador del sistema de distribuci\u00f3n en caso de conexi\u00f3n al sistema de distribuci\u00f3n) y presentar una solicitud para obtener un estudio t\u00e9cnico. Es necesario proporcionar informaci\u00f3n detallada sobre el proyecto de conexi\u00f3n planificado, incluyendo la potencia, el modo de operaci\u00f3n, los requisitos t\u00e9cnicos, etc.<\/li><li aria-level=\"1\">Elaboraci\u00f3n de especificaciones t\u00e9cnicas (ST): Despu\u00e9s de obtener el estudio t\u00e9cnico, es necesario elaborar un proyecto de especificaciones t\u00e9cnicas para la conexi\u00f3n del sistema al\u00e9ctrico. El proyecto de especificaciones t\u00e9cnicas se env\u00eda al operador del sistema de transmisi\u00f3n (o el operador del sistema de distribuci\u00f3n), quien verifica su conformidad con los requisitos t\u00e9cnicos y las normas.<\/li><li aria-level=\"1\">Celebraci\u00f3n de un contrato de conexi\u00f3n: Despu\u00e9s de llegar a un acuerdo sobre el proyecto de especificaciones t\u00e9cnicas con el operador del sistema de transmisi\u00f3n (o el operador del sistema de distribuci\u00f3n), se celebra un contrato de conexi\u00f3n al sistema el\u00e9ctrico. Este contrato incluye los requisitos y condiciones que regulan el proceso de conexi\u00f3n, los par\u00e1metros t\u00e9cnicos, los pagos y otros aspectos.<\/li><li aria-level=\"1\">Realizaci\u00f3n de trabajos t\u00e9cnicos: Despu\u00e9s de la firma del contrato de conexi\u00f3n, es necesario realizar trabajos t\u00e9cnicos de construcci\u00f3n o modernizaci\u00f3n de las instalaciones el\u00e9ctricas.<\/li><\/ol>\t\t\t\t\t\t<\/div>\n\t\t\t\t<\/div>\n\t\t\t\t\t<\/div>\n\t\t<\/div>\n\t\t\t\t\t<\/div>\n\t\t<\/section>\n\t\t\t\t<\/div>\n\t\t","protected":false},"excerpt":{"rendered":"<p>La conexi\u00f3n al sistema el\u00e9ctrico de Ucrania requiere el cumplimiento de ciertas condiciones y procedimientos, incluyendo la obtenci\u00f3n de un estudio t\u00e9cnico (ET) y especificaciones t\u00e9cnicas (ST). A continuaci\u00f3n se presenta una descripci\u00f3n general de estas condiciones: Obtenci\u00f3n de un estudio t\u00e9cnico (ET): El primer paso para conectarse al sistema el\u00e9ctrico de Ucrania es obtener un estudio t\u00e9cnico. Este proceso implica ponerse en contacto con el operador del sistema de transmisi\u00f3n (o el operador del sistema de distribuci\u00f3n en caso de conexi\u00f3n al sistema de distribuci\u00f3n) y presentar una solicitud para obtener un estudio t\u00e9cnico. Es necesario proporcionar informaci\u00f3n detallada sobre el proyecto de conexi\u00f3n planificado, incluyendo la potencia, el modo de operaci\u00f3n, los requisitos t\u00e9cnicos, etc. Elaboraci\u00f3n de especificaciones t\u00e9cnicas (ST): Despu\u00e9s de obtener el estudio t\u00e9cnico, es necesario elaborar un proyecto de especificaciones t\u00e9cnicas para la conexi\u00f3n del sistema al\u00e9ctrico. El proyecto de especificaciones t\u00e9cnicas se env\u00eda al operador del sistema de transmisi\u00f3n (o el operador del sistema de distribuci\u00f3n), quien verifica su conformidad con los requisitos t\u00e9cnicos y las normas. Celebraci\u00f3n de un contrato de conexi\u00f3n: Despu\u00e9s de llegar a un acuerdo sobre el proyecto de especificaciones t\u00e9cnicas con el operador del sistema de transmisi\u00f3n (o el operador del sistema de distribuci\u00f3n), se celebra un contrato de conexi\u00f3n al sistema el\u00e9ctrico. Este contrato incluye los requisitos y condiciones que regulan el proceso de conexi\u00f3n, los par\u00e1metros t\u00e9cnicos, los pagos y otros aspectos. Realizaci\u00f3n de trabajos t\u00e9cnicos: Despu\u00e9s de la firma del contrato de conexi\u00f3n, es necesario realizar trabajos t\u00e9cnicos de construcci\u00f3n o modernizaci\u00f3n de las instalaciones el\u00e9ctricas.<\/p>\n","protected":false},"author":1,"featured_media":0,"parent":0,"menu_order":0,"comment_status":"closed","ping_status":"closed","template":"elementor_header_footer","meta":{"footnotes":""},"_links":{"self":[{"href":"https:\/\/hydrogen-ukraine.com\/es\/wp-json\/wp\/v2\/pages\/2272"}],"collection":[{"href":"https:\/\/hydrogen-ukraine.com\/es\/wp-json\/wp\/v2\/pages"}],"about":[{"href":"https:\/\/hydrogen-ukraine.com\/es\/wp-json\/wp\/v2\/types\/page"}],"author":[{"embeddable":true,"href":"https:\/\/hydrogen-ukraine.com\/es\/wp-json\/wp\/v2\/users\/1"}],"replies":[{"embeddable":true,"href":"https:\/\/hydrogen-ukraine.com\/es\/wp-json\/wp\/v2\/comments?post=2272"}],"version-history":[{"count":4,"href":"https:\/\/hydrogen-ukraine.com\/es\/wp-json\/wp\/v2\/pages\/2272\/revisions"}],"predecessor-version":[{"id":2276,"href":"https:\/\/hydrogen-ukraine.com\/es\/wp-json\/wp\/v2\/pages\/2272\/revisions\/2276"}],"wp:attachment":[{"href":"https:\/\/hydrogen-ukraine.com\/es\/wp-json\/wp\/v2\/media?parent=2272"}],"curies":[{"name":"wp","href":"https:\/\/api.w.org\/{rel}","templated":true}]}}