{"id":2233,"date":"2023-07-26T12:04:34","date_gmt":"2023-07-26T09:04:34","guid":{"rendered":"https:\/\/hydrogen-ukraine.com\/?page_id=2233"},"modified":"2024-02-14T15:57:46","modified_gmt":"2024-02-14T13:57:46","slug":"la-estrategia-de-hidrogeno-de-ucrania-y-las-garantias-del-gobierno-para-su-cumplimiento","status":"publish","type":"page","link":"https:\/\/hydrogen-ukraine.com\/es\/la-estrategia-de-hidrogeno-de-ucrania-y-las-garantias-del-gobierno-para-su-cumplimiento\/","title":{"rendered":"La estrategia de hidr\u00f3geno de Ucrania y las garant\u00edas del gobierno para su cumplimiento"},"content":{"rendered":"\t\t<div data-elementor-type=\"wp-page\" data-elementor-id=\"2233\" class=\"elementor elementor-2233 elementor-11\" data-elementor-post-type=\"page\">\n\t\t\t\t\t\t<section class=\"elementor-section elementor-top-section elementor-element elementor-element-eaf8db1 elementor-section-boxed elementor-section-height-default elementor-section-height-default wpr-particle-no wpr-jarallax-no wpr-parallax-no wpr-sticky-section-no\" data-id=\"eaf8db1\" data-element_type=\"section\">\n\t\t\t\t\t\t<div class=\"elementor-container elementor-column-gap-default\">\n\t\t\t\t\t<div class=\"elementor-column elementor-col-50 elementor-top-column elementor-element elementor-element-35e0518 elementor-hidden-tablet elementor-hidden-mobile\" data-id=\"35e0518\" data-element_type=\"column\">\n\t\t\t<div class=\"elementor-widget-wrap elementor-element-populated\">\n\t\t\t\t\t\t<div class=\"elementor-element elementor-element-64520d7 elementor-nav-menu--dropdown-none elementor-widget__width-initial elementor-widget elementor-widget-nav-menu\" data-id=\"64520d7\" data-element_type=\"widget\" data-settings=\"{&quot;layout&quot;:&quot;vertical&quot;,&quot;submenu_icon&quot;:{&quot;value&quot;:&quot;&lt;i class=\\&quot;fas fa-caret-down\\&quot;&gt;&lt;\\\/i&gt;&quot;,&quot;library&quot;:&quot;fa-solid&quot;}}\" data-widget_type=\"nav-menu.default\">\n\t\t\t\t<div class=\"elementor-widget-container\">\n\t\t\t<link rel=\"stylesheet\" href=\"https:\/\/hydrogen-ukraine.com\/wp-content\/plugins\/elementor-pro\/assets\/css\/widget-nav-menu.min.css\">\t\t\t<nav class=\"elementor-nav-menu--main elementor-nav-menu__container elementor-nav-menu--layout-vertical e--pointer-underline e--animation-fade\">\n\t\t\t\t<ul id=\"menu-1-64520d7\" class=\"elementor-nav-menu sm-vertical\"><li class=\"menu-item menu-item-type-post_type menu-item-object-page menu-item-2403\"><a href=\"https:\/\/hydrogen-ukraine.com\/en\/conditions-for-connection-to-the-ukrainian-energy-system-obtaining-teo-tu\/\" class=\"elementor-item\">Conditions for connection to the Ukrainian energy system<\/a><\/li>\n<li class=\"menu-item menu-item-type-post_type menu-item-object-page menu-item-2404\"><a href=\"https:\/\/hydrogen-ukraine.com\/en\/integration-of-ukraine-into-the-european-energy-system\/\" class=\"elementor-item\">Integration of Ukraine into the European energy system<\/a><\/li>\n<li class=\"menu-item menu-item-type-post_type menu-item-object-page menu-item-2405\"><a href=\"https:\/\/hydrogen-ukraine.com\/en\/ukraines-hydrogen-strategy-and-government-guarantees-of-its-implementation\/\" class=\"elementor-item\">Ukraine\u2019s Hydrogen Strategy and Government Guarantees<\/a><\/li>\n<li class=\"menu-item menu-item-type-post_type menu-item-object-page menu-item-2406\"><a href=\"https:\/\/hydrogen-ukraine.com\/en\/protection-of-foreign-environmental-investments-in-ukraine\/\" class=\"elementor-item\">Protection of Foreign Environmental Investments in Ukraine<\/a><\/li>\n<li class=\"menu-item menu-item-type-post_type menu-item-object-page menu-item-2407\"><a href=\"https:\/\/hydrogen-ukraine.com\/en\/international-cooperation-of-ukraine-in-the-hydrogen-sector\/\" class=\"elementor-item\">International cooperation of Ukraine in the hydrogen sector<\/a><\/li>\n<li class=\"menu-item menu-item-type-post_type menu-item-object-page menu-item-2408\"><a href=\"https:\/\/hydrogen-ukraine.com\/en\/taxation-of-green-energy-and-dividend-taxation\/\" class=\"elementor-item\">Taxation of green energy and dividend taxation<\/a><\/li>\n<li class=\"menu-item menu-item-type-post_type menu-item-object-page menu-item-2409\"><a href=\"https:\/\/hydrogen-ukraine.com\/en\/legal-regulation-of-hydrogen-energy-in-ukraine\/\" class=\"elementor-item\">Legal Regulation of Hydrogen Energy in Ukraine<\/a><\/li>\n<li class=\"menu-item menu-item-type-post_type menu-item-object-page menu-item-2410\"><a href=\"https:\/\/hydrogen-ukraine.com\/en\/conditions-for-setting-up-a-business-in-ukraine\/\" class=\"elementor-item\">Conditions for Setting up a Business in Ukraine<\/a><\/li>\n<\/ul>\t\t\t<\/nav>\n\t\t\t\t\t\t<nav class=\"elementor-nav-menu--dropdown elementor-nav-menu__container\" aria-hidden=\"true\">\n\t\t\t\t<ul id=\"menu-2-64520d7\" class=\"elementor-nav-menu sm-vertical\"><li class=\"menu-item menu-item-type-post_type menu-item-object-page menu-item-2403\"><a href=\"https:\/\/hydrogen-ukraine.com\/en\/conditions-for-connection-to-the-ukrainian-energy-system-obtaining-teo-tu\/\" class=\"elementor-item\" tabindex=\"-1\">Conditions for connection to the Ukrainian energy system<\/a><\/li>\n<li class=\"menu-item menu-item-type-post_type menu-item-object-page menu-item-2404\"><a href=\"https:\/\/hydrogen-ukraine.com\/en\/integration-of-ukraine-into-the-european-energy-system\/\" class=\"elementor-item\" tabindex=\"-1\">Integration of Ukraine into the European energy system<\/a><\/li>\n<li class=\"menu-item menu-item-type-post_type menu-item-object-page menu-item-2405\"><a href=\"https:\/\/hydrogen-ukraine.com\/en\/ukraines-hydrogen-strategy-and-government-guarantees-of-its-implementation\/\" class=\"elementor-item\" tabindex=\"-1\">Ukraine\u2019s Hydrogen Strategy and Government Guarantees<\/a><\/li>\n<li class=\"menu-item menu-item-type-post_type menu-item-object-page menu-item-2406\"><a href=\"https:\/\/hydrogen-ukraine.com\/en\/protection-of-foreign-environmental-investments-in-ukraine\/\" class=\"elementor-item\" tabindex=\"-1\">Protection of Foreign Environmental Investments in Ukraine<\/a><\/li>\n<li class=\"menu-item menu-item-type-post_type menu-item-object-page menu-item-2407\"><a href=\"https:\/\/hydrogen-ukraine.com\/en\/international-cooperation-of-ukraine-in-the-hydrogen-sector\/\" class=\"elementor-item\" tabindex=\"-1\">International cooperation of Ukraine in the hydrogen sector<\/a><\/li>\n<li class=\"menu-item menu-item-type-post_type menu-item-object-page menu-item-2408\"><a href=\"https:\/\/hydrogen-ukraine.com\/en\/taxation-of-green-energy-and-dividend-taxation\/\" class=\"elementor-item\" tabindex=\"-1\">Taxation of green energy and dividend taxation<\/a><\/li>\n<li class=\"menu-item menu-item-type-post_type menu-item-object-page menu-item-2409\"><a href=\"https:\/\/hydrogen-ukraine.com\/en\/legal-regulation-of-hydrogen-energy-in-ukraine\/\" class=\"elementor-item\" tabindex=\"-1\">Legal Regulation of Hydrogen Energy in Ukraine<\/a><\/li>\n<li class=\"menu-item menu-item-type-post_type menu-item-object-page menu-item-2410\"><a href=\"https:\/\/hydrogen-ukraine.com\/en\/conditions-for-setting-up-a-business-in-ukraine\/\" class=\"elementor-item\" tabindex=\"-1\">Conditions for Setting up a Business in Ukraine<\/a><\/li>\n<\/ul>\t\t\t<\/nav>\n\t\t\t\t<\/div>\n\t\t\t\t<\/div>\n\t\t\t\t\t<\/div>\n\t\t<\/div>\n\t\t\t\t<div class=\"elementor-column elementor-col-50 elementor-top-column elementor-element elementor-element-2e8036f\" data-id=\"2e8036f\" data-element_type=\"column\" data-settings=\"{&quot;background_background&quot;:&quot;classic&quot;}\">\n\t\t\t<div class=\"elementor-widget-wrap elementor-element-populated\">\n\t\t\t\t\t\t<div class=\"elementor-element elementor-element-d2fb9c9 elementor-widget elementor-widget-text-editor\" data-id=\"d2fb9c9\" data-element_type=\"widget\" data-widget_type=\"text-editor.default\">\n\t\t\t\t<div class=\"elementor-widget-container\">\n\t\t\t<style>\/*! elementor - v3.22.0 - 26-06-2024 *\/\n.elementor-widget-text-editor.elementor-drop-cap-view-stacked .elementor-drop-cap{background-color:#69727d;color:#fff}.elementor-widget-text-editor.elementor-drop-cap-view-framed .elementor-drop-cap{color:#69727d;border:3px solid;background-color:transparent}.elementor-widget-text-editor:not(.elementor-drop-cap-view-default) .elementor-drop-cap{margin-top:8px}.elementor-widget-text-editor:not(.elementor-drop-cap-view-default) .elementor-drop-cap-letter{width:1em;height:1em}.elementor-widget-text-editor .elementor-drop-cap{float:left;text-align:center;line-height:1;font-size:50px}.elementor-widget-text-editor .elementor-drop-cap-letter{display:inline-block}<\/style>\t\t\t\t<p><span style=\"font-weight: 400;\">La estrategia de hidr\u00f3geno de Ucrania es un paso importante en el desarrollo de la energ\u00eda del hidr\u00f3geno y la implementaci\u00f3n de tecnolog\u00edas verdes en el pa\u00eds. Esta estrategia tiene como objetivo construir un sector de hidr\u00f3geno, reducir la dependencia de los hidrocarburos y disminuir las emisiones de gases de efecto invernadero.<\/span><\/p><p><span style=\"font-weight: 400;\">En cuanto a las garant\u00edas del gobierno para el cumplimiento de la estrategia de hidr\u00f3geno, Ucrania ha tomado varias medidas para fomentar el desarrollo del sector de hidr\u00f3geno y asegurar la fiabilidad de las inversiones:<\/span><\/p><ol><li style=\"font-weight: 400;\" aria-checked=\"false\" aria-level=\"1\"><span style=\"font-weight: 400;\">Marco legislativo: El gobierno de Ucrania est\u00e1 trabajando activamente en la creaci\u00f3n de un entorno legislativo favorable para el desarrollo de la energ\u00eda del hidr\u00f3geno. Se han promulgado leyes y normas que regulan la producci\u00f3n, almacenamiento, transporte y uso del hidr\u00f3geno.<\/span><\/li><li style=\"font-weight: 400;\" aria-checked=\"false\" aria-level=\"1\"><span style=\"font-weight: 400;\">Financiaci\u00f3n y apoyo: Ucrania ha recibido apoyo financiero de organizaciones financieras internacionales, como el Banco Europeo de Reconstrucci\u00f3n y Desarrollo, para la implementaci\u00f3n de proyectos de energ\u00eda del hidr\u00f3geno. El gobierno tambi\u00e9n brinda diferentes formas de apoyo, incluyendo incentivos financieros y beneficios para los inversores en el sector de hidr\u00f3geno.<\/span><\/li><li style=\"font-weight: 400;\" aria-checked=\"false\" aria-level=\"1\"><span style=\"font-weight: 400;\">Cooperaci\u00f3n internacional: El gobierno de Ucrania colabora activamente con socios internacionales y organizaciones en el campo de la energ\u00eda del hidr\u00f3geno. Ucrania se ha convertido en miembro de la Agencia Internacional de Energ\u00edas Renovables y se asocia con diversos pa\u00edses para el desarrollo conjunto de proyectos en el \u00e1mbito de la energ\u00eda del hidr\u00f3geno.<\/span><\/li><li style=\"font-weight: 400;\" aria-checked=\"false\" aria-level=\"1\"><span style=\"font-weight: 400;\">Desarrollo tecnol\u00f3gico: Ucrania est\u00e1 trabajando activamente en el desarrollo de sus propias tecnolog\u00edas en el campo de la energ\u00eda del hidr\u00f3geno, incluyendo la producci\u00f3n de hidr\u00f3geno a partir de fuentes de energ\u00eda renovable. Esto contribuye a asegurar la independencia y estabilidad del sector de hidr\u00f3geno.<\/span><\/li><li style=\"font-weight: 400;\" aria-checked=\"false\" aria-level=\"1\"><span style=\"font-weight: 400;\">Seguimiento y transparencia: El gobierno de Ucrania ha establecido mecanismos de seguimiento y rendici\u00f3n de cuentas para la implementaci\u00f3n de la estrategia de hidr\u00f3geno. Esto incluye la creaci\u00f3n de un sistema de recopilaci\u00f3n de datos y evaluaci\u00f3n de los resultados de la implementaci\u00f3n de la estrategia, lo que permite garantizar la transparencia y responsabilidad ante los inversores y la sociedad.<\/span><\/li><\/ol><p><span style=\"font-weight: 400;\">El gobierno de Ucrania est\u00e1 haciendo todo lo posible para garantizar el cumplimiento de la estrategia de hidr\u00f3geno y asegurar la protecci\u00f3n de las inversiones extranjeras en este sector. El establecimiento de un marco legislativo estable, la provisi\u00f3n de apoyo financiero, la promoci\u00f3n de la cooperaci\u00f3n internacional y el desarrollo de tecnolog\u00edas propias demuestran el compromiso serio del gobierno en el desarrollo de la energ\u00eda del hidr\u00f3geno en Ucrania.<\/span><\/p>\t\t\t\t\t\t<\/div>\n\t\t\t\t<\/div>\n\t\t\t\t\t<\/div>\n\t\t<\/div>\n\t\t\t\t\t<\/div>\n\t\t<\/section>\n\t\t\t\t<\/div>\n\t\t","protected":false},"excerpt":{"rendered":"<p>La estrategia de hidr\u00f3geno de Ucrania es un paso importante en el desarrollo de la energ\u00eda del hidr\u00f3geno y la implementaci\u00f3n de tecnolog\u00edas verdes en el pa\u00eds. Esta estrategia tiene como objetivo construir un sector de hidr\u00f3geno, reducir la dependencia de los hidrocarburos y disminuir las emisiones de gases de efecto invernadero. En cuanto a las garant\u00edas del gobierno para el cumplimiento de la estrategia de hidr\u00f3geno, Ucrania ha tomado varias medidas para fomentar el desarrollo del sector de hidr\u00f3geno y asegurar la fiabilidad de las inversiones: Marco legislativo: El gobierno de Ucrania est\u00e1 trabajando activamente en la creaci\u00f3n de un entorno legislativo favorable para el desarrollo de la energ\u00eda del hidr\u00f3geno. Se han promulgado leyes y normas que regulan la producci\u00f3n, almacenamiento, transporte y uso del hidr\u00f3geno. Financiaci\u00f3n y apoyo: Ucrania ha recibido apoyo financiero de organizaciones financieras internacionales, como el Banco Europeo de Reconstrucci\u00f3n y Desarrollo, para la implementaci\u00f3n de proyectos de energ\u00eda del hidr\u00f3geno. El gobierno tambi\u00e9n brinda diferentes formas de apoyo, incluyendo incentivos financieros y beneficios para los inversores en el sector de hidr\u00f3geno. Cooperaci\u00f3n internacional: El gobierno de Ucrania colabora activamente con socios internacionales y organizaciones en el campo de la energ\u00eda del hidr\u00f3geno. Ucrania se ha convertido en miembro de la Agencia Internacional de Energ\u00edas Renovables y se asocia con diversos pa\u00edses para el desarrollo conjunto de proyectos en el \u00e1mbito de la energ\u00eda del hidr\u00f3geno. Desarrollo tecnol\u00f3gico: Ucrania est\u00e1 trabajando activamente en el desarrollo de sus propias tecnolog\u00edas en el campo de la energ\u00eda del hidr\u00f3geno, incluyendo la producci\u00f3n de hidr\u00f3geno a partir de fuentes de energ\u00eda renovable. Esto contribuye a asegurar la independencia y estabilidad del sector de hidr\u00f3geno. Seguimiento y transparencia: El gobierno de Ucrania ha establecido mecanismos de seguimiento y rendici\u00f3n de cuentas para la implementaci\u00f3n de la estrategia de hidr\u00f3geno. Esto incluye la creaci\u00f3n de un sistema de recopilaci\u00f3n de datos y evaluaci\u00f3n de los resultados de la implementaci\u00f3n de la estrategia, lo que permite garantizar la transparencia y responsabilidad ante los inversores y la sociedad. El gobierno de Ucrania est\u00e1 haciendo todo lo posible para garantizar el cumplimiento de la estrategia de hidr\u00f3geno y asegurar la protecci\u00f3n de las inversiones extranjeras en este sector. El establecimiento de un marco legislativo estable, la provisi\u00f3n de apoyo financiero, la promoci\u00f3n de la cooperaci\u00f3n internacional y el desarrollo de tecnolog\u00edas propias demuestran el compromiso serio del gobierno en el desarrollo de la energ\u00eda del hidr\u00f3geno en Ucrania.<\/p>\n","protected":false},"author":1,"featured_media":0,"parent":0,"menu_order":0,"comment_status":"closed","ping_status":"closed","template":"elementor_header_footer","meta":{"footnotes":""},"_links":{"self":[{"href":"https:\/\/hydrogen-ukraine.com\/es\/wp-json\/wp\/v2\/pages\/2233"}],"collection":[{"href":"https:\/\/hydrogen-ukraine.com\/es\/wp-json\/wp\/v2\/pages"}],"about":[{"href":"https:\/\/hydrogen-ukraine.com\/es\/wp-json\/wp\/v2\/types\/page"}],"author":[{"embeddable":true,"href":"https:\/\/hydrogen-ukraine.com\/es\/wp-json\/wp\/v2\/users\/1"}],"replies":[{"embeddable":true,"href":"https:\/\/hydrogen-ukraine.com\/es\/wp-json\/wp\/v2\/comments?post=2233"}],"version-history":[{"count":4,"href":"https:\/\/hydrogen-ukraine.com\/es\/wp-json\/wp\/v2\/pages\/2233\/revisions"}],"predecessor-version":[{"id":2237,"href":"https:\/\/hydrogen-ukraine.com\/es\/wp-json\/wp\/v2\/pages\/2233\/revisions\/2237"}],"wp:attachment":[{"href":"https:\/\/hydrogen-ukraine.com\/es\/wp-json\/wp\/v2\/media?parent=2233"}],"curies":[{"name":"wp","href":"https:\/\/api.w.org\/{rel}","templated":true}]}}