{"id":2158,"date":"2023-07-26T12:05:02","date_gmt":"2023-07-26T09:05:02","guid":{"rendered":"https:\/\/hydrogen-ukraine.com\/?page_id=2158"},"modified":"2024-02-14T12:24:39","modified_gmt":"2024-02-14T10:24:39","slug":"proteccion-de-las-inversiones-extranjeras-en-materia-ambiental-en-ucrania","status":"publish","type":"page","link":"https:\/\/hydrogen-ukraine.com\/es\/proteccion-de-las-inversiones-extranjeras-en-materia-ambiental-en-ucrania\/","title":{"rendered":"Protecci\u00f3n de las inversiones extranjeras en materia ambiental en Ucrania"},"content":{"rendered":"\t\t<div data-elementor-type=\"wp-page\" data-elementor-id=\"2158\" class=\"elementor elementor-2158 elementor-13\" data-elementor-post-type=\"page\">\n\t\t\t\t\t\t<section class=\"elementor-section elementor-top-section elementor-element elementor-element-cd2cb83 elementor-section-boxed elementor-section-height-default elementor-section-height-default wpr-particle-no wpr-jarallax-no wpr-parallax-no wpr-sticky-section-no\" data-id=\"cd2cb83\" data-element_type=\"section\">\n\t\t\t\t\t\t<div class=\"elementor-container elementor-column-gap-default\">\n\t\t\t\t\t<div class=\"elementor-column elementor-col-50 elementor-top-column elementor-element elementor-element-940f184 elementor-hidden-tablet elementor-hidden-mobile\" data-id=\"940f184\" data-element_type=\"column\">\n\t\t\t<div class=\"elementor-widget-wrap elementor-element-populated\">\n\t\t\t\t\t\t<div class=\"elementor-element elementor-element-8eb61fa elementor-nav-menu--dropdown-none elementor-widget__width-initial elementor-widget elementor-widget-nav-menu\" data-id=\"8eb61fa\" data-element_type=\"widget\" data-settings=\"{&quot;layout&quot;:&quot;vertical&quot;,&quot;submenu_icon&quot;:{&quot;value&quot;:&quot;&lt;i class=\\&quot;fas fa-caret-down\\&quot;&gt;&lt;\\\/i&gt;&quot;,&quot;library&quot;:&quot;fa-solid&quot;}}\" data-widget_type=\"nav-menu.default\">\n\t\t\t\t<div class=\"elementor-widget-container\">\n\t\t\t<link rel=\"stylesheet\" href=\"https:\/\/hydrogen-ukraine.com\/wp-content\/plugins\/elementor-pro\/assets\/css\/widget-nav-menu.min.css\">\t\t\t<nav class=\"elementor-nav-menu--main elementor-nav-menu__container elementor-nav-menu--layout-vertical e--pointer-underline e--animation-fade\">\n\t\t\t\t<ul id=\"menu-1-8eb61fa\" class=\"elementor-nav-menu sm-vertical\"><li class=\"menu-item menu-item-type-post_type menu-item-object-page menu-item-2403\"><a href=\"https:\/\/hydrogen-ukraine.com\/en\/conditions-for-connection-to-the-ukrainian-energy-system-obtaining-teo-tu\/\" class=\"elementor-item\">Conditions for connection to the Ukrainian energy system<\/a><\/li>\n<li class=\"menu-item menu-item-type-post_type menu-item-object-page menu-item-2404\"><a href=\"https:\/\/hydrogen-ukraine.com\/en\/integration-of-ukraine-into-the-european-energy-system\/\" class=\"elementor-item\">Integration of Ukraine into the European energy system<\/a><\/li>\n<li class=\"menu-item menu-item-type-post_type menu-item-object-page menu-item-2405\"><a href=\"https:\/\/hydrogen-ukraine.com\/en\/ukraines-hydrogen-strategy-and-government-guarantees-of-its-implementation\/\" class=\"elementor-item\">Ukraine\u2019s Hydrogen Strategy and Government Guarantees<\/a><\/li>\n<li class=\"menu-item menu-item-type-post_type menu-item-object-page menu-item-2406\"><a href=\"https:\/\/hydrogen-ukraine.com\/en\/protection-of-foreign-environmental-investments-in-ukraine\/\" class=\"elementor-item\">Protection of Foreign Environmental Investments in Ukraine<\/a><\/li>\n<li class=\"menu-item menu-item-type-post_type menu-item-object-page menu-item-2407\"><a href=\"https:\/\/hydrogen-ukraine.com\/en\/international-cooperation-of-ukraine-in-the-hydrogen-sector\/\" class=\"elementor-item\">International cooperation of Ukraine in the hydrogen sector<\/a><\/li>\n<li class=\"menu-item menu-item-type-post_type menu-item-object-page menu-item-2408\"><a href=\"https:\/\/hydrogen-ukraine.com\/en\/taxation-of-green-energy-and-dividend-taxation\/\" class=\"elementor-item\">Taxation of green energy and dividend taxation<\/a><\/li>\n<li class=\"menu-item menu-item-type-post_type menu-item-object-page menu-item-2409\"><a href=\"https:\/\/hydrogen-ukraine.com\/en\/legal-regulation-of-hydrogen-energy-in-ukraine\/\" class=\"elementor-item\">Legal Regulation of Hydrogen Energy in Ukraine<\/a><\/li>\n<li class=\"menu-item menu-item-type-post_type menu-item-object-page menu-item-2410\"><a href=\"https:\/\/hydrogen-ukraine.com\/en\/conditions-for-setting-up-a-business-in-ukraine\/\" class=\"elementor-item\">Conditions for Setting up a Business in Ukraine<\/a><\/li>\n<\/ul>\t\t\t<\/nav>\n\t\t\t\t\t\t<nav class=\"elementor-nav-menu--dropdown elementor-nav-menu__container\" aria-hidden=\"true\">\n\t\t\t\t<ul id=\"menu-2-8eb61fa\" class=\"elementor-nav-menu sm-vertical\"><li class=\"menu-item menu-item-type-post_type menu-item-object-page menu-item-2403\"><a href=\"https:\/\/hydrogen-ukraine.com\/en\/conditions-for-connection-to-the-ukrainian-energy-system-obtaining-teo-tu\/\" class=\"elementor-item\" tabindex=\"-1\">Conditions for connection to the Ukrainian energy system<\/a><\/li>\n<li class=\"menu-item menu-item-type-post_type menu-item-object-page menu-item-2404\"><a href=\"https:\/\/hydrogen-ukraine.com\/en\/integration-of-ukraine-into-the-european-energy-system\/\" class=\"elementor-item\" tabindex=\"-1\">Integration of Ukraine into the European energy system<\/a><\/li>\n<li class=\"menu-item menu-item-type-post_type menu-item-object-page menu-item-2405\"><a href=\"https:\/\/hydrogen-ukraine.com\/en\/ukraines-hydrogen-strategy-and-government-guarantees-of-its-implementation\/\" class=\"elementor-item\" tabindex=\"-1\">Ukraine\u2019s Hydrogen Strategy and Government Guarantees<\/a><\/li>\n<li class=\"menu-item menu-item-type-post_type menu-item-object-page menu-item-2406\"><a href=\"https:\/\/hydrogen-ukraine.com\/en\/protection-of-foreign-environmental-investments-in-ukraine\/\" class=\"elementor-item\" tabindex=\"-1\">Protection of Foreign Environmental Investments in Ukraine<\/a><\/li>\n<li class=\"menu-item menu-item-type-post_type menu-item-object-page menu-item-2407\"><a href=\"https:\/\/hydrogen-ukraine.com\/en\/international-cooperation-of-ukraine-in-the-hydrogen-sector\/\" class=\"elementor-item\" tabindex=\"-1\">International cooperation of Ukraine in the hydrogen sector<\/a><\/li>\n<li class=\"menu-item menu-item-type-post_type menu-item-object-page menu-item-2408\"><a href=\"https:\/\/hydrogen-ukraine.com\/en\/taxation-of-green-energy-and-dividend-taxation\/\" class=\"elementor-item\" tabindex=\"-1\">Taxation of green energy and dividend taxation<\/a><\/li>\n<li class=\"menu-item menu-item-type-post_type menu-item-object-page menu-item-2409\"><a href=\"https:\/\/hydrogen-ukraine.com\/en\/legal-regulation-of-hydrogen-energy-in-ukraine\/\" class=\"elementor-item\" tabindex=\"-1\">Legal Regulation of Hydrogen Energy in Ukraine<\/a><\/li>\n<li class=\"menu-item menu-item-type-post_type menu-item-object-page menu-item-2410\"><a href=\"https:\/\/hydrogen-ukraine.com\/en\/conditions-for-setting-up-a-business-in-ukraine\/\" class=\"elementor-item\" tabindex=\"-1\">Conditions for Setting up a Business in Ukraine<\/a><\/li>\n<\/ul>\t\t\t<\/nav>\n\t\t\t\t<\/div>\n\t\t\t\t<\/div>\n\t\t\t\t\t<\/div>\n\t\t<\/div>\n\t\t\t\t<div class=\"elementor-column elementor-col-50 elementor-top-column elementor-element elementor-element-09e61c2\" data-id=\"09e61c2\" data-element_type=\"column\" data-settings=\"{&quot;background_background&quot;:&quot;classic&quot;}\">\n\t\t\t<div class=\"elementor-widget-wrap elementor-element-populated\">\n\t\t\t\t\t\t<div class=\"elementor-element elementor-element-eecbea4 elementor-widget elementor-widget-text-editor\" data-id=\"eecbea4\" data-element_type=\"widget\" data-widget_type=\"text-editor.default\">\n\t\t\t\t<div class=\"elementor-widget-container\">\n\t\t\t<style>\/*! elementor - v3.22.0 - 26-06-2024 *\/\n.elementor-widget-text-editor.elementor-drop-cap-view-stacked .elementor-drop-cap{background-color:#69727d;color:#fff}.elementor-widget-text-editor.elementor-drop-cap-view-framed .elementor-drop-cap{color:#69727d;border:3px solid;background-color:transparent}.elementor-widget-text-editor:not(.elementor-drop-cap-view-default) .elementor-drop-cap{margin-top:8px}.elementor-widget-text-editor:not(.elementor-drop-cap-view-default) .elementor-drop-cap-letter{width:1em;height:1em}.elementor-widget-text-editor .elementor-drop-cap{float:left;text-align:center;line-height:1;font-size:50px}.elementor-widget-text-editor .elementor-drop-cap-letter{display:inline-block}<\/style>\t\t\t\t<p><span style=\"font-weight: 400;\">Ucrania tiene un gran potencial en \u00e1reas como las energ\u00edas renovables, la eficiencia energ\u00e9tica, el tratamiento del agua y otros proyectos orientados al medio ambiente. Las inversiones extranjeras pueden contribuir al desarrollo de estos sectores, proporcionando el capital, la tecnolog\u00eda y la experiencia necesaria.<\/span><\/p><p><span style=\"font-weight: 400;\">Para proteger las inversiones extranjeras en materia ambiental en Ucrania, es importante establecer una base legislativa estable y transparente. Esto implica desarrollar reglas y procedimientos claros para la inversi\u00f3n en proyectos ambientales, asegurando su conformidad con normas y condiciones internacionales.<\/span><\/p><p><span style=\"font-weight: 400;\">Adem\u00e1s, es importante garantizar la protecci\u00f3n legal de los inversores extranjeros en caso de disputas o conflictos. El gobierno de Ucrania puede celebrar acuerdos de protecci\u00f3n de inversiones extranjeras con otros pa\u00edses, creando as\u00ed un marco legal para la resoluci\u00f3n de disputas a trav\u00e9s de arbitraje u otros mecanismos.<\/span><\/p><p><span style=\"font-weight: 400;\">Tambi\u00e9n es fundamental asegurar la transparencia y eficacia de los procedimientos gubernamentales relacionados con las inversiones ambientales. Esto implica reducir los obst\u00e1culos burocr\u00e1ticos, agilizar el proceso de revisi\u00f3n de documentos y decisiones, as\u00ed como utilizar sistemas electr\u00f3nicos para simplificar la interacci\u00f3n con las autoridades gubernamentales. Ucrania tambi\u00e9n puede involucrar a instituciones financieras internacionales y programas de apoyo a las inversiones ambientales. Por ejemplo, colaborar con el Banco Internacional de Reconstrucci\u00f3n y Desarrollo (BIRD), el Banco Europeo para la Reconstrucci\u00f3n y el Desarrollo (BERD), as\u00ed como programas y fondos de las Naciones Unidas especializados en proyectos ambientales.<\/span><\/p><p><span style=\"font-weight: 400;\">Asimismo, es importante establecer incentivos y beneficios especiales para los inversores extranjeros en materia ambiental, como exenciones fiscales, reducciones arancelarias o acceso a recursos locales. Por \u00faltimo, es fundamental desarrollar relaciones de colaboraci\u00f3n con los inversores extranjeros y crear un entorno empresarial favorable. Esto puede incluir la organizaci\u00f3n de foros de inversi\u00f3n, misiones comerciales y otros eventos para atraer inversores extranjeros y fomentar su interacci\u00f3n con empresas locales y organismos gubernamentales.<\/span><\/p><p><span style=\"font-weight: 400;\">Todas estas medidas tienen como objetivo crear condiciones favorables para las inversiones extranjeras en materia ambiental en Ucrania y garantizar su protecci\u00f3n. Una s\u00f3lida base legislativa, protecci\u00f3n legal, transparencia en los procedimientos y apoyo estatal ayudar\u00e1n a atraer capital extranjero y desarrollar proyectos ambientales en el pa\u00eds.<\/span><\/p>\t\t\t\t\t\t<\/div>\n\t\t\t\t<\/div>\n\t\t\t\t\t<\/div>\n\t\t<\/div>\n\t\t\t\t\t<\/div>\n\t\t<\/section>\n\t\t\t\t<\/div>\n\t\t","protected":false},"excerpt":{"rendered":"<p>Ucrania tiene un gran potencial en \u00e1reas como las energ\u00edas renovables, la eficiencia energ\u00e9tica, el tratamiento del agua y otros proyectos orientados al medio ambiente. Las inversiones extranjeras pueden contribuir al desarrollo de estos sectores, proporcionando el capital, la tecnolog\u00eda y la experiencia necesaria. Para proteger las inversiones extranjeras en materia ambiental en Ucrania, es importante establecer una base legislativa estable y transparente. Esto implica desarrollar reglas y procedimientos claros para la inversi\u00f3n en proyectos ambientales, asegurando su conformidad con normas y condiciones internacionales. Adem\u00e1s, es importante garantizar la protecci\u00f3n legal de los inversores extranjeros en caso de disputas o conflictos. El gobierno de Ucrania puede celebrar acuerdos de protecci\u00f3n de inversiones extranjeras con otros pa\u00edses, creando as\u00ed un marco legal para la resoluci\u00f3n de disputas a trav\u00e9s de arbitraje u otros mecanismos. Tambi\u00e9n es fundamental asegurar la transparencia y eficacia de los procedimientos gubernamentales relacionados con las inversiones ambientales. Esto implica reducir los obst\u00e1culos burocr\u00e1ticos, agilizar el proceso de revisi\u00f3n de documentos y decisiones, as\u00ed como utilizar sistemas electr\u00f3nicos para simplificar la interacci\u00f3n con las autoridades gubernamentales. Ucrania tambi\u00e9n puede involucrar a instituciones financieras internacionales y programas de apoyo a las inversiones ambientales. Por ejemplo, colaborar con el Banco Internacional de Reconstrucci\u00f3n y Desarrollo (BIRD), el Banco Europeo para la Reconstrucci\u00f3n y el Desarrollo (BERD), as\u00ed como programas y fondos de las Naciones Unidas especializados en proyectos ambientales. Asimismo, es importante establecer incentivos y beneficios especiales para los inversores extranjeros en materia ambiental, como exenciones fiscales, reducciones arancelarias o acceso a recursos locales. Por \u00faltimo, es fundamental desarrollar relaciones de colaboraci\u00f3n con los inversores extranjeros y crear un entorno empresarial favorable. Esto puede incluir la organizaci\u00f3n de foros de inversi\u00f3n, misiones comerciales y otros eventos para atraer inversores extranjeros y fomentar su interacci\u00f3n con empresas locales y organismos gubernamentales. Todas estas medidas tienen como objetivo crear condiciones favorables para las inversiones extranjeras en materia ambiental en Ucrania y garantizar su protecci\u00f3n. Una s\u00f3lida base legislativa, protecci\u00f3n legal, transparencia en los procedimientos y apoyo estatal ayudar\u00e1n a atraer capital extranjero y desarrollar proyectos ambientales en el pa\u00eds.<\/p>\n","protected":false},"author":1,"featured_media":0,"parent":0,"menu_order":0,"comment_status":"closed","ping_status":"closed","template":"elementor_header_footer","meta":{"footnotes":""},"_links":{"self":[{"href":"https:\/\/hydrogen-ukraine.com\/es\/wp-json\/wp\/v2\/pages\/2158"}],"collection":[{"href":"https:\/\/hydrogen-ukraine.com\/es\/wp-json\/wp\/v2\/pages"}],"about":[{"href":"https:\/\/hydrogen-ukraine.com\/es\/wp-json\/wp\/v2\/types\/page"}],"author":[{"embeddable":true,"href":"https:\/\/hydrogen-ukraine.com\/es\/wp-json\/wp\/v2\/users\/1"}],"replies":[{"embeddable":true,"href":"https:\/\/hydrogen-ukraine.com\/es\/wp-json\/wp\/v2\/comments?post=2158"}],"version-history":[{"count":4,"href":"https:\/\/hydrogen-ukraine.com\/es\/wp-json\/wp\/v2\/pages\/2158\/revisions"}],"predecessor-version":[{"id":2162,"href":"https:\/\/hydrogen-ukraine.com\/es\/wp-json\/wp\/v2\/pages\/2158\/revisions\/2162"}],"wp:attachment":[{"href":"https:\/\/hydrogen-ukraine.com\/es\/wp-json\/wp\/v2\/media?parent=2158"}],"curies":[{"name":"wp","href":"https:\/\/api.w.org\/{rel}","templated":true}]}}