{"id":2358,"date":"2023-07-26T12:05:45","date_gmt":"2023-07-26T09:05:45","guid":{"rendered":"https:\/\/hydrogen-ukraine.com\/?page_id=2358"},"modified":"2024-02-14T19:56:38","modified_gmt":"2024-02-14T17:56:38","slug":"internationale-zusammenarbeit-der-ukraine-im-wasserstoffsektor","status":"publish","type":"page","link":"https:\/\/hydrogen-ukraine.com\/de\/internationale-zusammenarbeit-der-ukraine-im-wasserstoffsektor\/","title":{"rendered":"Internationale Zusammenarbeit der Ukraine im Wasserstoffsektor"},"content":{"rendered":"\t\t<div data-elementor-type=\"wp-page\" data-elementor-id=\"2358\" class=\"elementor elementor-2358 elementor-17\" data-elementor-post-type=\"page\">\n\t\t\t\t\t\t<section class=\"elementor-section elementor-top-section elementor-element elementor-element-3c54d85 elementor-section-boxed elementor-section-height-default elementor-section-height-default wpr-particle-no wpr-jarallax-no wpr-parallax-no wpr-sticky-section-no\" data-id=\"3c54d85\" data-element_type=\"section\">\n\t\t\t\t\t\t<div class=\"elementor-container elementor-column-gap-default\">\n\t\t\t\t\t<div class=\"elementor-column elementor-col-50 elementor-top-column elementor-element elementor-element-607f678 elementor-hidden-tablet elementor-hidden-mobile\" data-id=\"607f678\" data-element_type=\"column\">\n\t\t\t<div class=\"elementor-widget-wrap elementor-element-populated\">\n\t\t\t\t\t\t<div class=\"elementor-element elementor-element-c2d5273 elementor-nav-menu--dropdown-none elementor-widget__width-initial elementor-widget elementor-widget-nav-menu\" data-id=\"c2d5273\" data-element_type=\"widget\" data-settings=\"{&quot;layout&quot;:&quot;vertical&quot;,&quot;submenu_icon&quot;:{&quot;value&quot;:&quot;&lt;i class=\\&quot;fas fa-caret-down\\&quot;&gt;&lt;\\\/i&gt;&quot;,&quot;library&quot;:&quot;fa-solid&quot;}}\" data-widget_type=\"nav-menu.default\">\n\t\t\t\t<div class=\"elementor-widget-container\">\n\t\t\t<link rel=\"stylesheet\" href=\"https:\/\/hydrogen-ukraine.com\/wp-content\/plugins\/elementor-pro\/assets\/css\/widget-nav-menu.min.css\">\t\t\t<nav class=\"elementor-nav-menu--main elementor-nav-menu__container elementor-nav-menu--layout-vertical e--pointer-underline e--animation-fade\">\n\t\t\t\t<ul id=\"menu-1-c2d5273\" class=\"elementor-nav-menu sm-vertical\"><li class=\"menu-item menu-item-type-post_type menu-item-object-page menu-item-2403\"><a href=\"https:\/\/hydrogen-ukraine.com\/en\/conditions-for-connection-to-the-ukrainian-energy-system-obtaining-teo-tu\/\" class=\"elementor-item\">Conditions for connection to the Ukrainian energy system<\/a><\/li>\n<li class=\"menu-item menu-item-type-post_type menu-item-object-page menu-item-2404\"><a href=\"https:\/\/hydrogen-ukraine.com\/en\/integration-of-ukraine-into-the-european-energy-system\/\" class=\"elementor-item\">Integration of Ukraine into the European energy system<\/a><\/li>\n<li class=\"menu-item menu-item-type-post_type menu-item-object-page menu-item-2405\"><a href=\"https:\/\/hydrogen-ukraine.com\/en\/ukraines-hydrogen-strategy-and-government-guarantees-of-its-implementation\/\" class=\"elementor-item\">Ukraine\u2019s Hydrogen Strategy and Government Guarantees<\/a><\/li>\n<li class=\"menu-item menu-item-type-post_type menu-item-object-page menu-item-2406\"><a href=\"https:\/\/hydrogen-ukraine.com\/en\/protection-of-foreign-environmental-investments-in-ukraine\/\" class=\"elementor-item\">Protection of Foreign Environmental Investments in Ukraine<\/a><\/li>\n<li class=\"menu-item menu-item-type-post_type menu-item-object-page menu-item-2407\"><a href=\"https:\/\/hydrogen-ukraine.com\/en\/international-cooperation-of-ukraine-in-the-hydrogen-sector\/\" class=\"elementor-item\">International cooperation of Ukraine in the hydrogen sector<\/a><\/li>\n<li class=\"menu-item menu-item-type-post_type menu-item-object-page menu-item-2408\"><a href=\"https:\/\/hydrogen-ukraine.com\/en\/taxation-of-green-energy-and-dividend-taxation\/\" class=\"elementor-item\">Taxation of green energy and dividend taxation<\/a><\/li>\n<li class=\"menu-item menu-item-type-post_type menu-item-object-page menu-item-2409\"><a href=\"https:\/\/hydrogen-ukraine.com\/en\/legal-regulation-of-hydrogen-energy-in-ukraine\/\" class=\"elementor-item\">Legal Regulation of Hydrogen Energy in Ukraine<\/a><\/li>\n<li class=\"menu-item menu-item-type-post_type menu-item-object-page menu-item-2410\"><a href=\"https:\/\/hydrogen-ukraine.com\/en\/conditions-for-setting-up-a-business-in-ukraine\/\" class=\"elementor-item\">Conditions for Setting up a Business in Ukraine<\/a><\/li>\n<\/ul>\t\t\t<\/nav>\n\t\t\t\t\t\t<nav class=\"elementor-nav-menu--dropdown elementor-nav-menu__container\" aria-hidden=\"true\">\n\t\t\t\t<ul id=\"menu-2-c2d5273\" class=\"elementor-nav-menu sm-vertical\"><li class=\"menu-item menu-item-type-post_type menu-item-object-page menu-item-2403\"><a href=\"https:\/\/hydrogen-ukraine.com\/en\/conditions-for-connection-to-the-ukrainian-energy-system-obtaining-teo-tu\/\" class=\"elementor-item\" tabindex=\"-1\">Conditions for connection to the Ukrainian energy system<\/a><\/li>\n<li class=\"menu-item menu-item-type-post_type menu-item-object-page menu-item-2404\"><a href=\"https:\/\/hydrogen-ukraine.com\/en\/integration-of-ukraine-into-the-european-energy-system\/\" class=\"elementor-item\" tabindex=\"-1\">Integration of Ukraine into the European energy system<\/a><\/li>\n<li class=\"menu-item menu-item-type-post_type menu-item-object-page menu-item-2405\"><a href=\"https:\/\/hydrogen-ukraine.com\/en\/ukraines-hydrogen-strategy-and-government-guarantees-of-its-implementation\/\" class=\"elementor-item\" tabindex=\"-1\">Ukraine\u2019s Hydrogen Strategy and Government Guarantees<\/a><\/li>\n<li class=\"menu-item menu-item-type-post_type menu-item-object-page menu-item-2406\"><a href=\"https:\/\/hydrogen-ukraine.com\/en\/protection-of-foreign-environmental-investments-in-ukraine\/\" class=\"elementor-item\" tabindex=\"-1\">Protection of Foreign Environmental Investments in Ukraine<\/a><\/li>\n<li class=\"menu-item menu-item-type-post_type menu-item-object-page menu-item-2407\"><a href=\"https:\/\/hydrogen-ukraine.com\/en\/international-cooperation-of-ukraine-in-the-hydrogen-sector\/\" class=\"elementor-item\" tabindex=\"-1\">International cooperation of Ukraine in the hydrogen sector<\/a><\/li>\n<li class=\"menu-item menu-item-type-post_type menu-item-object-page menu-item-2408\"><a href=\"https:\/\/hydrogen-ukraine.com\/en\/taxation-of-green-energy-and-dividend-taxation\/\" class=\"elementor-item\" tabindex=\"-1\">Taxation of green energy and dividend taxation<\/a><\/li>\n<li class=\"menu-item menu-item-type-post_type menu-item-object-page menu-item-2409\"><a href=\"https:\/\/hydrogen-ukraine.com\/en\/legal-regulation-of-hydrogen-energy-in-ukraine\/\" class=\"elementor-item\" tabindex=\"-1\">Legal Regulation of Hydrogen Energy in Ukraine<\/a><\/li>\n<li class=\"menu-item menu-item-type-post_type menu-item-object-page menu-item-2410\"><a href=\"https:\/\/hydrogen-ukraine.com\/en\/conditions-for-setting-up-a-business-in-ukraine\/\" class=\"elementor-item\" tabindex=\"-1\">Conditions for Setting up a Business in Ukraine<\/a><\/li>\n<\/ul>\t\t\t<\/nav>\n\t\t\t\t<\/div>\n\t\t\t\t<\/div>\n\t\t\t\t\t<\/div>\n\t\t<\/div>\n\t\t\t\t<div class=\"elementor-column elementor-col-50 elementor-top-column elementor-element elementor-element-81f5364\" data-id=\"81f5364\" data-element_type=\"column\" data-settings=\"{&quot;background_background&quot;:&quot;classic&quot;}\">\n\t\t\t<div class=\"elementor-widget-wrap elementor-element-populated\">\n\t\t\t\t\t\t<div class=\"elementor-element elementor-element-69ba14a7 elementor-widget elementor-widget-text-editor\" data-id=\"69ba14a7\" data-element_type=\"widget\" data-widget_type=\"text-editor.default\">\n\t\t\t\t<div class=\"elementor-widget-container\">\n\t\t\t<style>\/*! elementor - v3.22.0 - 26-06-2024 *\/\n.elementor-widget-text-editor.elementor-drop-cap-view-stacked .elementor-drop-cap{background-color:#69727d;color:#fff}.elementor-widget-text-editor.elementor-drop-cap-view-framed .elementor-drop-cap{color:#69727d;border:3px solid;background-color:transparent}.elementor-widget-text-editor:not(.elementor-drop-cap-view-default) .elementor-drop-cap{margin-top:8px}.elementor-widget-text-editor:not(.elementor-drop-cap-view-default) .elementor-drop-cap-letter{width:1em;height:1em}.elementor-widget-text-editor .elementor-drop-cap{float:left;text-align:center;line-height:1;font-size:50px}.elementor-widget-text-editor .elementor-drop-cap-letter{display:inline-block}<\/style>\t\t\t\t<p>Die Ukraine engagiert sich aktiv in der internationalen Zusammenarbeit im Bereich der Wasserstoffenergie und -technologien.<\/p><p><strong>Die Hauptbereiche der internationalen Zusammenarbeit der Ukraine in diesem Bereich umfassen:<\/strong><\/p><ol><li aria-level=\"1\">Partnerschaft mit der Europ\u00e4ischen Union: Die Ukraine arbeitet eng mit der Europ\u00e4ischen Union im Bereich der Wasserstoffenergie zusammen. Die Ukraine ist Mitglied des Europ\u00e4ischen Green Deals und der Clean Hydrogen Alliance, die gemeinsame Projekte, Erfahrungsaustausch und die Entwicklung von Standards f\u00f6rdern.<\/li><li aria-level=\"1\">Teilnahme an internationalen Initiativen: Die Ukraine beteiligt sich an verschiedenen internationalen Initiativen im Bereich der Wasserstoffenergie. Zum Beispiel ist die Ukraine Mitbegr\u00fcnder des International Hydrogen Council, das Akteure aus Wirtschaft, Wissenschaft und Regierungsbeh\u00f6rden zusammenbringt, um die Einf\u00fchrung von Wasserstoffenergie zu f\u00f6rdern.<\/li><li aria-level=\"1\">Internationale Projekte und Zusammenarbeit: Die Ukraine f\u00fchrt internationale Projekte durch und kooperiert mit anderen L\u00e4ndern im Bereich der Wasserstoffenergie. Zum Beispiel arbeitet die Ukraine mit Deutschland an einem Projekt zur Entwicklung von Wasserstoffinfrastruktur und gr\u00fcner Wasserstoffproduktion zusammen.<\/li><li aria-level=\"1\">Technologischer Austausch und wissenschaftliche Zusammenarbeit: Die Ukraine kooperiert aktiv mit wissenschaftlichen Institutionen und Unternehmen aus anderen L\u00e4ndern im Bereich der Wasserstoffenergie. Dies umfasst den Technologietransfer, Forschungsprojekte und gemeinsame Forschung zur Entwicklung von Wasserstofftechnologien.<\/li><\/ol><p>\u00a0<\/p><p>Die internationale Zusammenarbeit unterst\u00fctzt die Ukraine dabei, Zugang zu fortschrittlichen Technologien, finanzieller Unterst\u00fctzung und Expertise zu erhalten, was zur Entwicklung der Wasserstoffenergie und zur gr\u00fcnen Transformation des Energiesektors beitr\u00e4gt.<\/p>\t\t\t\t\t\t<\/div>\n\t\t\t\t<\/div>\n\t\t\t\t\t<\/div>\n\t\t<\/div>\n\t\t\t\t\t<\/div>\n\t\t<\/section>\n\t\t\t\t<\/div>\n\t\t","protected":false},"excerpt":{"rendered":"<p>Die Ukraine engagiert sich aktiv in der internationalen Zusammenarbeit im Bereich der Wasserstoffenergie und -technologien. Die Hauptbereiche der internationalen Zusammenarbeit der Ukraine in diesem Bereich umfassen: Partnerschaft mit der Europ\u00e4ischen Union: Die Ukraine arbeitet eng mit der Europ\u00e4ischen Union im Bereich der Wasserstoffenergie zusammen. Die Ukraine ist Mitglied des Europ\u00e4ischen Green Deals und der Clean Hydrogen Alliance, die gemeinsame Projekte, Erfahrungsaustausch und die Entwicklung von Standards f\u00f6rdern. Teilnahme an internationalen Initiativen: Die Ukraine beteiligt sich an verschiedenen internationalen Initiativen im Bereich der Wasserstoffenergie. Zum Beispiel ist die Ukraine Mitbegr\u00fcnder des International Hydrogen Council, das Akteure aus Wirtschaft, Wissenschaft und Regierungsbeh\u00f6rden zusammenbringt, um die Einf\u00fchrung von Wasserstoffenergie zu f\u00f6rdern. Internationale Projekte und Zusammenarbeit: Die Ukraine f\u00fchrt internationale Projekte durch und kooperiert mit anderen L\u00e4ndern im Bereich der Wasserstoffenergie. Zum Beispiel arbeitet die Ukraine mit Deutschland an einem Projekt zur Entwicklung von Wasserstoffinfrastruktur und gr\u00fcner Wasserstoffproduktion zusammen. Technologischer Austausch und wissenschaftliche Zusammenarbeit: Die Ukraine kooperiert aktiv mit wissenschaftlichen Institutionen und Unternehmen aus anderen L\u00e4ndern im Bereich der Wasserstoffenergie. Dies umfasst den Technologietransfer, Forschungsprojekte und gemeinsame Forschung zur Entwicklung von Wasserstofftechnologien. \u00a0 Die internationale Zusammenarbeit unterst\u00fctzt die Ukraine dabei, Zugang zu fortschrittlichen Technologien, finanzieller Unterst\u00fctzung und Expertise zu erhalten, was zur Entwicklung der Wasserstoffenergie und zur gr\u00fcnen Transformation des Energiesektors beitr\u00e4gt.<\/p>\n","protected":false},"author":1,"featured_media":0,"parent":0,"menu_order":0,"comment_status":"closed","ping_status":"closed","template":"elementor_header_footer","meta":{"footnotes":""},"_links":{"self":[{"href":"https:\/\/hydrogen-ukraine.com\/de\/wp-json\/wp\/v2\/pages\/2358"}],"collection":[{"href":"https:\/\/hydrogen-ukraine.com\/de\/wp-json\/wp\/v2\/pages"}],"about":[{"href":"https:\/\/hydrogen-ukraine.com\/de\/wp-json\/wp\/v2\/types\/page"}],"author":[{"embeddable":true,"href":"https:\/\/hydrogen-ukraine.com\/de\/wp-json\/wp\/v2\/users\/1"}],"replies":[{"embeddable":true,"href":"https:\/\/hydrogen-ukraine.com\/de\/wp-json\/wp\/v2\/comments?post=2358"}],"version-history":[{"count":15,"href":"https:\/\/hydrogen-ukraine.com\/de\/wp-json\/wp\/v2\/pages\/2358\/revisions"}],"predecessor-version":[{"id":2373,"href":"https:\/\/hydrogen-ukraine.com\/de\/wp-json\/wp\/v2\/pages\/2358\/revisions\/2373"}],"wp:attachment":[{"href":"https:\/\/hydrogen-ukraine.com\/de\/wp-json\/wp\/v2\/media?parent=2358"}],"curies":[{"name":"wp","href":"https:\/\/api.w.org\/{rel}","templated":true}]}}