{"id":2325,"date":"2023-07-26T12:06:04","date_gmt":"2023-07-26T09:06:04","guid":{"rendered":"https:\/\/hydrogen-ukraine.com\/?page_id=2325"},"modified":"2024-02-14T19:34:44","modified_gmt":"2024-02-14T17:34:44","slug":"besteuerung-der-gruenen-energie-und-dividendenbesteuerung","status":"publish","type":"page","link":"https:\/\/hydrogen-ukraine.com\/de\/besteuerung-der-gruenen-energie-und-dividendenbesteuerung\/","title":{"rendered":"Besteuerung der gr\u00fcnen Energie und Dividendenbesteuerung"},"content":{"rendered":"\t\t<div data-elementor-type=\"wp-page\" data-elementor-id=\"2325\" class=\"elementor elementor-2325 elementor-19\" data-elementor-post-type=\"page\">\n\t\t\t\t\t\t<section class=\"elementor-section elementor-top-section elementor-element elementor-element-583cf11 elementor-section-boxed elementor-section-height-default elementor-section-height-default wpr-particle-no wpr-jarallax-no wpr-parallax-no wpr-sticky-section-no\" data-id=\"583cf11\" data-element_type=\"section\">\n\t\t\t\t\t\t<div class=\"elementor-container elementor-column-gap-default\">\n\t\t\t\t\t<div class=\"elementor-column elementor-col-50 elementor-top-column elementor-element elementor-element-f05fcb2 elementor-hidden-tablet elementor-hidden-mobile\" data-id=\"f05fcb2\" data-element_type=\"column\">\n\t\t\t<div class=\"elementor-widget-wrap elementor-element-populated\">\n\t\t\t\t\t\t<div class=\"elementor-element elementor-element-813c405 elementor-nav-menu--dropdown-none elementor-widget__width-initial elementor-widget elementor-widget-nav-menu\" data-id=\"813c405\" data-element_type=\"widget\" data-settings=\"{&quot;layout&quot;:&quot;vertical&quot;,&quot;submenu_icon&quot;:{&quot;value&quot;:&quot;&lt;i class=\\&quot;fas fa-caret-down\\&quot;&gt;&lt;\\\/i&gt;&quot;,&quot;library&quot;:&quot;fa-solid&quot;}}\" data-widget_type=\"nav-menu.default\">\n\t\t\t\t<div class=\"elementor-widget-container\">\n\t\t\t<link rel=\"stylesheet\" href=\"https:\/\/hydrogen-ukraine.com\/wp-content\/plugins\/elementor-pro\/assets\/css\/widget-nav-menu.min.css\">\t\t\t<nav class=\"elementor-nav-menu--main elementor-nav-menu__container elementor-nav-menu--layout-vertical e--pointer-underline e--animation-fade\">\n\t\t\t\t<ul id=\"menu-1-813c405\" class=\"elementor-nav-menu sm-vertical\"><li class=\"menu-item menu-item-type-post_type menu-item-object-page menu-item-2403\"><a href=\"https:\/\/hydrogen-ukraine.com\/en\/conditions-for-connection-to-the-ukrainian-energy-system-obtaining-teo-tu\/\" class=\"elementor-item\">Conditions for connection to the Ukrainian energy system<\/a><\/li>\n<li class=\"menu-item menu-item-type-post_type menu-item-object-page menu-item-2404\"><a href=\"https:\/\/hydrogen-ukraine.com\/en\/integration-of-ukraine-into-the-european-energy-system\/\" class=\"elementor-item\">Integration of Ukraine into the European energy system<\/a><\/li>\n<li class=\"menu-item menu-item-type-post_type menu-item-object-page menu-item-2405\"><a href=\"https:\/\/hydrogen-ukraine.com\/en\/ukraines-hydrogen-strategy-and-government-guarantees-of-its-implementation\/\" class=\"elementor-item\">Ukraine\u2019s Hydrogen Strategy and Government Guarantees<\/a><\/li>\n<li class=\"menu-item menu-item-type-post_type menu-item-object-page menu-item-2406\"><a href=\"https:\/\/hydrogen-ukraine.com\/en\/protection-of-foreign-environmental-investments-in-ukraine\/\" class=\"elementor-item\">Protection of Foreign Environmental Investments in Ukraine<\/a><\/li>\n<li class=\"menu-item menu-item-type-post_type menu-item-object-page menu-item-2407\"><a href=\"https:\/\/hydrogen-ukraine.com\/en\/international-cooperation-of-ukraine-in-the-hydrogen-sector\/\" class=\"elementor-item\">International cooperation of Ukraine in the hydrogen sector<\/a><\/li>\n<li class=\"menu-item menu-item-type-post_type menu-item-object-page menu-item-2408\"><a href=\"https:\/\/hydrogen-ukraine.com\/en\/taxation-of-green-energy-and-dividend-taxation\/\" class=\"elementor-item\">Taxation of green energy and dividend taxation<\/a><\/li>\n<li class=\"menu-item menu-item-type-post_type menu-item-object-page menu-item-2409\"><a href=\"https:\/\/hydrogen-ukraine.com\/en\/legal-regulation-of-hydrogen-energy-in-ukraine\/\" class=\"elementor-item\">Legal Regulation of Hydrogen Energy in Ukraine<\/a><\/li>\n<li class=\"menu-item menu-item-type-post_type menu-item-object-page menu-item-2410\"><a href=\"https:\/\/hydrogen-ukraine.com\/en\/conditions-for-setting-up-a-business-in-ukraine\/\" class=\"elementor-item\">Conditions for Setting up a Business in Ukraine<\/a><\/li>\n<\/ul>\t\t\t<\/nav>\n\t\t\t\t\t\t<nav class=\"elementor-nav-menu--dropdown elementor-nav-menu__container\" aria-hidden=\"true\">\n\t\t\t\t<ul id=\"menu-2-813c405\" class=\"elementor-nav-menu sm-vertical\"><li class=\"menu-item menu-item-type-post_type menu-item-object-page menu-item-2403\"><a href=\"https:\/\/hydrogen-ukraine.com\/en\/conditions-for-connection-to-the-ukrainian-energy-system-obtaining-teo-tu\/\" class=\"elementor-item\" tabindex=\"-1\">Conditions for connection to the Ukrainian energy system<\/a><\/li>\n<li class=\"menu-item menu-item-type-post_type menu-item-object-page menu-item-2404\"><a href=\"https:\/\/hydrogen-ukraine.com\/en\/integration-of-ukraine-into-the-european-energy-system\/\" class=\"elementor-item\" tabindex=\"-1\">Integration of Ukraine into the European energy system<\/a><\/li>\n<li class=\"menu-item menu-item-type-post_type menu-item-object-page menu-item-2405\"><a href=\"https:\/\/hydrogen-ukraine.com\/en\/ukraines-hydrogen-strategy-and-government-guarantees-of-its-implementation\/\" class=\"elementor-item\" tabindex=\"-1\">Ukraine\u2019s Hydrogen Strategy and Government Guarantees<\/a><\/li>\n<li class=\"menu-item menu-item-type-post_type menu-item-object-page menu-item-2406\"><a href=\"https:\/\/hydrogen-ukraine.com\/en\/protection-of-foreign-environmental-investments-in-ukraine\/\" class=\"elementor-item\" tabindex=\"-1\">Protection of Foreign Environmental Investments in Ukraine<\/a><\/li>\n<li class=\"menu-item menu-item-type-post_type menu-item-object-page menu-item-2407\"><a href=\"https:\/\/hydrogen-ukraine.com\/en\/international-cooperation-of-ukraine-in-the-hydrogen-sector\/\" class=\"elementor-item\" tabindex=\"-1\">International cooperation of Ukraine in the hydrogen sector<\/a><\/li>\n<li class=\"menu-item menu-item-type-post_type menu-item-object-page menu-item-2408\"><a href=\"https:\/\/hydrogen-ukraine.com\/en\/taxation-of-green-energy-and-dividend-taxation\/\" class=\"elementor-item\" tabindex=\"-1\">Taxation of green energy and dividend taxation<\/a><\/li>\n<li class=\"menu-item menu-item-type-post_type menu-item-object-page menu-item-2409\"><a href=\"https:\/\/hydrogen-ukraine.com\/en\/legal-regulation-of-hydrogen-energy-in-ukraine\/\" class=\"elementor-item\" tabindex=\"-1\">Legal Regulation of Hydrogen Energy in Ukraine<\/a><\/li>\n<li class=\"menu-item menu-item-type-post_type menu-item-object-page menu-item-2410\"><a href=\"https:\/\/hydrogen-ukraine.com\/en\/conditions-for-setting-up-a-business-in-ukraine\/\" class=\"elementor-item\" tabindex=\"-1\">Conditions for Setting up a Business in Ukraine<\/a><\/li>\n<\/ul>\t\t\t<\/nav>\n\t\t\t\t<\/div>\n\t\t\t\t<\/div>\n\t\t\t\t\t<\/div>\n\t\t<\/div>\n\t\t\t\t<div class=\"elementor-column elementor-col-50 elementor-top-column elementor-element elementor-element-5335da4\" data-id=\"5335da4\" data-element_type=\"column\" data-settings=\"{&quot;background_background&quot;:&quot;classic&quot;}\">\n\t\t\t<div class=\"elementor-widget-wrap elementor-element-populated\">\n\t\t\t\t\t\t<div class=\"elementor-element elementor-element-32890c60 elementor-widget elementor-widget-text-editor\" data-id=\"32890c60\" data-element_type=\"widget\" data-widget_type=\"text-editor.default\">\n\t\t\t\t<div class=\"elementor-widget-container\">\n\t\t\t<style>\/*! elementor - v3.22.0 - 26-06-2024 *\/\n.elementor-widget-text-editor.elementor-drop-cap-view-stacked .elementor-drop-cap{background-color:#69727d;color:#fff}.elementor-widget-text-editor.elementor-drop-cap-view-framed .elementor-drop-cap{color:#69727d;border:3px solid;background-color:transparent}.elementor-widget-text-editor:not(.elementor-drop-cap-view-default) .elementor-drop-cap{margin-top:8px}.elementor-widget-text-editor:not(.elementor-drop-cap-view-default) .elementor-drop-cap-letter{width:1em;height:1em}.elementor-widget-text-editor .elementor-drop-cap{float:left;text-align:center;line-height:1;font-size:50px}.elementor-widget-text-editor .elementor-drop-cap-letter{display:inline-block}<\/style>\t\t\t\t<p>Die Besteuerung der gr\u00fcnen Energie und Dividenden kann je nach Gesetzgebung und Politik jedes einzelnen Landes, einschlie\u00dflich der Ukraine, unterschiedlich sein.<\/p><p><strong> Hier ist allgemeine Informationen zur Besteuerung in diesen beiden Bereichen:<\/strong><\/p><ol><li aria-level=\"1\">Besteuerung der gr\u00fcnen Energie: In vielen L\u00e4ndern, einschlie\u00dflich der Ukraine, gibt es verschiedene Anreize und Verg\u00fcnstigungen zur F\u00f6rderung der gr\u00fcnen Energie. Dies k\u00f6nnen Steuergutschriften, Steuerverg\u00fcnstigungen, Priorit\u00e4ten beim Verkauf von Strom usw. sein. In der Regel hat die gr\u00fcne Energie steuerliche Vorteile, da sie nachhaltige Entwicklung und \u00f6kologische Nachhaltigkeit f\u00f6rdert. Die genauen Regeln und Steuers\u00e4tze k\u00f6nnen jedoch von Land zu Land unterschiedlich sein.<\/li><li aria-level=\"1\">Dividendenbesteuerung: Die Besteuerung von Dividenden h\u00e4ngt von der nationalen Gesetzgebung des Landes ab, in dem sich das Unternehmen befindet. In vielen L\u00e4ndern gibt es Steuern auf Dividenden, die von Unternehmen und Dividendenempf\u00e4ngern gezahlt werden. Diese S\u00e4tze k\u00f6nnen je nach Einkommensniveau, Status des Steuerpflichtigen und anderen Faktoren variieren. Es gibt jedoch auch Steuerabkommen und Mechanismen zur Vermeidung der doppelten Besteuerung von Dividenden in vielen L\u00e4ndern. Es ist wichtig, die spezifische Steuergesetzgebung des Landes im Detail zu untersuchen, um ihre Auswirkungen auf die Besteuerung von Dividenden zu verstehen.<\/li><\/ol><p>\u00a0<\/p><p>Es ist zu beachten, dass die oben genannten Informationen allgemeiner Natur sind, und es wird empfohlen, sich auf konkrete gesetzliche Bestimmungen zu beziehen und sich mit Experten f\u00fcr Steuerrecht zu beraten, um genaue Informationen zur Besteuerung der gr\u00fcnen Energie und Dividenden in einem bestimmten Land zu erhalten.<\/p>\t\t\t\t\t\t<\/div>\n\t\t\t\t<\/div>\n\t\t\t\t\t<\/div>\n\t\t<\/div>\n\t\t\t\t\t<\/div>\n\t\t<\/section>\n\t\t\t\t<\/div>\n\t\t","protected":false},"excerpt":{"rendered":"<p>Die Besteuerung der gr\u00fcnen Energie und Dividenden kann je nach Gesetzgebung und Politik jedes einzelnen Landes, einschlie\u00dflich der Ukraine, unterschiedlich sein. Hier ist allgemeine Informationen zur Besteuerung in diesen beiden Bereichen: Besteuerung der gr\u00fcnen Energie: In vielen L\u00e4ndern, einschlie\u00dflich der Ukraine, gibt es verschiedene Anreize und Verg\u00fcnstigungen zur F\u00f6rderung der gr\u00fcnen Energie. Dies k\u00f6nnen Steuergutschriften, Steuerverg\u00fcnstigungen, Priorit\u00e4ten beim Verkauf von Strom usw. sein. In der Regel hat die gr\u00fcne Energie steuerliche Vorteile, da sie nachhaltige Entwicklung und \u00f6kologische Nachhaltigkeit f\u00f6rdert. Die genauen Regeln und Steuers\u00e4tze k\u00f6nnen jedoch von Land zu Land unterschiedlich sein. Dividendenbesteuerung: Die Besteuerung von Dividenden h\u00e4ngt von der nationalen Gesetzgebung des Landes ab, in dem sich das Unternehmen befindet. In vielen L\u00e4ndern gibt es Steuern auf Dividenden, die von Unternehmen und Dividendenempf\u00e4ngern gezahlt werden. Diese S\u00e4tze k\u00f6nnen je nach Einkommensniveau, Status des Steuerpflichtigen und anderen Faktoren variieren. Es gibt jedoch auch Steuerabkommen und Mechanismen zur Vermeidung der doppelten Besteuerung von Dividenden in vielen L\u00e4ndern. Es ist wichtig, die spezifische Steuergesetzgebung des Landes im Detail zu untersuchen, um ihre Auswirkungen auf die Besteuerung von Dividenden zu verstehen. \u00a0 Es ist zu beachten, dass die oben genannten Informationen allgemeiner Natur sind, und es wird empfohlen, sich auf konkrete gesetzliche Bestimmungen zu beziehen und sich mit Experten f\u00fcr Steuerrecht zu beraten, um genaue Informationen zur Besteuerung der gr\u00fcnen Energie und Dividenden in einem bestimmten Land zu erhalten.<\/p>\n","protected":false},"author":1,"featured_media":0,"parent":0,"menu_order":0,"comment_status":"closed","ping_status":"closed","template":"elementor_header_footer","meta":{"footnotes":""},"_links":{"self":[{"href":"https:\/\/hydrogen-ukraine.com\/de\/wp-json\/wp\/v2\/pages\/2325"}],"collection":[{"href":"https:\/\/hydrogen-ukraine.com\/de\/wp-json\/wp\/v2\/pages"}],"about":[{"href":"https:\/\/hydrogen-ukraine.com\/de\/wp-json\/wp\/v2\/types\/page"}],"author":[{"embeddable":true,"href":"https:\/\/hydrogen-ukraine.com\/de\/wp-json\/wp\/v2\/users\/1"}],"replies":[{"embeddable":true,"href":"https:\/\/hydrogen-ukraine.com\/de\/wp-json\/wp\/v2\/comments?post=2325"}],"version-history":[{"count":4,"href":"https:\/\/hydrogen-ukraine.com\/de\/wp-json\/wp\/v2\/pages\/2325\/revisions"}],"predecessor-version":[{"id":2329,"href":"https:\/\/hydrogen-ukraine.com\/de\/wp-json\/wp\/v2\/pages\/2325\/revisions\/2329"}],"wp:attachment":[{"href":"https:\/\/hydrogen-ukraine.com\/de\/wp-json\/wp\/v2\/media?parent=2325"}],"curies":[{"name":"wp","href":"https:\/\/api.w.org\/{rel}","templated":true}]}}