{"id":2292,"date":"2023-07-26T12:06:40","date_gmt":"2023-07-26T09:06:40","guid":{"rendered":"https:\/\/hydrogen-ukraine.com\/?page_id=2292"},"modified":"2024-02-14T17:32:01","modified_gmt":"2024-02-14T15:32:01","slug":"bedingungen-fuer-die-gruendung-eines-unternehmens-in-der-ukraine","status":"publish","type":"page","link":"https:\/\/hydrogen-ukraine.com\/de\/bedingungen-fuer-die-gruendung-eines-unternehmens-in-der-ukraine\/","title":{"rendered":"Bedingungen f\u00fcr die Gr\u00fcndung eines Unternehmens in der Ukraine"},"content":{"rendered":"\t\t<div data-elementor-type=\"wp-page\" data-elementor-id=\"2292\" class=\"elementor elementor-2292 elementor-23\" data-elementor-post-type=\"page\">\n\t\t\t\t\t\t<section class=\"elementor-section elementor-top-section elementor-element elementor-element-6a727eb elementor-section-boxed elementor-section-height-default elementor-section-height-default wpr-particle-no wpr-jarallax-no wpr-parallax-no wpr-sticky-section-no\" data-id=\"6a727eb\" data-element_type=\"section\">\n\t\t\t\t\t\t<div class=\"elementor-container elementor-column-gap-default\">\n\t\t\t\t\t<div class=\"elementor-column elementor-col-50 elementor-top-column elementor-element elementor-element-672138e elementor-hidden-tablet elementor-hidden-mobile\" data-id=\"672138e\" data-element_type=\"column\">\n\t\t\t<div class=\"elementor-widget-wrap elementor-element-populated\">\n\t\t\t\t\t\t<div class=\"elementor-element elementor-element-2add144 elementor-nav-menu--dropdown-none elementor-widget__width-initial elementor-widget elementor-widget-nav-menu\" data-id=\"2add144\" data-element_type=\"widget\" data-settings=\"{&quot;layout&quot;:&quot;vertical&quot;,&quot;submenu_icon&quot;:{&quot;value&quot;:&quot;&lt;i class=\\&quot;fas fa-caret-down\\&quot;&gt;&lt;\\\/i&gt;&quot;,&quot;library&quot;:&quot;fa-solid&quot;}}\" data-widget_type=\"nav-menu.default\">\n\t\t\t\t<div class=\"elementor-widget-container\">\n\t\t\t<link rel=\"stylesheet\" href=\"https:\/\/hydrogen-ukraine.com\/wp-content\/plugins\/elementor-pro\/assets\/css\/widget-nav-menu.min.css\">\t\t\t<nav class=\"elementor-nav-menu--main elementor-nav-menu__container elementor-nav-menu--layout-vertical e--pointer-underline e--animation-fade\">\n\t\t\t\t<ul id=\"menu-1-2add144\" class=\"elementor-nav-menu sm-vertical\"><li class=\"menu-item menu-item-type-post_type menu-item-object-page menu-item-2403\"><a href=\"https:\/\/hydrogen-ukraine.com\/en\/conditions-for-connection-to-the-ukrainian-energy-system-obtaining-teo-tu\/\" class=\"elementor-item\">Conditions for connection to the Ukrainian energy system<\/a><\/li>\n<li class=\"menu-item menu-item-type-post_type menu-item-object-page menu-item-2404\"><a href=\"https:\/\/hydrogen-ukraine.com\/en\/integration-of-ukraine-into-the-european-energy-system\/\" class=\"elementor-item\">Integration of Ukraine into the European energy system<\/a><\/li>\n<li class=\"menu-item menu-item-type-post_type menu-item-object-page menu-item-2405\"><a href=\"https:\/\/hydrogen-ukraine.com\/en\/ukraines-hydrogen-strategy-and-government-guarantees-of-its-implementation\/\" class=\"elementor-item\">Ukraine\u2019s Hydrogen Strategy and Government Guarantees<\/a><\/li>\n<li class=\"menu-item menu-item-type-post_type menu-item-object-page menu-item-2406\"><a href=\"https:\/\/hydrogen-ukraine.com\/en\/protection-of-foreign-environmental-investments-in-ukraine\/\" class=\"elementor-item\">Protection of Foreign Environmental Investments in Ukraine<\/a><\/li>\n<li class=\"menu-item menu-item-type-post_type menu-item-object-page menu-item-2407\"><a href=\"https:\/\/hydrogen-ukraine.com\/en\/international-cooperation-of-ukraine-in-the-hydrogen-sector\/\" class=\"elementor-item\">International cooperation of Ukraine in the hydrogen sector<\/a><\/li>\n<li class=\"menu-item menu-item-type-post_type menu-item-object-page menu-item-2408\"><a href=\"https:\/\/hydrogen-ukraine.com\/en\/taxation-of-green-energy-and-dividend-taxation\/\" class=\"elementor-item\">Taxation of green energy and dividend taxation<\/a><\/li>\n<li class=\"menu-item menu-item-type-post_type menu-item-object-page menu-item-2409\"><a href=\"https:\/\/hydrogen-ukraine.com\/en\/legal-regulation-of-hydrogen-energy-in-ukraine\/\" class=\"elementor-item\">Legal Regulation of Hydrogen Energy in Ukraine<\/a><\/li>\n<li class=\"menu-item menu-item-type-post_type menu-item-object-page menu-item-2410\"><a href=\"https:\/\/hydrogen-ukraine.com\/en\/conditions-for-setting-up-a-business-in-ukraine\/\" class=\"elementor-item\">Conditions for Setting up a Business in Ukraine<\/a><\/li>\n<\/ul>\t\t\t<\/nav>\n\t\t\t\t\t\t<nav class=\"elementor-nav-menu--dropdown elementor-nav-menu__container\" aria-hidden=\"true\">\n\t\t\t\t<ul id=\"menu-2-2add144\" class=\"elementor-nav-menu sm-vertical\"><li class=\"menu-item menu-item-type-post_type menu-item-object-page menu-item-2403\"><a href=\"https:\/\/hydrogen-ukraine.com\/en\/conditions-for-connection-to-the-ukrainian-energy-system-obtaining-teo-tu\/\" class=\"elementor-item\" tabindex=\"-1\">Conditions for connection to the Ukrainian energy system<\/a><\/li>\n<li class=\"menu-item menu-item-type-post_type menu-item-object-page menu-item-2404\"><a href=\"https:\/\/hydrogen-ukraine.com\/en\/integration-of-ukraine-into-the-european-energy-system\/\" class=\"elementor-item\" tabindex=\"-1\">Integration of Ukraine into the European energy system<\/a><\/li>\n<li class=\"menu-item menu-item-type-post_type menu-item-object-page menu-item-2405\"><a href=\"https:\/\/hydrogen-ukraine.com\/en\/ukraines-hydrogen-strategy-and-government-guarantees-of-its-implementation\/\" class=\"elementor-item\" tabindex=\"-1\">Ukraine\u2019s Hydrogen Strategy and Government Guarantees<\/a><\/li>\n<li class=\"menu-item menu-item-type-post_type menu-item-object-page menu-item-2406\"><a href=\"https:\/\/hydrogen-ukraine.com\/en\/protection-of-foreign-environmental-investments-in-ukraine\/\" class=\"elementor-item\" tabindex=\"-1\">Protection of Foreign Environmental Investments in Ukraine<\/a><\/li>\n<li class=\"menu-item menu-item-type-post_type menu-item-object-page menu-item-2407\"><a href=\"https:\/\/hydrogen-ukraine.com\/en\/international-cooperation-of-ukraine-in-the-hydrogen-sector\/\" class=\"elementor-item\" tabindex=\"-1\">International cooperation of Ukraine in the hydrogen sector<\/a><\/li>\n<li class=\"menu-item menu-item-type-post_type menu-item-object-page menu-item-2408\"><a href=\"https:\/\/hydrogen-ukraine.com\/en\/taxation-of-green-energy-and-dividend-taxation\/\" class=\"elementor-item\" tabindex=\"-1\">Taxation of green energy and dividend taxation<\/a><\/li>\n<li class=\"menu-item menu-item-type-post_type menu-item-object-page menu-item-2409\"><a href=\"https:\/\/hydrogen-ukraine.com\/en\/legal-regulation-of-hydrogen-energy-in-ukraine\/\" class=\"elementor-item\" tabindex=\"-1\">Legal Regulation of Hydrogen Energy in Ukraine<\/a><\/li>\n<li class=\"menu-item menu-item-type-post_type menu-item-object-page menu-item-2410\"><a href=\"https:\/\/hydrogen-ukraine.com\/en\/conditions-for-setting-up-a-business-in-ukraine\/\" class=\"elementor-item\" tabindex=\"-1\">Conditions for Setting up a Business in Ukraine<\/a><\/li>\n<\/ul>\t\t\t<\/nav>\n\t\t\t\t<\/div>\n\t\t\t\t<\/div>\n\t\t\t\t\t<\/div>\n\t\t<\/div>\n\t\t\t\t<div class=\"elementor-column elementor-col-50 elementor-top-column elementor-element elementor-element-7b6ec86\" data-id=\"7b6ec86\" data-element_type=\"column\" data-settings=\"{&quot;background_background&quot;:&quot;classic&quot;}\">\n\t\t\t<div class=\"elementor-widget-wrap elementor-element-populated\">\n\t\t\t\t\t\t<div class=\"elementor-element elementor-element-3e61925a elementor-widget elementor-widget-text-editor\" data-id=\"3e61925a\" data-element_type=\"widget\" data-widget_type=\"text-editor.default\">\n\t\t\t\t<div class=\"elementor-widget-container\">\n\t\t\t<style>\/*! elementor - v3.22.0 - 26-06-2024 *\/\n.elementor-widget-text-editor.elementor-drop-cap-view-stacked .elementor-drop-cap{background-color:#69727d;color:#fff}.elementor-widget-text-editor.elementor-drop-cap-view-framed .elementor-drop-cap{color:#69727d;border:3px solid;background-color:transparent}.elementor-widget-text-editor:not(.elementor-drop-cap-view-default) .elementor-drop-cap{margin-top:8px}.elementor-widget-text-editor:not(.elementor-drop-cap-view-default) .elementor-drop-cap-letter{width:1em;height:1em}.elementor-widget-text-editor .elementor-drop-cap{float:left;text-align:center;line-height:1;font-size:50px}.elementor-widget-text-editor .elementor-drop-cap-letter{display:inline-block}<\/style>\t\t\t\t<p>Die grundlegenden Schritte zur Gr\u00fcndung eines Unternehmens in der Ukraine umfassen die folgenden Phasen:<\/p><ul><li aria-level=\"1\">Auswahl der Organisations- und Rechtsform: Die Ukraine erm\u00f6glicht die Gr\u00fcndung von Unternehmen in verschiedenen Formen wie einer Gesellschaft mit beschr\u00e4nkter Haftung (LLC), einer Aktiengesellschaft (AG), einem Einzelunternehmen (Sole Proprietorship) und anderen. Die Wahl der Form h\u00e4ngt von der Spezifik des Gesch\u00e4fts und anderen Faktoren ab.<\/li><li aria-level=\"1\">Registrierung des Unternehmens: Nach der Auswahl der Organisations- und Rechtsform muss das Unternehmen registriert werden. Dazu muss man sich an die entsprechenden Beh\u00f6rden f\u00fcr staatliche Registrierung wenden, in der Regel die Staatliche Registrierungsstelle oder das Justizministerium. Bei der Registrierung m\u00fcssen die erforderlichen Unterlagen vorgelegt werden, einschlie\u00dflich der Satzungsdokumente des Unternehmens und anderer Informationen.<\/li><li aria-level=\"1\">Er\u00f6ffnung eines Bankkontos: F\u00fcr den Betrieb eines Unternehmens in der Ukraine wird in der Regel ein Bankkonto ben\u00f6tigt. Das Unternehmen muss sich an eine Bank wenden, um ein Konto zu er\u00f6ffnen, und die erforderlichen Dokumente wie Satzungsdokumente, Registrierungsdokumente usw. vorlegen.<\/li><li aria-level=\"1\">Registrierung f\u00fcr die Besteuerung: Das Unternehmen muss sich bei den Steuerbeh\u00f6rden f\u00fcr die Besteuerung registrieren lassen.<\/li><\/ul><p>\u00a0<\/p><p>Die Ukraine hat verschiedene Steuersysteme, einschlie\u00dflich des allgemeinen Steuersystems und des vereinfachten Steuersystems f\u00fcr bestimmte Arten von Unternehmen. Bei der Registrierung f\u00fcr die Besteuerung muss das Unternehmen seinen Steuerstatus festlegen und gem\u00e4\u00df den Anforderungen des Steuergesetzes registriert werden.<\/p><ul><li aria-level=\"1\">Registrierung von Mitarbeitern: Wenn das Unternehmen beabsichtigt, Mitarbeiter zu besch\u00e4ftigen, m\u00fcssen diese bei den Sozialversicherungs- und Steuerbeh\u00f6rden registriert werden. Dies umfasst die Erstellung der erforderlichen Dokumente f\u00fcr den sozialen Schutz und die Besteuerung der Mitarbeiter.<\/li><li aria-level=\"1\">Erhalt erforderlicher Lizenzen und Genehmigungen: Einige Arten von Gesch\u00e4ften erfordern spezielle Lizenzen, Genehmigungen oder Zertifikate. Das Unternehmen muss die Lizenzanforderungen f\u00fcr seine T\u00e4tigkeit pr\u00fcfen und entsprechende Antr\u00e4ge bei den zust\u00e4ndigen Beh\u00f6rden einreichen.<\/li><\/ul><p>\u00a0<\/p><p>Diese Verfahren k\u00f6nnen je nach spezifischer Situation und Art des Gesch\u00e4fts variieren. Es ist auch wichtig, die Anforderungen des Arbeitsrechts, steuerliche und finanzielle Berichtspflichten sowie andere regulatorische Anforderungen, die das Unternehmen betreffen, einzuhalten. Es wird empfohlen, eine Beratung von Rechts- und Finanzexperten einzuholen, die Erfahrung im Unternehmertum in der Ukraine haben.<\/p>\t\t\t\t\t\t<\/div>\n\t\t\t\t<\/div>\n\t\t\t\t\t<\/div>\n\t\t<\/div>\n\t\t\t\t\t<\/div>\n\t\t<\/section>\n\t\t\t\t<\/div>\n\t\t","protected":false},"excerpt":{"rendered":"<p>Die grundlegenden Schritte zur Gr\u00fcndung eines Unternehmens in der Ukraine umfassen die folgenden Phasen: Auswahl der Organisations- und Rechtsform: Die Ukraine erm\u00f6glicht die Gr\u00fcndung von Unternehmen in verschiedenen Formen wie einer Gesellschaft mit beschr\u00e4nkter Haftung (LLC), einer Aktiengesellschaft (AG), einem Einzelunternehmen (Sole Proprietorship) und anderen. Die Wahl der Form h\u00e4ngt von der Spezifik des Gesch\u00e4fts und anderen Faktoren ab. Registrierung des Unternehmens: Nach der Auswahl der Organisations- und Rechtsform muss das Unternehmen registriert werden. Dazu muss man sich an die entsprechenden Beh\u00f6rden f\u00fcr staatliche Registrierung wenden, in der Regel die Staatliche Registrierungsstelle oder das Justizministerium. Bei der Registrierung m\u00fcssen die erforderlichen Unterlagen vorgelegt werden, einschlie\u00dflich der Satzungsdokumente des Unternehmens und anderer Informationen. Er\u00f6ffnung eines Bankkontos: F\u00fcr den Betrieb eines Unternehmens in der Ukraine wird in der Regel ein Bankkonto ben\u00f6tigt. Das Unternehmen muss sich an eine Bank wenden, um ein Konto zu er\u00f6ffnen, und die erforderlichen Dokumente wie Satzungsdokumente, Registrierungsdokumente usw. vorlegen. Registrierung f\u00fcr die Besteuerung: Das Unternehmen muss sich bei den Steuerbeh\u00f6rden f\u00fcr die Besteuerung registrieren lassen. \u00a0 Die Ukraine hat verschiedene Steuersysteme, einschlie\u00dflich des allgemeinen Steuersystems und des vereinfachten Steuersystems f\u00fcr bestimmte Arten von Unternehmen. Bei der Registrierung f\u00fcr die Besteuerung muss das Unternehmen seinen Steuerstatus festlegen und gem\u00e4\u00df den Anforderungen des Steuergesetzes registriert werden. Registrierung von Mitarbeitern: Wenn das Unternehmen beabsichtigt, Mitarbeiter zu besch\u00e4ftigen, m\u00fcssen diese bei den Sozialversicherungs- und Steuerbeh\u00f6rden registriert werden. Dies umfasst die Erstellung der erforderlichen Dokumente f\u00fcr den sozialen Schutz und die Besteuerung der Mitarbeiter. Erhalt erforderlicher Lizenzen und Genehmigungen: Einige Arten von Gesch\u00e4ften erfordern spezielle Lizenzen, Genehmigungen oder Zertifikate. Das Unternehmen muss die Lizenzanforderungen f\u00fcr seine T\u00e4tigkeit pr\u00fcfen und entsprechende Antr\u00e4ge bei den zust\u00e4ndigen Beh\u00f6rden einreichen. \u00a0 Diese Verfahren k\u00f6nnen je nach spezifischer Situation und Art des Gesch\u00e4fts variieren. Es ist auch wichtig, die Anforderungen des Arbeitsrechts, steuerliche und finanzielle Berichtspflichten sowie andere regulatorische Anforderungen, die das Unternehmen betreffen, einzuhalten. Es wird empfohlen, eine Beratung von Rechts- und Finanzexperten einzuholen, die Erfahrung im Unternehmertum in der Ukraine haben.<\/p>\n","protected":false},"author":1,"featured_media":0,"parent":0,"menu_order":0,"comment_status":"closed","ping_status":"closed","template":"elementor_header_footer","meta":{"footnotes":""},"_links":{"self":[{"href":"https:\/\/hydrogen-ukraine.com\/de\/wp-json\/wp\/v2\/pages\/2292"}],"collection":[{"href":"https:\/\/hydrogen-ukraine.com\/de\/wp-json\/wp\/v2\/pages"}],"about":[{"href":"https:\/\/hydrogen-ukraine.com\/de\/wp-json\/wp\/v2\/types\/page"}],"author":[{"embeddable":true,"href":"https:\/\/hydrogen-ukraine.com\/de\/wp-json\/wp\/v2\/users\/1"}],"replies":[{"embeddable":true,"href":"https:\/\/hydrogen-ukraine.com\/de\/wp-json\/wp\/v2\/comments?post=2292"}],"version-history":[{"count":4,"href":"https:\/\/hydrogen-ukraine.com\/de\/wp-json\/wp\/v2\/pages\/2292\/revisions"}],"predecessor-version":[{"id":2296,"href":"https:\/\/hydrogen-ukraine.com\/de\/wp-json\/wp\/v2\/pages\/2292\/revisions\/2296"}],"wp:attachment":[{"href":"https:\/\/hydrogen-ukraine.com\/de\/wp-json\/wp\/v2\/media?parent=2292"}],"curies":[{"name":"wp","href":"https:\/\/api.w.org\/{rel}","templated":true}]}}