{"id":2262,"date":"2023-07-26T12:07:01","date_gmt":"2023-07-26T09:07:01","guid":{"rendered":"https:\/\/hydrogen-ukraine.com\/?page_id=2262"},"modified":"2024-02-14T16:39:01","modified_gmt":"2024-02-14T14:39:01","slug":"bedingungen-fuer-den-anschluss-an-das-ukrainische-energiesystem","status":"publish","type":"page","link":"https:\/\/hydrogen-ukraine.com\/de\/bedingungen-fuer-den-anschluss-an-das-ukrainische-energiesystem\/","title":{"rendered":"Bedingungen f\u00fcr den Anschluss an das ukrainische Energiesystem"},"content":{"rendered":"\t\t<div data-elementor-type=\"wp-page\" data-elementor-id=\"2262\" class=\"elementor elementor-2262 elementor-25\" data-elementor-post-type=\"page\">\n\t\t\t\t\t\t<section class=\"elementor-section elementor-top-section elementor-element elementor-element-99fd7f4 elementor-section-boxed elementor-section-height-default elementor-section-height-default wpr-particle-no wpr-jarallax-no wpr-parallax-no wpr-sticky-section-no\" data-id=\"99fd7f4\" data-element_type=\"section\">\n\t\t\t\t\t\t<div class=\"elementor-container elementor-column-gap-default\">\n\t\t\t\t\t<div class=\"elementor-column elementor-col-50 elementor-top-column elementor-element elementor-element-4e0e74f elementor-hidden-tablet elementor-hidden-mobile\" data-id=\"4e0e74f\" data-element_type=\"column\">\n\t\t\t<div class=\"elementor-widget-wrap elementor-element-populated\">\n\t\t\t\t\t\t<div class=\"elementor-element elementor-element-54c0730 elementor-nav-menu--dropdown-none elementor-widget__width-initial elementor-widget elementor-widget-nav-menu\" data-id=\"54c0730\" data-element_type=\"widget\" data-settings=\"{&quot;layout&quot;:&quot;vertical&quot;,&quot;submenu_icon&quot;:{&quot;value&quot;:&quot;&lt;i class=\\&quot;fas fa-caret-down\\&quot;&gt;&lt;\\\/i&gt;&quot;,&quot;library&quot;:&quot;fa-solid&quot;}}\" data-widget_type=\"nav-menu.default\">\n\t\t\t\t<div class=\"elementor-widget-container\">\n\t\t\t<link rel=\"stylesheet\" href=\"https:\/\/hydrogen-ukraine.com\/wp-content\/plugins\/elementor-pro\/assets\/css\/widget-nav-menu.min.css\">\t\t\t<nav class=\"elementor-nav-menu--main elementor-nav-menu__container elementor-nav-menu--layout-vertical e--pointer-underline e--animation-fade\">\n\t\t\t\t<ul id=\"menu-1-54c0730\" class=\"elementor-nav-menu sm-vertical\"><li class=\"menu-item menu-item-type-post_type menu-item-object-page menu-item-2403\"><a href=\"https:\/\/hydrogen-ukraine.com\/en\/conditions-for-connection-to-the-ukrainian-energy-system-obtaining-teo-tu\/\" class=\"elementor-item\">Conditions for connection to the Ukrainian energy system<\/a><\/li>\n<li class=\"menu-item menu-item-type-post_type menu-item-object-page menu-item-2404\"><a href=\"https:\/\/hydrogen-ukraine.com\/en\/integration-of-ukraine-into-the-european-energy-system\/\" class=\"elementor-item\">Integration of Ukraine into the European energy system<\/a><\/li>\n<li class=\"menu-item menu-item-type-post_type menu-item-object-page menu-item-2405\"><a href=\"https:\/\/hydrogen-ukraine.com\/en\/ukraines-hydrogen-strategy-and-government-guarantees-of-its-implementation\/\" class=\"elementor-item\">Ukraine\u2019s Hydrogen Strategy and Government Guarantees<\/a><\/li>\n<li class=\"menu-item menu-item-type-post_type menu-item-object-page menu-item-2406\"><a href=\"https:\/\/hydrogen-ukraine.com\/en\/protection-of-foreign-environmental-investments-in-ukraine\/\" class=\"elementor-item\">Protection of Foreign Environmental Investments in Ukraine<\/a><\/li>\n<li class=\"menu-item menu-item-type-post_type menu-item-object-page menu-item-2407\"><a href=\"https:\/\/hydrogen-ukraine.com\/en\/international-cooperation-of-ukraine-in-the-hydrogen-sector\/\" class=\"elementor-item\">International cooperation of Ukraine in the hydrogen sector<\/a><\/li>\n<li class=\"menu-item menu-item-type-post_type menu-item-object-page menu-item-2408\"><a href=\"https:\/\/hydrogen-ukraine.com\/en\/taxation-of-green-energy-and-dividend-taxation\/\" class=\"elementor-item\">Taxation of green energy and dividend taxation<\/a><\/li>\n<li class=\"menu-item menu-item-type-post_type menu-item-object-page menu-item-2409\"><a href=\"https:\/\/hydrogen-ukraine.com\/en\/legal-regulation-of-hydrogen-energy-in-ukraine\/\" class=\"elementor-item\">Legal Regulation of Hydrogen Energy in Ukraine<\/a><\/li>\n<li class=\"menu-item menu-item-type-post_type menu-item-object-page menu-item-2410\"><a href=\"https:\/\/hydrogen-ukraine.com\/en\/conditions-for-setting-up-a-business-in-ukraine\/\" class=\"elementor-item\">Conditions for Setting up a Business in Ukraine<\/a><\/li>\n<\/ul>\t\t\t<\/nav>\n\t\t\t\t\t\t<nav class=\"elementor-nav-menu--dropdown elementor-nav-menu__container\" aria-hidden=\"true\">\n\t\t\t\t<ul id=\"menu-2-54c0730\" class=\"elementor-nav-menu sm-vertical\"><li class=\"menu-item menu-item-type-post_type menu-item-object-page menu-item-2403\"><a href=\"https:\/\/hydrogen-ukraine.com\/en\/conditions-for-connection-to-the-ukrainian-energy-system-obtaining-teo-tu\/\" class=\"elementor-item\" tabindex=\"-1\">Conditions for connection to the Ukrainian energy system<\/a><\/li>\n<li class=\"menu-item menu-item-type-post_type menu-item-object-page menu-item-2404\"><a href=\"https:\/\/hydrogen-ukraine.com\/en\/integration-of-ukraine-into-the-european-energy-system\/\" class=\"elementor-item\" tabindex=\"-1\">Integration of Ukraine into the European energy system<\/a><\/li>\n<li class=\"menu-item menu-item-type-post_type menu-item-object-page menu-item-2405\"><a href=\"https:\/\/hydrogen-ukraine.com\/en\/ukraines-hydrogen-strategy-and-government-guarantees-of-its-implementation\/\" class=\"elementor-item\" tabindex=\"-1\">Ukraine\u2019s Hydrogen Strategy and Government Guarantees<\/a><\/li>\n<li class=\"menu-item menu-item-type-post_type menu-item-object-page menu-item-2406\"><a href=\"https:\/\/hydrogen-ukraine.com\/en\/protection-of-foreign-environmental-investments-in-ukraine\/\" class=\"elementor-item\" tabindex=\"-1\">Protection of Foreign Environmental Investments in Ukraine<\/a><\/li>\n<li class=\"menu-item menu-item-type-post_type menu-item-object-page menu-item-2407\"><a href=\"https:\/\/hydrogen-ukraine.com\/en\/international-cooperation-of-ukraine-in-the-hydrogen-sector\/\" class=\"elementor-item\" tabindex=\"-1\">International cooperation of Ukraine in the hydrogen sector<\/a><\/li>\n<li class=\"menu-item menu-item-type-post_type menu-item-object-page menu-item-2408\"><a href=\"https:\/\/hydrogen-ukraine.com\/en\/taxation-of-green-energy-and-dividend-taxation\/\" class=\"elementor-item\" tabindex=\"-1\">Taxation of green energy and dividend taxation<\/a><\/li>\n<li class=\"menu-item menu-item-type-post_type menu-item-object-page menu-item-2409\"><a href=\"https:\/\/hydrogen-ukraine.com\/en\/legal-regulation-of-hydrogen-energy-in-ukraine\/\" class=\"elementor-item\" tabindex=\"-1\">Legal Regulation of Hydrogen Energy in Ukraine<\/a><\/li>\n<li class=\"menu-item menu-item-type-post_type menu-item-object-page menu-item-2410\"><a href=\"https:\/\/hydrogen-ukraine.com\/en\/conditions-for-setting-up-a-business-in-ukraine\/\" class=\"elementor-item\" tabindex=\"-1\">Conditions for Setting up a Business in Ukraine<\/a><\/li>\n<\/ul>\t\t\t<\/nav>\n\t\t\t\t<\/div>\n\t\t\t\t<\/div>\n\t\t\t\t\t<\/div>\n\t\t<\/div>\n\t\t\t\t<div class=\"elementor-column elementor-col-50 elementor-top-column elementor-element elementor-element-0b0b442\" data-id=\"0b0b442\" data-element_type=\"column\" data-settings=\"{&quot;background_background&quot;:&quot;classic&quot;}\">\n\t\t\t<div class=\"elementor-widget-wrap elementor-element-populated\">\n\t\t\t\t\t\t<div class=\"elementor-element elementor-element-4bf8662 elementor-widget elementor-widget-text-editor\" data-id=\"4bf8662\" data-element_type=\"widget\" data-widget_type=\"text-editor.default\">\n\t\t\t\t<div class=\"elementor-widget-container\">\n\t\t\t<style>\/*! elementor - v3.22.0 - 26-06-2024 *\/\n.elementor-widget-text-editor.elementor-drop-cap-view-stacked .elementor-drop-cap{background-color:#69727d;color:#fff}.elementor-widget-text-editor.elementor-drop-cap-view-framed .elementor-drop-cap{color:#69727d;border:3px solid;background-color:transparent}.elementor-widget-text-editor:not(.elementor-drop-cap-view-default) .elementor-drop-cap{margin-top:8px}.elementor-widget-text-editor:not(.elementor-drop-cap-view-default) .elementor-drop-cap-letter{width:1em;height:1em}.elementor-widget-text-editor .elementor-drop-cap{float:left;text-align:center;line-height:1;font-size:50px}.elementor-widget-text-editor .elementor-drop-cap-letter{display:inline-block}<\/style>\t\t\t\t<p>Der Anschluss an das ukrainische Energiesystem erfordert die Einhaltung bestimmter Bedingungen und Verfahren, einschlie\u00dflich des Erhalts von technischen Expertisen (TEO) und technischen Bedingungen (TU).<\/p><p><strong>Im Folgenden finden Sie eine allgemeine Beschreibung dieser Bedingungen:<\/strong><\/p><ol><li aria-level=\"1\">Erhalt von technischen Expertisen (TEO): Der erste Schritt f\u00fcr den Anschluss an das ukrainische Energiesystem besteht darin, eine technische Expertise (TEO) zu erhalten. Dieser Prozess beinhaltet die Kontaktaufnahme mit dem \u00dcbertragungsnetzbetreiber (oder dem Verteilnetzbetreiber bei einem Anschluss an das Verteilnetz) und die Beantragung einer technischen Expertise. Dabei m\u00fcssen detaillierte Informationen \u00fcber das geplante Anschlussobjekt, einschlie\u00dflich Leistung, Betriebsmodus, technische Anforderungen usw., bereitgestellt werden.<\/li><li aria-level=\"1\">Entwicklung von technischen Bedingungen (TU): Nach Erhalt der technischen Expertise (TEO) muss ein Projekt der technischen Bedingungen (TU) f\u00fcr den Anschluss des Objekts an das Energiesystem erstellt werden. Das Projekt der technischen Bedingungen (TU) wird dem \u00dcbertragungsnetzbetreiber (oder dem Verteilnetzbetreiber) \u00fcbergeben, der dessen \u00dcbereinstimmung mit den technischen Anforderungen und Standards pr\u00fcft.<\/li><li aria-level=\"1\">Abschluss eines Anschlussvertrags: Nach der Zustimmung des \u00dcbertragungsnetzbetreibers (oder des Verteilnetzbetreibers) zum Projekt der technischen Bedingungen (TU) wird ein Anschlussvertrag zum Energiesystem abgeschlossen. Der Vertrag enth\u00e4lt Anforderungen und Bedingungen, die den Anschlussprozess, technische Parameter, Zahlungen und andere Aspekte regeln.<\/li><li aria-level=\"1\">Durchf\u00fchrung von technischen Arbeiten: Nach Abschluss des Anschlussvertrags m\u00fcssen technische Arbeiten zum Bau oder zur Modernisierung der Energieanlagen durchgef\u00fchrt werden.<\/li><\/ol>\t\t\t\t\t\t<\/div>\n\t\t\t\t<\/div>\n\t\t\t\t\t<\/div>\n\t\t<\/div>\n\t\t\t\t\t<\/div>\n\t\t<\/section>\n\t\t\t\t<\/div>\n\t\t","protected":false},"excerpt":{"rendered":"<p>Der Anschluss an das ukrainische Energiesystem erfordert die Einhaltung bestimmter Bedingungen und Verfahren, einschlie\u00dflich des Erhalts von technischen Expertisen (TEO) und technischen Bedingungen (TU). Im Folgenden finden Sie eine allgemeine Beschreibung dieser Bedingungen: Erhalt von technischen Expertisen (TEO): Der erste Schritt f\u00fcr den Anschluss an das ukrainische Energiesystem besteht darin, eine technische Expertise (TEO) zu erhalten. Dieser Prozess beinhaltet die Kontaktaufnahme mit dem \u00dcbertragungsnetzbetreiber (oder dem Verteilnetzbetreiber bei einem Anschluss an das Verteilnetz) und die Beantragung einer technischen Expertise. Dabei m\u00fcssen detaillierte Informationen \u00fcber das geplante Anschlussobjekt, einschlie\u00dflich Leistung, Betriebsmodus, technische Anforderungen usw., bereitgestellt werden. Entwicklung von technischen Bedingungen (TU): Nach Erhalt der technischen Expertise (TEO) muss ein Projekt der technischen Bedingungen (TU) f\u00fcr den Anschluss des Objekts an das Energiesystem erstellt werden. Das Projekt der technischen Bedingungen (TU) wird dem \u00dcbertragungsnetzbetreiber (oder dem Verteilnetzbetreiber) \u00fcbergeben, der dessen \u00dcbereinstimmung mit den technischen Anforderungen und Standards pr\u00fcft. Abschluss eines Anschlussvertrags: Nach der Zustimmung des \u00dcbertragungsnetzbetreibers (oder des Verteilnetzbetreibers) zum Projekt der technischen Bedingungen (TU) wird ein Anschlussvertrag zum Energiesystem abgeschlossen. Der Vertrag enth\u00e4lt Anforderungen und Bedingungen, die den Anschlussprozess, technische Parameter, Zahlungen und andere Aspekte regeln. Durchf\u00fchrung von technischen Arbeiten: Nach Abschluss des Anschlussvertrags m\u00fcssen technische Arbeiten zum Bau oder zur Modernisierung der Energieanlagen durchgef\u00fchrt werden.<\/p>\n","protected":false},"author":1,"featured_media":0,"parent":0,"menu_order":0,"comment_status":"closed","ping_status":"closed","template":"elementor_header_footer","meta":{"footnotes":""},"_links":{"self":[{"href":"https:\/\/hydrogen-ukraine.com\/de\/wp-json\/wp\/v2\/pages\/2262"}],"collection":[{"href":"https:\/\/hydrogen-ukraine.com\/de\/wp-json\/wp\/v2\/pages"}],"about":[{"href":"https:\/\/hydrogen-ukraine.com\/de\/wp-json\/wp\/v2\/types\/page"}],"author":[{"embeddable":true,"href":"https:\/\/hydrogen-ukraine.com\/de\/wp-json\/wp\/v2\/users\/1"}],"replies":[{"embeddable":true,"href":"https:\/\/hydrogen-ukraine.com\/de\/wp-json\/wp\/v2\/comments?post=2262"}],"version-history":[{"count":4,"href":"https:\/\/hydrogen-ukraine.com\/de\/wp-json\/wp\/v2\/pages\/2262\/revisions"}],"predecessor-version":[{"id":2266,"href":"https:\/\/hydrogen-ukraine.com\/de\/wp-json\/wp\/v2\/pages\/2262\/revisions\/2266"}],"wp:attachment":[{"href":"https:\/\/hydrogen-ukraine.com\/de\/wp-json\/wp\/v2\/media?parent=2262"}],"curies":[{"name":"wp","href":"https:\/\/api.w.org\/{rel}","templated":true}]}}