{"id":2223,"date":"2023-07-26T12:04:34","date_gmt":"2023-07-26T09:04:34","guid":{"rendered":"https:\/\/hydrogen-ukraine.com\/?page_id=2223"},"modified":"2024-02-14T15:53:05","modified_gmt":"2024-02-14T13:53:05","slug":"%d0%bd%d0%b5%d0%bc%d0%b5%d1%86-die-wasserstoffstrategie-der-ukraine-und-die-garantien-der-regierung-fuer-deren-umsetzung","status":"publish","type":"page","link":"https:\/\/hydrogen-ukraine.com\/de\/%d0%bd%d0%b5%d0%bc%d0%b5%d1%86-die-wasserstoffstrategie-der-ukraine-und-die-garantien-der-regierung-fuer-deren-umsetzung\/","title":{"rendered":"\u041d\u0415\u041c\u0415\u0426. Die Wasserstoffstrategie der Ukraine und die Garantien der Regierung f\u00fcr deren Umsetzung"},"content":{"rendered":"\t\t<div data-elementor-type=\"wp-page\" data-elementor-id=\"2223\" class=\"elementor elementor-2223 elementor-11\" data-elementor-post-type=\"page\">\n\t\t\t\t\t\t<section class=\"elementor-section elementor-top-section elementor-element elementor-element-eaf8db1 elementor-section-boxed elementor-section-height-default elementor-section-height-default wpr-particle-no wpr-jarallax-no wpr-parallax-no wpr-sticky-section-no\" data-id=\"eaf8db1\" data-element_type=\"section\">\n\t\t\t\t\t\t<div class=\"elementor-container elementor-column-gap-default\">\n\t\t\t\t\t<div class=\"elementor-column elementor-col-50 elementor-top-column elementor-element elementor-element-35e0518 elementor-hidden-tablet elementor-hidden-mobile\" data-id=\"35e0518\" data-element_type=\"column\">\n\t\t\t<div class=\"elementor-widget-wrap elementor-element-populated\">\n\t\t\t\t\t\t<div class=\"elementor-element elementor-element-64520d7 elementor-nav-menu--dropdown-none elementor-widget__width-initial elementor-widget elementor-widget-nav-menu\" data-id=\"64520d7\" data-element_type=\"widget\" data-settings=\"{&quot;layout&quot;:&quot;vertical&quot;,&quot;submenu_icon&quot;:{&quot;value&quot;:&quot;&lt;i class=\\&quot;fas fa-caret-down\\&quot;&gt;&lt;\\\/i&gt;&quot;,&quot;library&quot;:&quot;fa-solid&quot;}}\" data-widget_type=\"nav-menu.default\">\n\t\t\t\t<div class=\"elementor-widget-container\">\n\t\t\t<link rel=\"stylesheet\" href=\"https:\/\/hydrogen-ukraine.com\/wp-content\/plugins\/elementor-pro\/assets\/css\/widget-nav-menu.min.css\">\t\t\t<nav class=\"elementor-nav-menu--main elementor-nav-menu__container elementor-nav-menu--layout-vertical e--pointer-underline e--animation-fade\">\n\t\t\t\t<ul id=\"menu-1-64520d7\" class=\"elementor-nav-menu sm-vertical\"><li class=\"menu-item menu-item-type-post_type menu-item-object-page menu-item-2403\"><a href=\"https:\/\/hydrogen-ukraine.com\/en\/conditions-for-connection-to-the-ukrainian-energy-system-obtaining-teo-tu\/\" class=\"elementor-item\">Conditions for connection to the Ukrainian energy system<\/a><\/li>\n<li class=\"menu-item menu-item-type-post_type menu-item-object-page menu-item-2404\"><a href=\"https:\/\/hydrogen-ukraine.com\/en\/integration-of-ukraine-into-the-european-energy-system\/\" class=\"elementor-item\">Integration of Ukraine into the European energy system<\/a><\/li>\n<li class=\"menu-item menu-item-type-post_type menu-item-object-page menu-item-2405\"><a href=\"https:\/\/hydrogen-ukraine.com\/en\/ukraines-hydrogen-strategy-and-government-guarantees-of-its-implementation\/\" class=\"elementor-item\">Ukraine\u2019s Hydrogen Strategy and Government Guarantees<\/a><\/li>\n<li class=\"menu-item menu-item-type-post_type menu-item-object-page menu-item-2406\"><a href=\"https:\/\/hydrogen-ukraine.com\/en\/protection-of-foreign-environmental-investments-in-ukraine\/\" class=\"elementor-item\">Protection of Foreign Environmental Investments in Ukraine<\/a><\/li>\n<li class=\"menu-item menu-item-type-post_type menu-item-object-page menu-item-2407\"><a href=\"https:\/\/hydrogen-ukraine.com\/en\/international-cooperation-of-ukraine-in-the-hydrogen-sector\/\" class=\"elementor-item\">International cooperation of Ukraine in the hydrogen sector<\/a><\/li>\n<li class=\"menu-item menu-item-type-post_type menu-item-object-page menu-item-2408\"><a href=\"https:\/\/hydrogen-ukraine.com\/en\/taxation-of-green-energy-and-dividend-taxation\/\" class=\"elementor-item\">Taxation of green energy and dividend taxation<\/a><\/li>\n<li class=\"menu-item menu-item-type-post_type menu-item-object-page menu-item-2409\"><a href=\"https:\/\/hydrogen-ukraine.com\/en\/legal-regulation-of-hydrogen-energy-in-ukraine\/\" class=\"elementor-item\">Legal Regulation of Hydrogen Energy in Ukraine<\/a><\/li>\n<li class=\"menu-item menu-item-type-post_type menu-item-object-page menu-item-2410\"><a href=\"https:\/\/hydrogen-ukraine.com\/en\/conditions-for-setting-up-a-business-in-ukraine\/\" class=\"elementor-item\">Conditions for Setting up a Business in Ukraine<\/a><\/li>\n<\/ul>\t\t\t<\/nav>\n\t\t\t\t\t\t<nav class=\"elementor-nav-menu--dropdown elementor-nav-menu__container\" aria-hidden=\"true\">\n\t\t\t\t<ul id=\"menu-2-64520d7\" class=\"elementor-nav-menu sm-vertical\"><li class=\"menu-item menu-item-type-post_type menu-item-object-page menu-item-2403\"><a href=\"https:\/\/hydrogen-ukraine.com\/en\/conditions-for-connection-to-the-ukrainian-energy-system-obtaining-teo-tu\/\" class=\"elementor-item\" tabindex=\"-1\">Conditions for connection to the Ukrainian energy system<\/a><\/li>\n<li class=\"menu-item menu-item-type-post_type menu-item-object-page menu-item-2404\"><a href=\"https:\/\/hydrogen-ukraine.com\/en\/integration-of-ukraine-into-the-european-energy-system\/\" class=\"elementor-item\" tabindex=\"-1\">Integration of Ukraine into the European energy system<\/a><\/li>\n<li class=\"menu-item menu-item-type-post_type menu-item-object-page menu-item-2405\"><a href=\"https:\/\/hydrogen-ukraine.com\/en\/ukraines-hydrogen-strategy-and-government-guarantees-of-its-implementation\/\" class=\"elementor-item\" tabindex=\"-1\">Ukraine\u2019s Hydrogen Strategy and Government Guarantees<\/a><\/li>\n<li class=\"menu-item menu-item-type-post_type menu-item-object-page menu-item-2406\"><a href=\"https:\/\/hydrogen-ukraine.com\/en\/protection-of-foreign-environmental-investments-in-ukraine\/\" class=\"elementor-item\" tabindex=\"-1\">Protection of Foreign Environmental Investments in Ukraine<\/a><\/li>\n<li class=\"menu-item menu-item-type-post_type menu-item-object-page menu-item-2407\"><a href=\"https:\/\/hydrogen-ukraine.com\/en\/international-cooperation-of-ukraine-in-the-hydrogen-sector\/\" class=\"elementor-item\" tabindex=\"-1\">International cooperation of Ukraine in the hydrogen sector<\/a><\/li>\n<li class=\"menu-item menu-item-type-post_type menu-item-object-page menu-item-2408\"><a href=\"https:\/\/hydrogen-ukraine.com\/en\/taxation-of-green-energy-and-dividend-taxation\/\" class=\"elementor-item\" tabindex=\"-1\">Taxation of green energy and dividend taxation<\/a><\/li>\n<li class=\"menu-item menu-item-type-post_type menu-item-object-page menu-item-2409\"><a href=\"https:\/\/hydrogen-ukraine.com\/en\/legal-regulation-of-hydrogen-energy-in-ukraine\/\" class=\"elementor-item\" tabindex=\"-1\">Legal Regulation of Hydrogen Energy in Ukraine<\/a><\/li>\n<li class=\"menu-item menu-item-type-post_type menu-item-object-page menu-item-2410\"><a href=\"https:\/\/hydrogen-ukraine.com\/en\/conditions-for-setting-up-a-business-in-ukraine\/\" class=\"elementor-item\" tabindex=\"-1\">Conditions for Setting up a Business in Ukraine<\/a><\/li>\n<\/ul>\t\t\t<\/nav>\n\t\t\t\t<\/div>\n\t\t\t\t<\/div>\n\t\t\t\t\t<\/div>\n\t\t<\/div>\n\t\t\t\t<div class=\"elementor-column elementor-col-50 elementor-top-column elementor-element elementor-element-2e8036f\" data-id=\"2e8036f\" data-element_type=\"column\" data-settings=\"{&quot;background_background&quot;:&quot;classic&quot;}\">\n\t\t\t<div class=\"elementor-widget-wrap elementor-element-populated\">\n\t\t\t\t\t\t<div class=\"elementor-element elementor-element-d2fb9c9 elementor-widget elementor-widget-text-editor\" data-id=\"d2fb9c9\" data-element_type=\"widget\" data-widget_type=\"text-editor.default\">\n\t\t\t\t<div class=\"elementor-widget-container\">\n\t\t\t<style>\/*! elementor - v3.22.0 - 26-06-2024 *\/\n.elementor-widget-text-editor.elementor-drop-cap-view-stacked .elementor-drop-cap{background-color:#69727d;color:#fff}.elementor-widget-text-editor.elementor-drop-cap-view-framed .elementor-drop-cap{color:#69727d;border:3px solid;background-color:transparent}.elementor-widget-text-editor:not(.elementor-drop-cap-view-default) .elementor-drop-cap{margin-top:8px}.elementor-widget-text-editor:not(.elementor-drop-cap-view-default) .elementor-drop-cap-letter{width:1em;height:1em}.elementor-widget-text-editor .elementor-drop-cap{float:left;text-align:center;line-height:1;font-size:50px}.elementor-widget-text-editor .elementor-drop-cap-letter{display:inline-block}<\/style>\t\t\t\t<p>Die Wasserstoffstrategie der Ukraine ist ein wichtiger Schritt zur Entwicklung der Wasserstoffenergie und zur Einf\u00fchrung gr\u00fcner Technologien im Land. Diese Strategie zielt darauf ab, den Wasserstoffsektor aufzubauen, die Abh\u00e4ngigkeit von fossilen Brennstoffen zu verringern und die Treibhausgasemissionen zu reduzieren.<\/p><p>In Bezug auf die Garantien der Regierung f\u00fcr die Einhaltung der Wasserstoffstrategie hat die Ukraine mehrere Ma\u00dfnahmen ergriffen, um die Entwicklung des Wasserstoffsektors zu f\u00f6rdern und Investitionen zu gew\u00e4hrleisten:<\/p><ol><li aria-level=\"1\">Gesetzliche Grundlage: Die ukrainische Regierung arbeitet aktiv an der Schaffung eines g\u00fcnstigen rechtlichen Umfelds f\u00fcr die Entwicklung der Wasserstoffenergie. Es wurden Gesetze und Vorschriften erlassen, die die Produktion, Speicherung, den Transport und die Verwendung von Wasserstoff regeln.<\/li><li aria-level=\"1\">Finanzierung und Unterst\u00fctzung: Die Ukraine hat finanzielle Unterst\u00fctzung von internationalen Finanzorganisationen wie der Europ\u00e4ischen Bank f\u00fcr Wiederaufbau und Entwicklung erhalten, um Wasserstoffprojekte umzusetzen. Die Regierung bietet auch verschiedene Formen der Unterst\u00fctzung, einschlie\u00dflich finanzieller Anreize und Verg\u00fcnstigungen f\u00fcr Investoren im Wasserstoffsektor.<\/li><li aria-level=\"1\">Internationale Zusammenarbeit: Die Regierung der Ukraine arbeitet eng mit internationalen Partnern und Organisationen im Bereich der Wasserstoffenergie zusammen. Die Ukraine ist Mitglied der Internationalen Agentur f\u00fcr erneuerbare Energien und kooperiert mit verschiedenen L\u00e4ndern bei der gemeinsamen Entwicklung von Wasserstoffprojekten.<\/li><li aria-level=\"1\">Technologische Entwicklung: Die Ukraine arbeitet aktiv an der Entwicklung eigener Wasserstofftechnologien, insbesondere bei der Wasserstoffproduktion aus erneuerbaren Energiequellen. Dies tr\u00e4gt zur Unabh\u00e4ngigkeit und Stabilit\u00e4t des Wasserstoffsektors bei.<\/li><li aria-level=\"1\">\u00dcberwachung und Berichterstattung: Die Regierung der Ukraine hat Mechanismen zur \u00dcberwachung und Berichterstattung \u00fcber die Umsetzung der Wasserstoffstrategie eingerichtet. Dies umfasst die Schaffung eines Systems zur Datenerfassung und Bewertung der Ergebnisse der Strategieumsetzung, um Transparenz und Rechenschaftspflicht gegen\u00fcber Investoren und der Gesellschaft sicherzustellen.<\/li><\/ol><p>\u00a0<\/p><p>Die ukrainische Regierung tut alles in ihrer Macht Stehende, um die Einhaltung der Wasserstoffstrategie sicherzustellen und den Schutz ausl\u00e4ndischer Investitionen in diesen Sektor zu garantieren. Die Einf\u00fchrung einer stabilen rechtlichen Grundlage, die Bereitstellung finanzieller Unterst\u00fctzung, die F\u00f6rderung der internationalen Zusammenarbeit und die Entwicklung eigener Technologien zeigen das ernsthafte Engagement der Regierung f\u00fcr die Entwicklung der Wasserstoffenergie in der Ukraine.<\/p>\t\t\t\t\t\t<\/div>\n\t\t\t\t<\/div>\n\t\t\t\t\t<\/div>\n\t\t<\/div>\n\t\t\t\t\t<\/div>\n\t\t<\/section>\n\t\t\t\t<\/div>\n\t\t","protected":false},"excerpt":{"rendered":"<p>Die Wasserstoffstrategie der Ukraine ist ein wichtiger Schritt zur Entwicklung der Wasserstoffenergie und zur Einf\u00fchrung gr\u00fcner Technologien im Land. Diese Strategie zielt darauf ab, den Wasserstoffsektor aufzubauen, die Abh\u00e4ngigkeit von fossilen Brennstoffen zu verringern und die Treibhausgasemissionen zu reduzieren. In Bezug auf die Garantien der Regierung f\u00fcr die Einhaltung der Wasserstoffstrategie hat die Ukraine mehrere Ma\u00dfnahmen ergriffen, um die Entwicklung des Wasserstoffsektors zu f\u00f6rdern und Investitionen zu gew\u00e4hrleisten: Gesetzliche Grundlage: Die ukrainische Regierung arbeitet aktiv an der Schaffung eines g\u00fcnstigen rechtlichen Umfelds f\u00fcr die Entwicklung der Wasserstoffenergie. Es wurden Gesetze und Vorschriften erlassen, die die Produktion, Speicherung, den Transport und die Verwendung von Wasserstoff regeln. Finanzierung und Unterst\u00fctzung: Die Ukraine hat finanzielle Unterst\u00fctzung von internationalen Finanzorganisationen wie der Europ\u00e4ischen Bank f\u00fcr Wiederaufbau und Entwicklung erhalten, um Wasserstoffprojekte umzusetzen. Die Regierung bietet auch verschiedene Formen der Unterst\u00fctzung, einschlie\u00dflich finanzieller Anreize und Verg\u00fcnstigungen f\u00fcr Investoren im Wasserstoffsektor. Internationale Zusammenarbeit: Die Regierung der Ukraine arbeitet eng mit internationalen Partnern und Organisationen im Bereich der Wasserstoffenergie zusammen. Die Ukraine ist Mitglied der Internationalen Agentur f\u00fcr erneuerbare Energien und kooperiert mit verschiedenen L\u00e4ndern bei der gemeinsamen Entwicklung von Wasserstoffprojekten. Technologische Entwicklung: Die Ukraine arbeitet aktiv an der Entwicklung eigener Wasserstofftechnologien, insbesondere bei der Wasserstoffproduktion aus erneuerbaren Energiequellen. Dies tr\u00e4gt zur Unabh\u00e4ngigkeit und Stabilit\u00e4t des Wasserstoffsektors bei. \u00dcberwachung und Berichterstattung: Die Regierung der Ukraine hat Mechanismen zur \u00dcberwachung und Berichterstattung \u00fcber die Umsetzung der Wasserstoffstrategie eingerichtet. Dies umfasst die Schaffung eines Systems zur Datenerfassung und Bewertung der Ergebnisse der Strategieumsetzung, um Transparenz und Rechenschaftspflicht gegen\u00fcber Investoren und der Gesellschaft sicherzustellen. \u00a0 Die ukrainische Regierung tut alles in ihrer Macht Stehende, um die Einhaltung der Wasserstoffstrategie sicherzustellen und den Schutz ausl\u00e4ndischer Investitionen in diesen Sektor zu garantieren. Die Einf\u00fchrung einer stabilen rechtlichen Grundlage, die Bereitstellung finanzieller Unterst\u00fctzung, die F\u00f6rderung der internationalen Zusammenarbeit und die Entwicklung eigener Technologien zeigen das ernsthafte Engagement der Regierung f\u00fcr die Entwicklung der Wasserstoffenergie in der Ukraine.<\/p>\n","protected":false},"author":1,"featured_media":0,"parent":0,"menu_order":0,"comment_status":"closed","ping_status":"closed","template":"elementor_header_footer","meta":{"footnotes":""},"_links":{"self":[{"href":"https:\/\/hydrogen-ukraine.com\/de\/wp-json\/wp\/v2\/pages\/2223"}],"collection":[{"href":"https:\/\/hydrogen-ukraine.com\/de\/wp-json\/wp\/v2\/pages"}],"about":[{"href":"https:\/\/hydrogen-ukraine.com\/de\/wp-json\/wp\/v2\/types\/page"}],"author":[{"embeddable":true,"href":"https:\/\/hydrogen-ukraine.com\/de\/wp-json\/wp\/v2\/users\/1"}],"replies":[{"embeddable":true,"href":"https:\/\/hydrogen-ukraine.com\/de\/wp-json\/wp\/v2\/comments?post=2223"}],"version-history":[{"count":4,"href":"https:\/\/hydrogen-ukraine.com\/de\/wp-json\/wp\/v2\/pages\/2223\/revisions"}],"predecessor-version":[{"id":2227,"href":"https:\/\/hydrogen-ukraine.com\/de\/wp-json\/wp\/v2\/pages\/2223\/revisions\/2227"}],"wp:attachment":[{"href":"https:\/\/hydrogen-ukraine.com\/de\/wp-json\/wp\/v2\/media?parent=2223"}],"curies":[{"name":"wp","href":"https:\/\/api.w.org\/{rel}","templated":true}]}}