{"id":2148,"date":"2023-07-26T12:05:02","date_gmt":"2023-07-26T09:05:02","guid":{"rendered":"https:\/\/hydrogen-ukraine.com\/?page_id=2148"},"modified":"2024-02-14T12:22:53","modified_gmt":"2024-02-14T10:22:53","slug":"schutz-auslaendischer-oekologischer-investitionen-in-der-ukraine","status":"publish","type":"page","link":"https:\/\/hydrogen-ukraine.com\/de\/schutz-auslaendischer-oekologischer-investitionen-in-der-ukraine\/","title":{"rendered":"Schutz ausl\u00e4ndischer \u00f6kologischer Investitionen in der Ukraine"},"content":{"rendered":"\t\t<div data-elementor-type=\"wp-page\" data-elementor-id=\"2148\" class=\"elementor elementor-2148 elementor-13\" data-elementor-post-type=\"page\">\n\t\t\t\t\t\t<section class=\"elementor-section elementor-top-section elementor-element elementor-element-cd2cb83 elementor-section-boxed elementor-section-height-default elementor-section-height-default wpr-particle-no wpr-jarallax-no wpr-parallax-no wpr-sticky-section-no\" data-id=\"cd2cb83\" data-element_type=\"section\">\n\t\t\t\t\t\t<div class=\"elementor-container elementor-column-gap-default\">\n\t\t\t\t\t<div class=\"elementor-column elementor-col-50 elementor-top-column elementor-element elementor-element-940f184 elementor-hidden-tablet elementor-hidden-mobile\" data-id=\"940f184\" data-element_type=\"column\">\n\t\t\t<div class=\"elementor-widget-wrap elementor-element-populated\">\n\t\t\t\t\t\t<div class=\"elementor-element elementor-element-8eb61fa elementor-nav-menu--dropdown-none elementor-widget__width-initial elementor-widget elementor-widget-nav-menu\" data-id=\"8eb61fa\" data-element_type=\"widget\" data-settings=\"{&quot;layout&quot;:&quot;vertical&quot;,&quot;submenu_icon&quot;:{&quot;value&quot;:&quot;&lt;i class=\\&quot;fas fa-caret-down\\&quot;&gt;&lt;\\\/i&gt;&quot;,&quot;library&quot;:&quot;fa-solid&quot;}}\" data-widget_type=\"nav-menu.default\">\n\t\t\t\t<div class=\"elementor-widget-container\">\n\t\t\t<link rel=\"stylesheet\" href=\"https:\/\/hydrogen-ukraine.com\/wp-content\/plugins\/elementor-pro\/assets\/css\/widget-nav-menu.min.css\">\t\t\t<nav class=\"elementor-nav-menu--main elementor-nav-menu__container elementor-nav-menu--layout-vertical e--pointer-underline e--animation-fade\">\n\t\t\t\t<ul id=\"menu-1-8eb61fa\" class=\"elementor-nav-menu sm-vertical\"><li class=\"menu-item menu-item-type-post_type menu-item-object-page menu-item-2403\"><a href=\"https:\/\/hydrogen-ukraine.com\/en\/conditions-for-connection-to-the-ukrainian-energy-system-obtaining-teo-tu\/\" class=\"elementor-item\">Conditions for connection to the Ukrainian energy system<\/a><\/li>\n<li class=\"menu-item menu-item-type-post_type menu-item-object-page menu-item-2404\"><a href=\"https:\/\/hydrogen-ukraine.com\/en\/integration-of-ukraine-into-the-european-energy-system\/\" class=\"elementor-item\">Integration of Ukraine into the European energy system<\/a><\/li>\n<li class=\"menu-item menu-item-type-post_type menu-item-object-page menu-item-2405\"><a href=\"https:\/\/hydrogen-ukraine.com\/en\/ukraines-hydrogen-strategy-and-government-guarantees-of-its-implementation\/\" class=\"elementor-item\">Ukraine\u2019s Hydrogen Strategy and Government Guarantees<\/a><\/li>\n<li class=\"menu-item menu-item-type-post_type menu-item-object-page menu-item-2406\"><a href=\"https:\/\/hydrogen-ukraine.com\/en\/protection-of-foreign-environmental-investments-in-ukraine\/\" class=\"elementor-item\">Protection of Foreign Environmental Investments in Ukraine<\/a><\/li>\n<li class=\"menu-item menu-item-type-post_type menu-item-object-page menu-item-2407\"><a href=\"https:\/\/hydrogen-ukraine.com\/en\/international-cooperation-of-ukraine-in-the-hydrogen-sector\/\" class=\"elementor-item\">International cooperation of Ukraine in the hydrogen sector<\/a><\/li>\n<li class=\"menu-item menu-item-type-post_type menu-item-object-page menu-item-2408\"><a href=\"https:\/\/hydrogen-ukraine.com\/en\/taxation-of-green-energy-and-dividend-taxation\/\" class=\"elementor-item\">Taxation of green energy and dividend taxation<\/a><\/li>\n<li class=\"menu-item menu-item-type-post_type menu-item-object-page menu-item-2409\"><a href=\"https:\/\/hydrogen-ukraine.com\/en\/legal-regulation-of-hydrogen-energy-in-ukraine\/\" class=\"elementor-item\">Legal Regulation of Hydrogen Energy in Ukraine<\/a><\/li>\n<li class=\"menu-item menu-item-type-post_type menu-item-object-page menu-item-2410\"><a href=\"https:\/\/hydrogen-ukraine.com\/en\/conditions-for-setting-up-a-business-in-ukraine\/\" class=\"elementor-item\">Conditions for Setting up a Business in Ukraine<\/a><\/li>\n<\/ul>\t\t\t<\/nav>\n\t\t\t\t\t\t<nav class=\"elementor-nav-menu--dropdown elementor-nav-menu__container\" aria-hidden=\"true\">\n\t\t\t\t<ul id=\"menu-2-8eb61fa\" class=\"elementor-nav-menu sm-vertical\"><li class=\"menu-item menu-item-type-post_type menu-item-object-page menu-item-2403\"><a href=\"https:\/\/hydrogen-ukraine.com\/en\/conditions-for-connection-to-the-ukrainian-energy-system-obtaining-teo-tu\/\" class=\"elementor-item\" tabindex=\"-1\">Conditions for connection to the Ukrainian energy system<\/a><\/li>\n<li class=\"menu-item menu-item-type-post_type menu-item-object-page menu-item-2404\"><a href=\"https:\/\/hydrogen-ukraine.com\/en\/integration-of-ukraine-into-the-european-energy-system\/\" class=\"elementor-item\" tabindex=\"-1\">Integration of Ukraine into the European energy system<\/a><\/li>\n<li class=\"menu-item menu-item-type-post_type menu-item-object-page menu-item-2405\"><a href=\"https:\/\/hydrogen-ukraine.com\/en\/ukraines-hydrogen-strategy-and-government-guarantees-of-its-implementation\/\" class=\"elementor-item\" tabindex=\"-1\">Ukraine\u2019s Hydrogen Strategy and Government Guarantees<\/a><\/li>\n<li class=\"menu-item menu-item-type-post_type menu-item-object-page menu-item-2406\"><a href=\"https:\/\/hydrogen-ukraine.com\/en\/protection-of-foreign-environmental-investments-in-ukraine\/\" class=\"elementor-item\" tabindex=\"-1\">Protection of Foreign Environmental Investments in Ukraine<\/a><\/li>\n<li class=\"menu-item menu-item-type-post_type menu-item-object-page menu-item-2407\"><a href=\"https:\/\/hydrogen-ukraine.com\/en\/international-cooperation-of-ukraine-in-the-hydrogen-sector\/\" class=\"elementor-item\" tabindex=\"-1\">International cooperation of Ukraine in the hydrogen sector<\/a><\/li>\n<li class=\"menu-item menu-item-type-post_type menu-item-object-page menu-item-2408\"><a href=\"https:\/\/hydrogen-ukraine.com\/en\/taxation-of-green-energy-and-dividend-taxation\/\" class=\"elementor-item\" tabindex=\"-1\">Taxation of green energy and dividend taxation<\/a><\/li>\n<li class=\"menu-item menu-item-type-post_type menu-item-object-page menu-item-2409\"><a href=\"https:\/\/hydrogen-ukraine.com\/en\/legal-regulation-of-hydrogen-energy-in-ukraine\/\" class=\"elementor-item\" tabindex=\"-1\">Legal Regulation of Hydrogen Energy in Ukraine<\/a><\/li>\n<li class=\"menu-item menu-item-type-post_type menu-item-object-page menu-item-2410\"><a href=\"https:\/\/hydrogen-ukraine.com\/en\/conditions-for-setting-up-a-business-in-ukraine\/\" class=\"elementor-item\" tabindex=\"-1\">Conditions for Setting up a Business in Ukraine<\/a><\/li>\n<\/ul>\t\t\t<\/nav>\n\t\t\t\t<\/div>\n\t\t\t\t<\/div>\n\t\t\t\t\t<\/div>\n\t\t<\/div>\n\t\t\t\t<div class=\"elementor-column elementor-col-50 elementor-top-column elementor-element elementor-element-09e61c2\" data-id=\"09e61c2\" data-element_type=\"column\" data-settings=\"{&quot;background_background&quot;:&quot;classic&quot;}\">\n\t\t\t<div class=\"elementor-widget-wrap elementor-element-populated\">\n\t\t\t\t\t\t<div class=\"elementor-element elementor-element-eecbea4 elementor-widget elementor-widget-text-editor\" data-id=\"eecbea4\" data-element_type=\"widget\" data-widget_type=\"text-editor.default\">\n\t\t\t\t<div class=\"elementor-widget-container\">\n\t\t\t<style>\/*! elementor - v3.22.0 - 26-06-2024 *\/\n.elementor-widget-text-editor.elementor-drop-cap-view-stacked .elementor-drop-cap{background-color:#69727d;color:#fff}.elementor-widget-text-editor.elementor-drop-cap-view-framed .elementor-drop-cap{color:#69727d;border:3px solid;background-color:transparent}.elementor-widget-text-editor:not(.elementor-drop-cap-view-default) .elementor-drop-cap{margin-top:8px}.elementor-widget-text-editor:not(.elementor-drop-cap-view-default) .elementor-drop-cap-letter{width:1em;height:1em}.elementor-widget-text-editor .elementor-drop-cap{float:left;text-align:center;line-height:1;font-size:50px}.elementor-widget-text-editor .elementor-drop-cap-letter{display:inline-block}<\/style>\t\t\t\t<p><span style=\"font-weight: 400;\">Die Ukraine hat ein gro\u00dfes Potenzial im Bereich erneuerbarer Energien, Energieeffizienz, Wasseraufbereitung und anderen umweltorientierten Projekten. Ausl\u00e4ndische Investitionen k\u00f6nnen zur Entwicklung dieser Bereiche beitragen, indem sie das erforderliche Kapital, Technologien und Fachkenntnisse bereitstellen.<\/span><\/p><p><span style=\"font-weight: 400;\">Um den Schutz ausl\u00e4ndischer \u00f6kologischer Investitionen in der Ukraine zu gew\u00e4hrleisten, ist es wichtig, eine stabile und transparente gesetzliche Grundlage zu schaffen. Dies bedeutet, klare Regeln und Verfahren f\u00fcr Investitionen in Umweltprojekte zu entwickeln und sicherzustellen, dass sie internationalen Standards und Bedingungen entsprechen.<\/span><\/p><p><span style=\"font-weight: 400;\">Dar\u00fcber hinaus ist es wichtig, den rechtlichen Schutz ausl\u00e4ndischer Investoren bei Streitigkeiten oder Konflikten zu gew\u00e4hrleisten. Die ukrainische Regierung kann Investitionsschutzabkommen mit anderen L\u00e4ndern abschlie\u00dfen, um eine rechtliche Grundlage f\u00fcr die Beilegung von Streitigkeiten durch Schiedsverfahren oder andere Mechanismen zu schaffen.<\/span><\/p><p><span style=\"font-weight: 400;\">Es ist auch wichtig, Transparenz und Effizienz in den staatlichen Verfahren im Zusammenhang mit \u00f6kologischen Investitionen zu gew\u00e4hrleisten. Dies beinhaltet die Reduzierung b\u00fcrokratischer H\u00fcrden, die schnelle Bearbeitung von Dokumenten und Entscheidungen sowie die Nutzung elektronischer Systeme zur Vereinfachung der Interaktion mit staatlichen Beh\u00f6rden. Die Ukraine kann auch internationale Finanzinstitutionen und Programme zur Unterst\u00fctzung \u00f6kologischer Investitionen einbeziehen. <\/span><\/p><p><span style=\"font-weight: 400;\">Beispielsweise kann eine Zusammenarbeit mit der Internationalen Bank f\u00fcr Wiederaufbau und Entwicklung (IBRD), der Europ\u00e4ischen Bank f\u00fcr Wiederaufbau und Entwicklung (EBRD) sowie den Programmen und Fonds der Vereinten Nationen, die auf Umweltprojekte spezialisiert sind, erfolgen. <\/span><\/p><p><span style=\"font-weight: 400;\">Die Ukraine kann auch spezielle Verg\u00fcnstigungen und Anreize f\u00fcr ausl\u00e4ndische \u00f6kologische Investoren schaffen, wie Steuerverg\u00fcnstigungen, Zollsenkungen oder den Zugang zu lokalen Ressourcen. Schlie\u00dflich ist es wichtig, Partnerschaften mit ausl\u00e4ndischen Investoren zu entwickeln und ein g\u00fcnstiges Gesch\u00e4ftsumfeld zu schaffen. Dies kann die Durchf\u00fchrung von Investitionsforen, Gesch\u00e4ftsmissionen und anderen Veranstaltungen zur Anziehung ausl\u00e4ndischer Investoren und zur F\u00f6rderung ihrer Interaktion mit lokalen Unternehmen und Regierungsbeh\u00f6rden umfassen. <\/span><\/p><p><span style=\"font-weight: 400;\">All diese Ma\u00dfnahmen zielen darauf ab, g\u00fcnstige Bedingungen f\u00fcr ausl\u00e4ndische \u00f6kologische Investitionen in der Ukraine zu schaffen und ihren Schutz zu gew\u00e4hrleisten. Eine angemessene gesetzliche Grundlage, rechtlicher Schutz, Transparenz der Verfahren und staatliche Unterst\u00fctzung werden dazu beitragen, ausl\u00e4ndisches Kapital anzuziehen und \u00f6kologische Projekte im Land zu entwickeln.<\/span><\/p>\t\t\t\t\t\t<\/div>\n\t\t\t\t<\/div>\n\t\t\t\t\t<\/div>\n\t\t<\/div>\n\t\t\t\t\t<\/div>\n\t\t<\/section>\n\t\t\t\t<\/div>\n\t\t","protected":false},"excerpt":{"rendered":"<p>Die Ukraine hat ein gro\u00dfes Potenzial im Bereich erneuerbarer Energien, Energieeffizienz, Wasseraufbereitung und anderen umweltorientierten Projekten. Ausl\u00e4ndische Investitionen k\u00f6nnen zur Entwicklung dieser Bereiche beitragen, indem sie das erforderliche Kapital, Technologien und Fachkenntnisse bereitstellen. Um den Schutz ausl\u00e4ndischer \u00f6kologischer Investitionen in der Ukraine zu gew\u00e4hrleisten, ist es wichtig, eine stabile und transparente gesetzliche Grundlage zu schaffen. Dies bedeutet, klare Regeln und Verfahren f\u00fcr Investitionen in Umweltprojekte zu entwickeln und sicherzustellen, dass sie internationalen Standards und Bedingungen entsprechen. Dar\u00fcber hinaus ist es wichtig, den rechtlichen Schutz ausl\u00e4ndischer Investoren bei Streitigkeiten oder Konflikten zu gew\u00e4hrleisten. Die ukrainische Regierung kann Investitionsschutzabkommen mit anderen L\u00e4ndern abschlie\u00dfen, um eine rechtliche Grundlage f\u00fcr die Beilegung von Streitigkeiten durch Schiedsverfahren oder andere Mechanismen zu schaffen. Es ist auch wichtig, Transparenz und Effizienz in den staatlichen Verfahren im Zusammenhang mit \u00f6kologischen Investitionen zu gew\u00e4hrleisten. Dies beinhaltet die Reduzierung b\u00fcrokratischer H\u00fcrden, die schnelle Bearbeitung von Dokumenten und Entscheidungen sowie die Nutzung elektronischer Systeme zur Vereinfachung der Interaktion mit staatlichen Beh\u00f6rden. Die Ukraine kann auch internationale Finanzinstitutionen und Programme zur Unterst\u00fctzung \u00f6kologischer Investitionen einbeziehen. Beispielsweise kann eine Zusammenarbeit mit der Internationalen Bank f\u00fcr Wiederaufbau und Entwicklung (IBRD), der Europ\u00e4ischen Bank f\u00fcr Wiederaufbau und Entwicklung (EBRD) sowie den Programmen und Fonds der Vereinten Nationen, die auf Umweltprojekte spezialisiert sind, erfolgen. Die Ukraine kann auch spezielle Verg\u00fcnstigungen und Anreize f\u00fcr ausl\u00e4ndische \u00f6kologische Investoren schaffen, wie Steuerverg\u00fcnstigungen, Zollsenkungen oder den Zugang zu lokalen Ressourcen. Schlie\u00dflich ist es wichtig, Partnerschaften mit ausl\u00e4ndischen Investoren zu entwickeln und ein g\u00fcnstiges Gesch\u00e4ftsumfeld zu schaffen. Dies kann die Durchf\u00fchrung von Investitionsforen, Gesch\u00e4ftsmissionen und anderen Veranstaltungen zur Anziehung ausl\u00e4ndischer Investoren und zur F\u00f6rderung ihrer Interaktion mit lokalen Unternehmen und Regierungsbeh\u00f6rden umfassen. All diese Ma\u00dfnahmen zielen darauf ab, g\u00fcnstige Bedingungen f\u00fcr ausl\u00e4ndische \u00f6kologische Investitionen in der Ukraine zu schaffen und ihren Schutz zu gew\u00e4hrleisten. Eine angemessene gesetzliche Grundlage, rechtlicher Schutz, Transparenz der Verfahren und staatliche Unterst\u00fctzung werden dazu beitragen, ausl\u00e4ndisches Kapital anzuziehen und \u00f6kologische Projekte im Land zu entwickeln.<\/p>\n","protected":false},"author":1,"featured_media":0,"parent":0,"menu_order":0,"comment_status":"closed","ping_status":"closed","template":"elementor_header_footer","meta":{"footnotes":""},"_links":{"self":[{"href":"https:\/\/hydrogen-ukraine.com\/de\/wp-json\/wp\/v2\/pages\/2148"}],"collection":[{"href":"https:\/\/hydrogen-ukraine.com\/de\/wp-json\/wp\/v2\/pages"}],"about":[{"href":"https:\/\/hydrogen-ukraine.com\/de\/wp-json\/wp\/v2\/types\/page"}],"author":[{"embeddable":true,"href":"https:\/\/hydrogen-ukraine.com\/de\/wp-json\/wp\/v2\/users\/1"}],"replies":[{"embeddable":true,"href":"https:\/\/hydrogen-ukraine.com\/de\/wp-json\/wp\/v2\/comments?post=2148"}],"version-history":[{"count":4,"href":"https:\/\/hydrogen-ukraine.com\/de\/wp-json\/wp\/v2\/pages\/2148\/revisions"}],"predecessor-version":[{"id":2152,"href":"https:\/\/hydrogen-ukraine.com\/de\/wp-json\/wp\/v2\/pages\/2148\/revisions\/2152"}],"wp:attachment":[{"href":"https:\/\/hydrogen-ukraine.com\/de\/wp-json\/wp\/v2\/media?parent=2148"}],"curies":[{"name":"wp","href":"https:\/\/api.w.org\/{rel}","templated":true}]}}